{"id":1189,"date":"2016-11-17T15:57:30","date_gmt":"2016-11-17T15:57:30","guid":{"rendered":"http:\/\/projetoabelha.com.br\/?page_id=1189"},"modified":"2020-04-11T17:04:06","modified_gmt":"2020-04-11T17:04:06","slug":"fraternidade","status":"publish","type":"page","link":"http:\/\/projetoabelha.com.br\/?page_id=1189","title":{"rendered":"Fraternidade"},"content":{"rendered":"<p>Significado: Fraternidade \u00e9 um termo oriundo do latim &#8220;frater&#8221; que significa &#8220;irm\u00e3o&#8221;. Por isso, Fraternidade significa Parentesco entre Irm\u00e3os.<br \/>A Fraternidade Universal designa a boa rela\u00e7\u00e3o entre os homens, em que se desenvolvem sentimentos de afetos pr\u00f3prios dos irm\u00e3os de sangue.<\/p>\n\n\n<p class=\"has-normal-font-size\"><em>Fraternidade \u00e9 o la\u00e7o de <strong>uni\u00e3o entre os homens<\/strong>, fundado no <strong>respeit<\/strong>o pela <strong>dignidade<\/strong> da pessoa humana e na <strong>igualdade de direitos<\/strong> entre todos os seres humanos.<\/em><\/p>\n\n\n\n<ul><li>Dentre todas as defini\u00e7\u00f5es, esta nos \u00e9 a mais conclusiva e \u00e9 desta forma que buscamos abordar o tema Fraternidade no Projeto Abelha.<\/li><\/ul>\n\n\n\n<p class=\"has-text-align-right\"><a href=\"http:\/\/projetoabelha.com.br\/?page_id=48\">Voltar<\/a><\/p>\n\n\n\n<p>Fonte:\u00a0<a href=\"https:\/\/www.significados.com.br\/fraternidade\/\">https:\/\/www.significados.com.br\/fraternidade\/<\/a><\/p>\n\n\n\n<div class=\"wp-block-media-text alignwide is-stacked-on-mobile\" style=\"grid-template-columns:15% auto\"><figure class=\"wp-block-media-text__media\"><img loading=\"lazy\" width=\"300\" height=\"285\" src=\"http:\/\/projetoabelha.com.br\/wp-content\/uploads\/2016\/09\/abelha_cora\u00e7\u00e3o_amarelo.png\" alt=\"\" class=\"wp-image-1790\"\/><\/figure><div class=\"wp-block-media-text__content\">\n<p class=\"has-normal-font-size\">\u00a0<a href=\"https:\/\/web.facebook.com\/projetoabelha\/\">Facebook: Projeto Abelha<\/a><br>\u00a0<a href=\"https:\/\/www.instagram.com\/projetoabelha\/\">Instagram: @projetoabelha<\/a><\/p>\n<\/div><\/div>\n","protected":false},"excerpt":{"rendered":"<p>Significado: Fraternidade \u00e9 um termo oriundo do latim &#8220;frater&#8221; que significa &#8220;irm\u00e3o&#8221;. Por isso, Fraternidade significa Parentesco entre Irm\u00e3os.A Fraternidade Universal designa a boa rela\u00e7\u00e3o entre os homens, em que se desenvolvem sentimentos de afetos pr\u00f3prios dos irm\u00e3os de sangue. Fraternidade \u00e9 o la\u00e7o de uni\u00e3o entre os homens, fundado no respeito pela dignidade da&hellip;<\/p>\n","protected":false},"author":1,"featured_media":0,"parent":0,"menu_order":0,"comment_status":"closed","ping_status":"closed","template":"","meta":[],"_links":{"self":[{"href":"http:\/\/projetoabelha.com.br\/index.php?rest_route=\/wp\/v2\/pages\/1189"}],"collection":[{"href":"http:\/\/projetoabelha.com.br\/index.php?rest_route=\/wp\/v2\/pages"}],"about":[{"href":"http:\/\/projetoabelha.com.br\/index.php?rest_route=\/wp\/v2\/types\/page"}],"author":[{"embeddable":true,"href":"http:\/\/projetoabelha.com.br\/index.php?rest_route=\/wp\/v2\/users\/1"}],"replies":[{"embeddable":true,"href":"http:\/\/projetoabelha.com.br\/index.php?rest_route=%2Fwp%2Fv2%2Fcomments&post=1189"}],"version-history":[{"count":7,"href":"http:\/\/projetoabelha.com.br\/index.php?rest_route=\/wp\/v2\/pages\/1189\/revisions"}],"predecessor-version":[{"id":4358,"href":"http:\/\/projetoabelha.com.br\/index.php?rest_route=\/wp\/v2\/pages\/1189\/revisions\/4358"}],"wp:attachment":[{"href":"http:\/\/projetoabelha.com.br\/index.php?rest_route=%2Fwp%2Fv2%2Fmedia&parent=1189"}],"curies":[{"name":"wp","href":"https:\/\/api.w.org\/{rel}","templated":true}]}}