{"id":1283,"date":"2016-11-27T02:29:56","date_gmt":"2016-11-27T02:29:56","guid":{"rendered":"http:\/\/projetoabelha.com.br\/?page_id=1283"},"modified":"2020-04-08T16:06:12","modified_gmt":"2020-04-08T16:06:12","slug":"caixa-de-presente","status":"publish","type":"page","link":"http:\/\/projetoabelha.com.br\/?page_id=1283","title":{"rendered":"Caixa de Presente"},"content":{"rendered":"\n<h3 class=\"has-text-align-center\">Caixa de Presente, D\u00e9bora Ara\u00fajo<\/h3>\n\n\n<p><script src=\"http:\/\/arquivos.weblibras.com.br\/auto\/wl-min.js\"><\/script><br>\n<script><br \/>\n   var wl = new WebLibras();<br \/>\n<\/script><\/p>\n<table>\n<tbody>\n<tr>\n<td width=\"288\">Na caixa de presente<br>\nTem desenho animado<br>\nTem her\u00f3i, tem valente<br>\nE conto assombrado<p><\/p>\n<p>Na caixa amarelinha<br>\nTem folclore popular<br>\nTem Boto, tem Fulozinha<br>\nE curupira para assustar<\/p>\n<p>Naquela cor de areia<br>\nTem o mapa do tesouro<br>\nTem aventura, tem sereia<br>\nArco-\u00edris e pote de ouro<\/p>\n<p>Na azul daquele canto<br>\nTem navio de pirata<br>\nTem mago, tem encanto<br>\nCom sangue de barata<\/p><\/td>\n<td width=\"288\">Na vermelha apertada<br>\nTem drag\u00e3o divertido<br>\nTem castelo, conto de fada<br>\nE cavaleiro destemido<p><\/p>\n<p>Na caixa pequenina<br>\nTem monstros de arrepiar<br>\nTem m\u00fasica, tem bailarina<br>\nE soldados para marchar<\/p>\n<p>Na verde bem formosa<br>\nTem poesia, tem charada<br>\nTem uma pista valiosa<br>\nPara leitura encantada<\/p>\n<p>Na caixa de presente<br>\nTem p\u00e1gina vazia<br>\nPegue o l\u00e1pis e invente<br>\nSua pr\u00f3pria fantasia<\/p><\/td>\n<\/tr>\n<tr>\n<td width=\"288\"><a href=\"http:\/\/projetoabelha.com.br\/wp-content\/uploads\/2016\/11\/Lan\u00e7amento-9.jpg\"><img loading=\"lazy\" class=\"alignleft wp-image-2072\" src=\"http:\/\/projetoabelha.com.br\/wp-content\/uploads\/2016\/11\/Lan\u00e7amento-9-300x200.jpg\" alt=\"\" width=\"222\" height=\"148\" srcset=\"http:\/\/projetoabelha.com.br\/wp-content\/uploads\/2016\/11\/Lan\u00e7amento-9-300x200.jpg 300w, http:\/\/projetoabelha.com.br\/wp-content\/uploads\/2016\/11\/Lan\u00e7amento-9-768x512.jpg 768w, http:\/\/projetoabelha.com.br\/wp-content\/uploads\/2016\/11\/Lan\u00e7amento-9-1024x682.jpg 1024w, http:\/\/projetoabelha.com.br\/wp-content\/uploads\/2016\/11\/Lan\u00e7amento-9.jpg 2000w\" sizes=\"(max-width: 222px) 100vw, 222px\" \/><\/a><\/td>\n<td width=\"288\">D\u00e9bora Ara\u00fajo, Escritora e Idealizadora do Projeto Abelha<p><\/p>\n<p><a href=\"http:\/\/projetoabelha.com.br\/?page_id=395\">Leia mais&#8230;<\/a><\/p><\/td>\n<\/tr>\n<\/tbody>\n<\/table>\n<p><iframe loading=\"lazy\" title=\"Caixa de Presente\" width=\"700\" height=\"394\" src=\"https:\/\/www.youtube.com\/embed\/DfFwJ514jpI?feature=oembed\" frameborder=\"0\" allow=\"accelerometer; autoplay; encrypted-media; gyroscope; picture-in-picture\" allowfullscreen><\/iframe><\/p>\n<h3 style=\"text-align: center;\"><span style=\"color: #34a81a;\">Sejamos Polinizadores! Sejamos Abelhas!<\/span><\/h3>\n<table>\n<tbody>\n<tr>\n<td width=\"96\"><a href=\"http:\/\/projetoabelha.com.br\/\"><img loading=\"lazy\" class=\"alignleft size-medium wp-image-566\" src=\"http:\/\/projetoabelha.com.br\/wp-content\/uploads\/2016\/10\/educacional-2-277x300.jpg\" alt=\"\" width=\"277\" height=\"300\" srcset=\"http:\/\/projetoabelha.com.br\/wp-content\/uploads\/2016\/10\/educacional-2-277x300.jpg 277w, http:\/\/projetoabelha.com.br\/wp-content\/uploads\/2016\/10\/educacional-2-768x833.jpg 768w, http:\/\/projetoabelha.com.br\/wp-content\/uploads\/2016\/10\/educacional-2-944x1024.jpg 944w, http:\/\/projetoabelha.com.br\/wp-content\/uploads\/2016\/10\/educacional-2-203x220.jpg 203w\" sizes=\"(max-width: 277px) 100vw, 277px\" \/><\/a><strong><span style=\"color: #00ccff;\">Cultura<\/span><\/strong><\/td>\n<td width=\"96\"><a href=\"http:\/\/projetoabelha.com.br\/\"><img loading=\"lazy\" class=\"alignleft size-medium wp-image-556\" src=\"http:\/\/projetoabelha.com.br\/wp-content\/uploads\/2016\/10\/BEe-Funny1-283x300.jpg\" alt=\"\" width=\"283\" height=\"300\" srcset=\"http:\/\/projetoabelha.com.br\/wp-content\/uploads\/2016\/10\/BEe-Funny1-283x300.jpg 283w, http:\/\/projetoabelha.com.br\/wp-content\/uploads\/2016\/10\/BEe-Funny1-768x814.jpg 768w, http:\/\/projetoabelha.com.br\/wp-content\/uploads\/2016\/10\/BEe-Funny1-966x1024.jpg 966w, http:\/\/projetoabelha.com.br\/wp-content\/uploads\/2016\/10\/BEe-Funny1-208x220.jpg 208w\" sizes=\"(max-width: 283px) 100vw, 283px\" \/><\/a><strong><span style=\"color: #00ccff;\">Arte<\/span><\/strong><\/td>\n<td width=\"96\"><span style=\"color: #00ccff;\"><strong>Respeito<a href=\"http:\/\/projetoabelha.com.br\/\"><img loading=\"lazy\" class=\"alignleft size-medium wp-image-555\" src=\"http:\/\/projetoabelha.com.br\/wp-content\/uploads\/2016\/10\/BEe-Polite1-300x294.jpg\" alt=\"\" width=\"300\" height=\"294\" srcset=\"http:\/\/projetoabelha.com.br\/wp-content\/uploads\/2016\/10\/BEe-Polite1-300x294.jpg 300w, http:\/\/projetoabelha.com.br\/wp-content\/uploads\/2016\/10\/BEe-Polite1-768x753.jpg 768w, http:\/\/projetoabelha.com.br\/wp-content\/uploads\/2016\/10\/BEe-Polite1-1024x1003.jpg 1024w, http:\/\/projetoabelha.com.br\/wp-content\/uploads\/2016\/10\/BEe-Polite1-225x220.jpg 225w\" sizes=\"(max-width: 300px) 100vw, 300px\" \/><\/a><\/strong><\/span><\/td>\n<td width=\"96\"><a href=\"http:\/\/projetoabelha.com.br\/\"><img loading=\"lazy\" class=\"alignleft size-medium wp-image-554\" src=\"http:\/\/projetoabelha.com.br\/wp-content\/uploads\/2016\/10\/fofa-3-272x300.jpg\" alt=\"\" width=\"272\" height=\"300\" srcset=\"http:\/\/projetoabelha.com.br\/wp-content\/uploads\/2016\/10\/fofa-3-272x300.jpg 272w, http:\/\/projetoabelha.com.br\/wp-content\/uploads\/2016\/10\/fofa-3-768x846.jpg 768w, http:\/\/projetoabelha.com.br\/wp-content\/uploads\/2016\/10\/fofa-3-929x1024.jpg 929w, http:\/\/projetoabelha.com.br\/wp-content\/uploads\/2016\/10\/fofa-3-200x220.jpg 200w\" sizes=\"(max-width: 272px) 100vw, 272px\" \/><\/a><strong><span style=\"color: #00ccff;\">Solidariedade<\/span><\/strong><\/td>\n<td width=\"96\"><a href=\"http:\/\/projetoabelha.com.br\/\"><img loading=\"lazy\" class=\"alignleft size-medium wp-image-563\" src=\"http:\/\/projetoabelha.com.br\/wp-content\/uploads\/2016\/10\/BEe-Lucky1-3-264x300.jpg\" alt=\"\" width=\"264\" height=\"300\" srcset=\"http:\/\/projetoabelha.com.br\/wp-content\/uploads\/2016\/10\/BEe-Lucky1-3-264x300.jpg 264w, http:\/\/projetoabelha.com.br\/wp-content\/uploads\/2016\/10\/BEe-Lucky1-3-768x874.jpg 768w, http:\/\/projetoabelha.com.br\/wp-content\/uploads\/2016\/10\/BEe-Lucky1-3-900x1024.jpg 900w, http:\/\/projetoabelha.com.br\/wp-content\/uploads\/2016\/10\/BEe-Lucky1-3-193x220.jpg 193w\" sizes=\"(max-width: 264px) 100vw, 264px\" \/><\/a><strong><span style=\"color: #00ccff;\">Esperan\u00e7a<\/span><\/strong><\/td>\n<td width=\"96\"><a href=\"http:\/\/projetoabelha.com.br\/\"><img loading=\"lazy\" class=\"alignleft size-medium wp-image-559\" src=\"http:\/\/projetoabelha.com.br\/wp-content\/uploads\/2016\/10\/Strong2-2-285x300.jpg\" alt=\"\" width=\"285\" height=\"300\" srcset=\"http:\/\/projetoabelha.com.br\/wp-content\/uploads\/2016\/10\/Strong2-2-285x300.jpg 285w, http:\/\/projetoabelha.com.br\/wp-content\/uploads\/2016\/10\/Strong2-2-768x807.jpg 768w, http:\/\/projetoabelha.com.br\/wp-content\/uploads\/2016\/10\/Strong2-2-974x1024.jpg 974w, http:\/\/projetoabelha.com.br\/wp-content\/uploads\/2016\/10\/Strong2-2-209x220.jpg 209w\" sizes=\"(max-width: 285px) 100vw, 285px\" \/><\/a><span style=\"color: #00ccff;\"><strong>Energia Positiva<\/strong><\/span><\/td>\n<\/tr>\n<\/tbody>\n<\/table>","protected":false},"excerpt":{"rendered":"<p>Caixa de Presente, D\u00e9bora Ara\u00fajo Na caixa de presente Tem desenho animado Tem her\u00f3i, tem valente E conto assombrado Na caixa amarelinha Tem folclore popular Tem Boto, tem Fulozinha E curupira para assustar Naquela cor de areia Tem o mapa do tesouro Tem aventura, tem sereia Arco-\u00edris e pote de ouro Na azul daquele canto&hellip;<\/p>\n","protected":false},"author":1,"featured_media":2650,"parent":1217,"menu_order":0,"comment_status":"closed","ping_status":"closed","template":"","meta":[],"_links":{"self":[{"href":"http:\/\/projetoabelha.com.br\/index.php?rest_route=\/wp\/v2\/pages\/1283"}],"collection":[{"href":"http:\/\/projetoabelha.com.br\/index.php?rest_route=\/wp\/v2\/pages"}],"about":[{"href":"http:\/\/projetoabelha.com.br\/index.php?rest_route=\/wp\/v2\/types\/page"}],"author":[{"embeddable":true,"href":"http:\/\/projetoabelha.com.br\/index.php?rest_route=\/wp\/v2\/users\/1"}],"replies":[{"embeddable":true,"href":"http:\/\/projetoabelha.com.br\/index.php?rest_route=%2Fwp%2Fv2%2Fcomments&post=1283"}],"version-history":[{"count":15,"href":"http:\/\/projetoabelha.com.br\/index.php?rest_route=\/wp\/v2\/pages\/1283\/revisions"}],"predecessor-version":[{"id":4247,"href":"http:\/\/projetoabelha.com.br\/index.php?rest_route=\/wp\/v2\/pages\/1283\/revisions\/4247"}],"up":[{"embeddable":true,"href":"http:\/\/projetoabelha.com.br\/index.php?rest_route=\/wp\/v2\/pages\/1217"}],"wp:featuredmedia":[{"embeddable":true,"href":"http:\/\/projetoabelha.com.br\/index.php?rest_route=\/wp\/v2\/media\/2650"}],"wp:attachment":[{"href":"http:\/\/projetoabelha.com.br\/index.php?rest_route=%2Fwp%2Fv2%2Fmedia&parent=1283"}],"curies":[{"name":"wp","href":"https:\/\/api.w.org\/{rel}","templated":true}]}}