{"id":1325,"date":"2016-11-30T13:10:54","date_gmt":"2016-11-30T13:10:54","guid":{"rendered":"http:\/\/projetoabelha.com.br\/?page_id=1325"},"modified":"2016-12-06T23:55:01","modified_gmt":"2016-12-06T23:55:01","slug":"o-perdao-de-elisabete","status":"publish","type":"page","link":"http:\/\/projetoabelha.com.br\/?page_id=1325","title":{"rendered":"O Perd\u00e3o de Elisabete"},"content":{"rendered":"<p style=\"background: white; margin: 6pt 0cm; text-align: justify;\"><span style=\"font-size: 10.5pt; font-family: Arial, sans-serif; color: #333333;\"><span style=\"color: #003366;\"><br \/>\n<a href=\"http:\/\/projetoabelha.com.br\/?page_id=48\"><img loading=\"lazy\" class=\"alignleft wp-image-554\" src=\"http:\/\/projetoabelha.com.br\/wp-content\/uploads\/2016\/10\/fofa-3-272x300.jpg\" alt=\"fofa\" width=\"143\" height=\"157\" srcset=\"http:\/\/projetoabelha.com.br\/wp-content\/uploads\/2016\/10\/fofa-3-272x300.jpg 272w, http:\/\/projetoabelha.com.br\/wp-content\/uploads\/2016\/10\/fofa-3-768x846.jpg 768w, http:\/\/projetoabelha.com.br\/wp-content\/uploads\/2016\/10\/fofa-3-929x1024.jpg 929w, http:\/\/projetoabelha.com.br\/wp-content\/uploads\/2016\/10\/fofa-3-200x220.jpg 200w\" sizes=\"(max-width: 143px) 100vw, 143px\" \/><\/a>O<span class=\"apple-converted-space\">\u00a0<\/span><b>perd\u00e3o<\/b><span class=\"apple-converted-space\">\u00a0<\/span>\u00e9 o processo de eliminar o ressentimento contra outra pessoa ou contra si mesmo, provindo\u00a0de ofensa, diferen\u00e7as, erros ou fracassos, e eliminar\u00a0a exig\u00eancia de castigo ou restitui\u00e7\u00e3o.<\/span><\/span><\/p>\n<p style=\"text-align: justify;\"><span style=\"font-size: 10.5pt; font-family: Arial, sans-serif; color: #003366;\">\u00c9 concedido sem esperar compensa\u00e7\u00e3o ou reclamar reconhecimento, e pode ocorrer sem que o perdoado tome conhecimento.\u00a0<\/span><span style=\"color: #003366;\"><span style=\"font-size: 10.5pt; font-family: Arial, sans-serif;\">O perd\u00e3o <\/span><span style=\"font-size: 10.5pt; font-family: Arial, sans-serif;\">\u00e9 sincero, generoso e n\u00e3o fere o amor pr\u00f3prio do ofensor. N\u00e3o imp\u00f5e condi\u00e7\u00f5es humilhantes, tampouco \u00e9 motivado por orgulho ou ostenta\u00e7\u00e3o.<\/span><\/span><\/p>\n<blockquote><p><a href=\"http:\/\/projetoabelha.com.br\/?page_id=48\"><img loading=\"lazy\" class=\"alignright wp-image-1329\" src=\"http:\/\/projetoabelha.com.br\/wp-content\/uploads\/2016\/11\/crian\u00e7as_1-300x294.jpg\" alt=\"criancas_1\" width=\"215\" height=\"210\" srcset=\"http:\/\/projetoabelha.com.br\/wp-content\/uploads\/2016\/11\/crian\u00e7as_1-300x294.jpg 300w, http:\/\/projetoabelha.com.br\/wp-content\/uploads\/2016\/11\/crian\u00e7as_1-768x753.jpg 768w, http:\/\/projetoabelha.com.br\/wp-content\/uploads\/2016\/11\/crian\u00e7as_1-1024x1003.jpg 1024w, http:\/\/projetoabelha.com.br\/wp-content\/uploads\/2016\/11\/crian\u00e7as_1-225x220.jpg 225w, http:\/\/projetoabelha.com.br\/wp-content\/uploads\/2016\/11\/crian\u00e7as_1.jpg 1992w\" sizes=\"(max-width: 215px) 100vw, 215px\" \/><\/a><\/p>\n<p style=\"background: white; margin: 6pt 0cm; text-align: justify;\"><strong><em><span style=\"color: #ff6600;\">Conhe\u00e7a o texto do Projeto Abelha para exemplificar:<\/span><\/em><\/strong><\/p>\n<p style=\"text-align: justify;\"><em>Certa vez, Elisabete chegou da escola muito zangada. A m\u00e3e preocupada, perguntou do que se tratava e a menina respondeu que brigou com Rafael, seu melhor amigo. Os dias se passaram e sempre que a m\u00e3e perguntava Elisabete respondia que ainda n\u00e3o tinha feito as pazes.<\/em><\/p>\n<p style=\"text-align: justify;\"><span style=\"font-style: inherit; font-weight: inherit;\"><em>Por\u00e9m, de zangada a menina passou a ficar triste, pois o amigo era muito querido. A m\u00e3e voltou a perguntar e a garota disse-lhe que o amigo a procurou pedindo perd\u00e3o, mas que n\u00e3o o tinha perdoado pois n\u00e3o sabia como fazer.<\/em><\/span><\/p>\n<p style=\"text-align: justify;\"><span style=\"font-style: inherit; font-weight: inherit;\"><em>A m\u00e3e pediu que a menina procurasse uma pedra e a colocasse junto a seu corpo, depois caminhasse por algumas horas com aquela pedra.<\/em><\/span><\/p>\n<p style=\"text-align: justify;\"><em>No final do dia a menina queixou-se de dor no local onde estava a pedra.<\/em><\/p>\n<p style=\"text-align: justify;\"><span style=\"font-style: inherit; font-weight: inherit;\"><em>A m\u00e3e a levou at\u00e9 o quintal no fundo da casa e lhe deu uma p\u00e1, mandou-a cavar um buraco e enterrar a pedra dentro dele.<\/em><\/span><\/p>\n<p><span style=\"font-style: inherit; font-weight: inherit;\"><em>Ap\u00f3s enterrada, a m\u00e3e lhe perguntou como se sentia e Elisabete respondeu que a dor havia passado.<\/em><\/span><\/p>\n<p style=\"text-align: justify;\"><span style=\"font-style: inherit; font-weight: inherit;\"><em>Ent\u00e3o, a m\u00e3e lhe explicou que o mesmo ocorreria com o perd\u00e3o. Ela deveria enterrar a m\u00e1goa assim como fez com a pedra e da mesma forma a dor iria embora.<\/em><\/span><\/p>\n<p style=\"text-align: justify;\"><span style=\"font-style: inherit; font-weight: inherit;\"><em>Em seguida colocou uma flor na m\u00e3o da filha: \u201cVoc\u00ea acha que ser\u00e1 mais confort\u00e1vel carregar a flor no lugar da pedra? \u201d Prontamente Elisabete respondeu: \u201cSim Mam\u00e3e, al\u00e9m de que \u00e9 muito mais bonita! \u201d<\/em><\/span><\/p>\n<p style=\"text-align: justify;\"><em>Assim Elisabete foi ao amigo, levando a boa not\u00edcia de que o havia perdoado, como uma flor a embelezar quem a carrega e alegrar quem a recebe.<\/em><\/p>\n<p style=\"text-align: right;\"><span style=\"color: #333333;\"><strong><em><a style=\"color: #333333;\" href=\"http:\/\/projetoabelha.com.br\/?page_id=48\">O Perd\u00e3o\u00a0de Elisabete<\/a> &#8211; <a style=\"color: #333333;\" href=\"http:\/\/projetoabelha.com.br\/?page_id=395\">D\u00e9bora Ara\u00fajo<\/a><\/em><\/strong><\/span><\/p>\n<p style=\"background: white; margin: 6pt 0cm; text-align: right;\"><span style=\"color: #808080;\"><a style=\"color: #808080;\" href=\"http:\/\/projetoabelha.com.br\/?page_id=48\">Voltar<\/a><\/span><\/p>\n<\/blockquote>\n","protected":false},"excerpt":{"rendered":"<p>O\u00a0perd\u00e3o\u00a0\u00e9 o processo de eliminar o ressentimento contra outra pessoa ou contra si mesmo, provindo\u00a0de ofensa, diferen\u00e7as, erros ou fracassos, e eliminar\u00a0a exig\u00eancia de castigo ou restitui\u00e7\u00e3o. \u00c9 concedido sem esperar compensa\u00e7\u00e3o ou reclamar reconhecimento, e pode ocorrer sem que o perdoado tome conhecimento.\u00a0O perd\u00e3o \u00e9 sincero, generoso e n\u00e3o fere o amor pr\u00f3prio do&hellip;<\/p>\n","protected":false},"author":1,"featured_media":0,"parent":0,"menu_order":0,"comment_status":"closed","ping_status":"closed","template":"","meta":[],"_links":{"self":[{"href":"http:\/\/projetoabelha.com.br\/index.php?rest_route=\/wp\/v2\/pages\/1325"}],"collection":[{"href":"http:\/\/projetoabelha.com.br\/index.php?rest_route=\/wp\/v2\/pages"}],"about":[{"href":"http:\/\/projetoabelha.com.br\/index.php?rest_route=\/wp\/v2\/types\/page"}],"author":[{"embeddable":true,"href":"http:\/\/projetoabelha.com.br\/index.php?rest_route=\/wp\/v2\/users\/1"}],"replies":[{"embeddable":true,"href":"http:\/\/projetoabelha.com.br\/index.php?rest_route=%2Fwp%2Fv2%2Fcomments&post=1325"}],"version-history":[{"count":22,"href":"http:\/\/projetoabelha.com.br\/index.php?rest_route=\/wp\/v2\/pages\/1325\/revisions"}],"predecessor-version":[{"id":1340,"href":"http:\/\/projetoabelha.com.br\/index.php?rest_route=\/wp\/v2\/pages\/1325\/revisions\/1340"}],"wp:attachment":[{"href":"http:\/\/projetoabelha.com.br\/index.php?rest_route=%2Fwp%2Fv2%2Fmedia&parent=1325"}],"curies":[{"name":"wp","href":"https:\/\/api.w.org\/{rel}","templated":true}]}}