{"id":2062,"date":"2017-01-26T11:04:23","date_gmt":"2017-01-26T11:04:23","guid":{"rendered":"http:\/\/projetoabelha.com.br\/?page_id=2062"},"modified":"2017-01-26T18:29:17","modified_gmt":"2017-01-26T18:29:17","slug":"vinicius-de-moraes","status":"publish","type":"page","link":"http:\/\/projetoabelha.com.br\/?page_id=2062","title":{"rendered":"As Abelhas"},"content":{"rendered":"<table>\n<tbody>\n<tr>\n<td width=\"288\">A abelha-mestra<br \/>\nE as abelhinhas<br \/>\nEst\u00e3o todas prontinhas<br \/>\nPara ir para a festaNum zune-que-zune<br \/>\nL\u00e1 v\u00e3o pro jardim<br \/>\nBrincar com a cravina<br \/>\nValsar com o jasmim<\/p>\n<p>Da rosa pro cravo<br \/>\nDo cravo pra rosa<br \/>\nDa rosa pro favo<br \/>\nE de volta pra rosa<\/p>\n<p>Venham ver como d\u00e3o mel<br \/>\nAs abelhas do c\u00e9u<br \/>\nVenham ver como d\u00e3o mel<br \/>\nAs abelhas do c\u00e9u<\/td>\n<td width=\"288\">A abelha-rainha<br \/>\nEst\u00e1 sempre cansada<br \/>\nEngorda a pancinha<br \/>\nE n\u00e3o faz mais nadaNum zune-que-zune<br \/>\nL\u00e1 v\u00e3o pro jardim<br \/>\nBrincar com a cravina<br \/>\nValsar com o jasmin<\/p>\n<p>Da rosa pro cravo<br \/>\nDo cravo pra rosa<br \/>\nDa rosa pro favo<br \/>\nE de volta pra rosa<\/p>\n<p>Venham ver como d\u00e3o mel<br \/>\nAs abelhas do c\u00e9u<br \/>\nVenham ver como d\u00e3o mel<br \/>\nAs abelhas do c\u00e9u<\/td>\n<\/tr>\n<tr>\n<td width=\"288\"><a href=\"http:\/\/projetoabelha.com.br\/wp-content\/uploads\/2017\/01\/vinicius4.jpg\"><img loading=\"lazy\" class=\"wp-image-2068 aligncenter\" src=\"http:\/\/projetoabelha.com.br\/wp-content\/uploads\/2017\/01\/vinicius4-300x194.jpg\" alt=\"\" width=\"228\" height=\"148\" srcset=\"http:\/\/projetoabelha.com.br\/wp-content\/uploads\/2017\/01\/vinicius4-300x194.jpg 300w, http:\/\/projetoabelha.com.br\/wp-content\/uploads\/2017\/01\/vinicius4.jpg 620w\" sizes=\"(max-width: 228px) 100vw, 228px\" \/><\/a><\/td>\n<td width=\"288\">Vinicius de Moraes (1913-1980) foi um poeta, compositor, dramaturgo, jornalista, roteirista e diplomata brasileiro.<\/p>\n<p><a href=\"http:\/\/www.viniciusdemoraes.com.br\/\" target=\"_blank\">Leia mais&#8230;<\/a><\/td>\n<\/tr>\n<\/tbody>\n<\/table>\n<p><iframe loading=\"lazy\" width=\"700\" height=\"525\" src=\"https:\/\/www.youtube.com\/embed\/S9KjrpLJtzU?feature=oembed\" frameborder=\"0\" allowfullscreen><\/iframe><\/p>\n","protected":false},"excerpt":{"rendered":"<p>A abelha-mestra E as abelhinhas Est\u00e3o todas prontinhas Para ir para a festaNum zune-que-zune L\u00e1 v\u00e3o pro jardim Brincar com a cravina Valsar com o jasmim Da rosa pro cravo Do cravo pra rosa Da rosa pro favo E de volta pra rosa Venham ver como d\u00e3o mel As abelhas do c\u00e9u Venham ver como&hellip;<\/p>\n","protected":false},"author":1,"featured_media":0,"parent":1217,"menu_order":0,"comment_status":"closed","ping_status":"closed","template":"","meta":[],"_links":{"self":[{"href":"http:\/\/projetoabelha.com.br\/index.php?rest_route=\/wp\/v2\/pages\/2062"}],"collection":[{"href":"http:\/\/projetoabelha.com.br\/index.php?rest_route=\/wp\/v2\/pages"}],"about":[{"href":"http:\/\/projetoabelha.com.br\/index.php?rest_route=\/wp\/v2\/types\/page"}],"author":[{"embeddable":true,"href":"http:\/\/projetoabelha.com.br\/index.php?rest_route=\/wp\/v2\/users\/1"}],"replies":[{"embeddable":true,"href":"http:\/\/projetoabelha.com.br\/index.php?rest_route=%2Fwp%2Fv2%2Fcomments&post=2062"}],"version-history":[{"count":9,"href":"http:\/\/projetoabelha.com.br\/index.php?rest_route=\/wp\/v2\/pages\/2062\/revisions"}],"predecessor-version":[{"id":2149,"href":"http:\/\/projetoabelha.com.br\/index.php?rest_route=\/wp\/v2\/pages\/2062\/revisions\/2149"}],"up":[{"embeddable":true,"href":"http:\/\/projetoabelha.com.br\/index.php?rest_route=\/wp\/v2\/pages\/1217"}],"wp:attachment":[{"href":"http:\/\/projetoabelha.com.br\/index.php?rest_route=%2Fwp%2Fv2%2Fmedia&parent=2062"}],"curies":[{"name":"wp","href":"https:\/\/api.w.org\/{rel}","templated":true}]}}