{"id":2185,"date":"2017-01-27T16:19:27","date_gmt":"2017-01-27T16:19:27","guid":{"rendered":"http:\/\/projetoabelha.com.br\/?page_id=2185"},"modified":"2017-06-14T14:44:42","modified_gmt":"2017-06-14T14:44:42","slug":"saude-saude-saude","status":"publish","type":"page","link":"http:\/\/projetoabelha.com.br\/?page_id=2185","title":{"rendered":"Sa\u00fade Sa\u00fade Sa\u00fade!"},"content":{"rendered":"<p><script src=\"http:\/\/arquivos.weblibras.com.br\/auto\/wl-min.js\"><\/script><br \/>\n<script>\n   var wl = new WebLibras();\n<\/script><br \/>\n<figure id=\"attachment_2192\" aria-describedby=\"caption-attachment-2192\" style=\"width: 435px\" class=\"wp-caption aligncenter\"><a href=\"http:\/\/projetoabelha.com.br\/?page_id=1217\"><img loading=\"lazy\" class=\"wp-image-2192 \" src=\"http:\/\/projetoabelha.com.br\/wp-content\/uploads\/2017\/01\/SaudeSaudeSaude-300x298.png\" width=\"435\" height=\"432\" srcset=\"http:\/\/projetoabelha.com.br\/wp-content\/uploads\/2017\/01\/SaudeSaudeSaude-300x298.png 300w, http:\/\/projetoabelha.com.br\/wp-content\/uploads\/2017\/01\/SaudeSaudeSaude-150x150.png 150w, http:\/\/projetoabelha.com.br\/wp-content\/uploads\/2017\/01\/SaudeSaudeSaude.png 724w\" sizes=\"(max-width: 435px) 100vw, 435px\" \/><\/a><figcaption id=\"caption-attachment-2192\" class=\"wp-caption-text\"><a href=\"http:\/\/projetoabelha.com.br\/?page_id=1217\">Poemas &#8211; Projeto Abelha<\/a><\/figcaption><\/figure><\/p>\n<table style=\"height: 880px;\" width=\"409\">\n<tbody>\n<tr>\n<td width=\"576\">\n<p style=\"text-align: center;\">Quando um diz que tem<br \/>\nO outro diz \u201cAm\u00e9m\u201d<br \/>\nQuando um diz que vai<br \/>\nO outro diz\u00a0\u201cNosso pai\u201d<\/p>\n<p style=\"text-align: center;\">Eu que sou inteligente<br \/>\nN\u00e3o entendo essa gente<br \/>\nDia quente e noite fria<br \/>\n\u00c9 a mesma cantoria<\/p>\n<p style=\"text-align: center;\">A vi\u00fava, o peixeiro<br \/>\nO padeiro e o marinheiro<br \/>\nNa igreja o fiel<br \/>\nSuplica aos anjos do c\u00e9u<\/p>\n<p style=\"text-align: center;\">A verdade que se diz<br \/>\n\u00c9 que o pobre infeliz<br \/>\nDesfez da casa e da tia<br \/>\nE n\u00e3o achou quem a vendia<\/p>\n<p style=\"text-align: center;\">Mais estranho assim<br \/>\n\u00c9 o espirro que sai de mim<br \/>\nE todos falam sem fim<br \/>\n<strong>Sa\u00fade Sa\u00fade Sa\u00fade<\/strong><\/p>\n<\/td>\n<\/tr>\n<tr>\n<td width=\"576\">\n<p style=\"text-align: center;\">D\u00e9bora Ara\u00fajo, Escritora e Idealizadora do<br \/>\nProjeto Abelha<\/p>\n<\/td>\n<\/tr>\n<tr>\n<td width=\"576\">\n<p><figure id=\"attachment_2072\" aria-describedby=\"caption-attachment-2072\" style=\"width: 300px\" class=\"wp-caption aligncenter\"><a href=\"http:\/\/projetoabelha.com.br\/?page_id=395\"><img loading=\"lazy\" class=\"wp-image-2072 size-medium\" src=\"http:\/\/projetoabelha.com.br\/wp-content\/uploads\/2016\/11\/Lan\u00e7amento-9-300x200.jpg\" width=\"300\" height=\"200\" srcset=\"http:\/\/projetoabelha.com.br\/wp-content\/uploads\/2016\/11\/Lan\u00e7amento-9-300x200.jpg 300w, http:\/\/projetoabelha.com.br\/wp-content\/uploads\/2016\/11\/Lan\u00e7amento-9-768x512.jpg 768w, http:\/\/projetoabelha.com.br\/wp-content\/uploads\/2016\/11\/Lan\u00e7amento-9-1024x682.jpg 1024w, http:\/\/projetoabelha.com.br\/wp-content\/uploads\/2016\/11\/Lan\u00e7amento-9.jpg 2000w\" sizes=\"(max-width: 300px) 100vw, 300px\" \/><\/a><figcaption id=\"caption-attachment-2072\" class=\"wp-caption-text\"><a href=\"http:\/\/projetoabelha.com.br\/?page_id=395\">Leia mais\u2026<\/a><\/figcaption><\/figure><\/td>\n<\/tr>\n<\/tbody>\n<\/table>\n<h3 style=\"text-align: center;\"><span style=\"color: #34a81a;\">Sejamos Polinizadores! Sejamos Abelhas!<\/span><\/h3>\n<table>\n<tbody>\n<tr>\n<td width=\"96\"><a href=\"http:\/\/projetoabelha.com.br\/wp-content\/uploads\/2016\/10\/educacional-2.jpg\"><img loading=\"lazy\" class=\"alignleft size-medium wp-image-566\" src=\"http:\/\/projetoabelha.com.br\/wp-content\/uploads\/2016\/10\/educacional-2-277x300.jpg\" alt=\"\" width=\"277\" height=\"300\" srcset=\"http:\/\/projetoabelha.com.br\/wp-content\/uploads\/2016\/10\/educacional-2-277x300.jpg 277w, http:\/\/projetoabelha.com.br\/wp-content\/uploads\/2016\/10\/educacional-2-768x833.jpg 768w, http:\/\/projetoabelha.com.br\/wp-content\/uploads\/2016\/10\/educacional-2-944x1024.jpg 944w, http:\/\/projetoabelha.com.br\/wp-content\/uploads\/2016\/10\/educacional-2-203x220.jpg 203w\" sizes=\"(max-width: 277px) 100vw, 277px\" \/><\/a><strong><span style=\"color: #00ccff;\">Cultura<\/span><\/strong><\/td>\n<td width=\"96\"><a href=\"http:\/\/projetoabelha.com.br\/wp-content\/uploads\/2016\/10\/BEe-Funny1.jpg\"><img loading=\"lazy\" class=\"alignleft size-medium wp-image-556\" src=\"http:\/\/projetoabelha.com.br\/wp-content\/uploads\/2016\/10\/BEe-Funny1-283x300.jpg\" alt=\"\" width=\"283\" height=\"300\" srcset=\"http:\/\/projetoabelha.com.br\/wp-content\/uploads\/2016\/10\/BEe-Funny1-283x300.jpg 283w, http:\/\/projetoabelha.com.br\/wp-content\/uploads\/2016\/10\/BEe-Funny1-768x814.jpg 768w, http:\/\/projetoabelha.com.br\/wp-content\/uploads\/2016\/10\/BEe-Funny1-966x1024.jpg 966w, http:\/\/projetoabelha.com.br\/wp-content\/uploads\/2016\/10\/BEe-Funny1-208x220.jpg 208w\" sizes=\"(max-width: 283px) 100vw, 283px\" \/><\/a><strong><span style=\"color: #00ccff;\">Arte<\/span><\/strong><\/td>\n<td width=\"96\"><span style=\"color: #00ccff;\"><strong>Respeito<a href=\"http:\/\/projetoabelha.com.br\/wp-content\/uploads\/2016\/10\/BEe-Polite1.jpg\"><img loading=\"lazy\" class=\"alignleft size-medium wp-image-555\" src=\"http:\/\/projetoabelha.com.br\/wp-content\/uploads\/2016\/10\/BEe-Polite1-300x294.jpg\" alt=\"\" width=\"300\" height=\"294\" srcset=\"http:\/\/projetoabelha.com.br\/wp-content\/uploads\/2016\/10\/BEe-Polite1-300x294.jpg 300w, http:\/\/projetoabelha.com.br\/wp-content\/uploads\/2016\/10\/BEe-Polite1-768x753.jpg 768w, http:\/\/projetoabelha.com.br\/wp-content\/uploads\/2016\/10\/BEe-Polite1-1024x1003.jpg 1024w, http:\/\/projetoabelha.com.br\/wp-content\/uploads\/2016\/10\/BEe-Polite1-225x220.jpg 225w\" sizes=\"(max-width: 300px) 100vw, 300px\" \/><\/a><\/strong><\/span><\/td>\n<td width=\"96\"><a href=\"http:\/\/projetoabelha.com.br\/wp-content\/uploads\/2016\/10\/fofa-3.jpg\"><img loading=\"lazy\" class=\"alignleft size-medium wp-image-554\" src=\"http:\/\/projetoabelha.com.br\/wp-content\/uploads\/2016\/10\/fofa-3-272x300.jpg\" alt=\"\" width=\"272\" height=\"300\" srcset=\"http:\/\/projetoabelha.com.br\/wp-content\/uploads\/2016\/10\/fofa-3-272x300.jpg 272w, http:\/\/projetoabelha.com.br\/wp-content\/uploads\/2016\/10\/fofa-3-768x846.jpg 768w, http:\/\/projetoabelha.com.br\/wp-content\/uploads\/2016\/10\/fofa-3-929x1024.jpg 929w, http:\/\/projetoabelha.com.br\/wp-content\/uploads\/2016\/10\/fofa-3-200x220.jpg 200w\" sizes=\"(max-width: 272px) 100vw, 272px\" \/><\/a><strong><span style=\"color: #00ccff;\">Solidariedade<\/span><\/strong><\/td>\n<td width=\"96\"><a href=\"http:\/\/projetoabelha.com.br\/wp-content\/uploads\/2016\/10\/BEe-Lucky1-3.jpg\"><img loading=\"lazy\" class=\"alignleft size-medium wp-image-563\" src=\"http:\/\/projetoabelha.com.br\/wp-content\/uploads\/2016\/10\/BEe-Lucky1-3-264x300.jpg\" alt=\"\" width=\"264\" height=\"300\" srcset=\"http:\/\/projetoabelha.com.br\/wp-content\/uploads\/2016\/10\/BEe-Lucky1-3-264x300.jpg 264w, http:\/\/projetoabelha.com.br\/wp-content\/uploads\/2016\/10\/BEe-Lucky1-3-768x874.jpg 768w, http:\/\/projetoabelha.com.br\/wp-content\/uploads\/2016\/10\/BEe-Lucky1-3-900x1024.jpg 900w, http:\/\/projetoabelha.com.br\/wp-content\/uploads\/2016\/10\/BEe-Lucky1-3-193x220.jpg 193w\" sizes=\"(max-width: 264px) 100vw, 264px\" \/><\/a><strong><span style=\"color: #00ccff;\">Esperan\u00e7a<\/span><\/strong><\/td>\n<td width=\"96\"><a href=\"http:\/\/projetoabelha.com.br\/wp-content\/uploads\/2016\/10\/Strong2-2.jpg\"><img loading=\"lazy\" class=\"alignleft size-medium wp-image-559\" src=\"http:\/\/projetoabelha.com.br\/wp-content\/uploads\/2016\/10\/Strong2-2-285x300.jpg\" alt=\"\" width=\"285\" height=\"300\" srcset=\"http:\/\/projetoabelha.com.br\/wp-content\/uploads\/2016\/10\/Strong2-2-285x300.jpg 285w, http:\/\/projetoabelha.com.br\/wp-content\/uploads\/2016\/10\/Strong2-2-768x807.jpg 768w, http:\/\/projetoabelha.com.br\/wp-content\/uploads\/2016\/10\/Strong2-2-974x1024.jpg 974w, http:\/\/projetoabelha.com.br\/wp-content\/uploads\/2016\/10\/Strong2-2-209x220.jpg 209w\" sizes=\"(max-width: 285px) 100vw, 285px\" \/><\/a><span style=\"color: #00ccff;\"><strong>Energia Positiva<\/strong><\/span><\/td>\n<\/tr>\n<\/tbody>\n<\/table>\n<p>&nbsp;<\/p>\n","protected":false},"excerpt":{"rendered":"<p>Quando um diz que tem O outro diz \u201cAm\u00e9m\u201d Quando um diz que vai O outro diz\u00a0\u201cNosso pai\u201d Eu que sou inteligente N\u00e3o entendo essa gente Dia quente e noite fria \u00c9 a mesma cantoria A vi\u00fava, o peixeiro O padeiro e o marinheiro Na igreja o fiel Suplica aos anjos do c\u00e9u A verdade&hellip;<\/p>\n","protected":false},"author":1,"featured_media":2192,"parent":1217,"menu_order":0,"comment_status":"closed","ping_status":"closed","template":"","meta":[],"_links":{"self":[{"href":"http:\/\/projetoabelha.com.br\/index.php?rest_route=\/wp\/v2\/pages\/2185"}],"collection":[{"href":"http:\/\/projetoabelha.com.br\/index.php?rest_route=\/wp\/v2\/pages"}],"about":[{"href":"http:\/\/projetoabelha.com.br\/index.php?rest_route=\/wp\/v2\/types\/page"}],"author":[{"embeddable":true,"href":"http:\/\/projetoabelha.com.br\/index.php?rest_route=\/wp\/v2\/users\/1"}],"replies":[{"embeddable":true,"href":"http:\/\/projetoabelha.com.br\/index.php?rest_route=%2Fwp%2Fv2%2Fcomments&post=2185"}],"version-history":[{"count":18,"href":"http:\/\/projetoabelha.com.br\/index.php?rest_route=\/wp\/v2\/pages\/2185\/revisions"}],"predecessor-version":[{"id":3477,"href":"http:\/\/projetoabelha.com.br\/index.php?rest_route=\/wp\/v2\/pages\/2185\/revisions\/3477"}],"up":[{"embeddable":true,"href":"http:\/\/projetoabelha.com.br\/index.php?rest_route=\/wp\/v2\/pages\/1217"}],"wp:featuredmedia":[{"embeddable":true,"href":"http:\/\/projetoabelha.com.br\/index.php?rest_route=\/wp\/v2\/media\/2192"}],"wp:attachment":[{"href":"http:\/\/projetoabelha.com.br\/index.php?rest_route=%2Fwp%2Fv2%2Fmedia&parent=2185"}],"curies":[{"name":"wp","href":"https:\/\/api.w.org\/{rel}","templated":true}]}}