{"id":2903,"date":"2017-04-20T20:49:25","date_gmt":"2017-04-20T20:49:25","guid":{"rendered":"http:\/\/projetoabelha.com.br\/?page_id=2903"},"modified":"2020-04-14T17:42:02","modified_gmt":"2020-04-14T17:42:02","slug":"apresentacao-nye-ribeiro","status":"publish","type":"page","link":"http:\/\/projetoabelha.com.br\/?page_id=2903","title":{"rendered":"Nye Ribeiro, biografia"},"content":{"rendered":"<p><span style=\"color: #34a81a;\">As hist\u00f3rias s\u00e3o jardins secretos, onde podemos brincar e sonhar, transformando pedras em brilhantes, nuvens em&nbsp;brinquedos, bruxas em fadas. Re\u00fanem a raz\u00e3o, a emo\u00e7\u00e3o, o l\u00fadico, a fantasia,e nos fornecem um mapa para o encontro com o Ser Essencial: nosso grande potencial criativo. Nye Ribeiro<\/span><\/p>\n<a href=\"http:\/\/projetoabelha.com.br\/wp-content\/uploads\/2017\/04\/CD-Nye-04.04.2011-1.pdf\" class=\"pdfemb-viewer\" style=\"\" data-width=\"max\" data-height=\"max\"  data-toolbar=\"bottom\" data-toolbar-fixed=\"off\">CD Nye 04.04.2011 (1)<br\/><\/a>\n","protected":false},"excerpt":{"rendered":"<p>As hist\u00f3rias s\u00e3o jardins secretos, onde podemos brincar e sonhar, transformando pedras em brilhantes, nuvens em&nbsp;brinquedos, bruxas em fadas. Re\u00fanem a raz\u00e3o, a emo\u00e7\u00e3o, o l\u00fadico, a fantasia,e nos fornecem um mapa para o encontro com o Ser Essencial: nosso grande potencial criativo. Nye Ribeiro<\/p>\n","protected":false},"author":1,"featured_media":0,"parent":0,"menu_order":0,"comment_status":"closed","ping_status":"closed","template":"","meta":[],"_links":{"self":[{"href":"http:\/\/projetoabelha.com.br\/index.php?rest_route=\/wp\/v2\/pages\/2903"}],"collection":[{"href":"http:\/\/projetoabelha.com.br\/index.php?rest_route=\/wp\/v2\/pages"}],"about":[{"href":"http:\/\/projetoabelha.com.br\/index.php?rest_route=\/wp\/v2\/types\/page"}],"author":[{"embeddable":true,"href":"http:\/\/projetoabelha.com.br\/index.php?rest_route=\/wp\/v2\/users\/1"}],"replies":[{"embeddable":true,"href":"http:\/\/projetoabelha.com.br\/index.php?rest_route=%2Fwp%2Fv2%2Fcomments&post=2903"}],"version-history":[{"count":2,"href":"http:\/\/projetoabelha.com.br\/index.php?rest_route=\/wp\/v2\/pages\/2903\/revisions"}],"predecessor-version":[{"id":4377,"href":"http:\/\/projetoabelha.com.br\/index.php?rest_route=\/wp\/v2\/pages\/2903\/revisions\/4377"}],"wp:attachment":[{"href":"http:\/\/projetoabelha.com.br\/index.php?rest_route=%2Fwp%2Fv2%2Fmedia&parent=2903"}],"curies":[{"name":"wp","href":"https:\/\/api.w.org\/{rel}","templated":true}]}}