{"id":2934,"date":"2017-05-16T19:38:16","date_gmt":"2017-05-16T19:38:16","guid":{"rendered":"http:\/\/projetoabelha.com.br\/?page_id=2934"},"modified":"2017-05-16T19:38:16","modified_gmt":"2017-05-16T19:38:16","slug":"familia","status":"publish","type":"page","link":"http:\/\/projetoabelha.com.br\/?page_id=2934","title":{"rendered":"Fam\u00edlia"},"content":{"rendered":"<p><a href=\"http:\/\/projetoabelha.com.br\/wp-content\/uploads\/2017\/05\/Familia.png\"><img loading=\"lazy\" class=\"alignleft size-medium wp-image-3077\" src=\"http:\/\/projetoabelha.com.br\/wp-content\/uploads\/2017\/05\/Familia-300x288.png\" alt=\"\" width=\"300\" height=\"288\" srcset=\"http:\/\/projetoabelha.com.br\/wp-content\/uploads\/2017\/05\/Familia-300x288.png 300w, http:\/\/projetoabelha.com.br\/wp-content\/uploads\/2017\/05\/Familia.png 750w\" sizes=\"(max-width: 300px) 100vw, 300px\" \/><\/a>A fam\u00edlia \u00e9 um grupo social formado por pessoas que tem la\u00e7os de sangue ou de afetividade. Do ponto de vista hist\u00f3rico e sociol\u00f3gico, a fam\u00edlia \u00e9 o n\u00facleo elementar da sociedade, pois foi a partir dela que a sociedade ganhou corpo ao longo da hist\u00f3ria humana.<\/p>\n<p>\u00c9 o primeiro contato social dos pequenos, onde aprendem a conviver com outras pessoas, a respeitar os pr\u00f3ximos e desenvolver sentimentos como: carinho, amor, prote\u00e7\u00e3o, dentre outros.<\/p>\n<p>Por ser assim, a fam\u00edlia, independente dos la\u00e7os que a formaram e qual o seu modelo, representa de uma forma geral o porto seguro, o acalanto, a base moral e \u00e9tica para todos os indiv\u00edduos.<\/p>\n","protected":false},"excerpt":{"rendered":"<p>A fam\u00edlia \u00e9 um grupo social formado por pessoas que tem la\u00e7os de sangue ou de afetividade. Do ponto de vista hist\u00f3rico e sociol\u00f3gico, a fam\u00edlia \u00e9 o n\u00facleo elementar da sociedade, pois foi a partir dela que a sociedade ganhou corpo ao longo da hist\u00f3ria humana. \u00c9 o primeiro contato social dos pequenos, onde&hellip;<\/p>\n","protected":false},"author":1,"featured_media":0,"parent":0,"menu_order":0,"comment_status":"closed","ping_status":"closed","template":"","meta":[],"_links":{"self":[{"href":"http:\/\/projetoabelha.com.br\/index.php?rest_route=\/wp\/v2\/pages\/2934"}],"collection":[{"href":"http:\/\/projetoabelha.com.br\/index.php?rest_route=\/wp\/v2\/pages"}],"about":[{"href":"http:\/\/projetoabelha.com.br\/index.php?rest_route=\/wp\/v2\/types\/page"}],"author":[{"embeddable":true,"href":"http:\/\/projetoabelha.com.br\/index.php?rest_route=\/wp\/v2\/users\/1"}],"replies":[{"embeddable":true,"href":"http:\/\/projetoabelha.com.br\/index.php?rest_route=%2Fwp%2Fv2%2Fcomments&post=2934"}],"version-history":[{"count":3,"href":"http:\/\/projetoabelha.com.br\/index.php?rest_route=\/wp\/v2\/pages\/2934\/revisions"}],"predecessor-version":[{"id":3094,"href":"http:\/\/projetoabelha.com.br\/index.php?rest_route=\/wp\/v2\/pages\/2934\/revisions\/3094"}],"wp:attachment":[{"href":"http:\/\/projetoabelha.com.br\/index.php?rest_route=%2Fwp%2Fv2%2Fmedia&parent=2934"}],"curies":[{"name":"wp","href":"https:\/\/api.w.org\/{rel}","templated":true}]}}