{"id":3110,"date":"2017-05-26T17:12:20","date_gmt":"2017-05-26T17:12:20","guid":{"rendered":"http:\/\/projetoabelha.com.br\/?page_id=3110"},"modified":"2020-04-08T16:03:07","modified_gmt":"2020-04-08T16:03:07","slug":"a-verdadeira-riqueza","status":"publish","type":"page","link":"http:\/\/projetoabelha.com.br\/?page_id=3110","title":{"rendered":"A verdadeira riqueza"},"content":{"rendered":"\n<h3 class=\"has-luminous-vivid-orange-color has-text-color has-text-align-center\">A verdadeira riqueza, D\u00e9bora Ara\u00fajo<\/h3>\n\n\n<p><script src=\"http:\/\/arquivos.weblibras.com.br\/auto\/wl-min.js\"><\/script><br \/><script><br \/>\n   var wl = new WebLibras();<br \/>\n<\/script><\/p>\n<p><a href=\"http:\/\/projetoabelha.com.br\/?page_id=1217\"><img loading=\"lazy\" class=\"wp-image-3135 size-medium\" src=\"http:\/\/projetoabelha.com.br\/wp-content\/uploads\/2017\/05\/MinhRiqueza-290x300.png\" alt=\"\" width=\"290\" height=\"300\" srcset=\"http:\/\/projetoabelha.com.br\/wp-content\/uploads\/2017\/05\/MinhRiqueza-290x300.png 290w, http:\/\/projetoabelha.com.br\/wp-content\/uploads\/2017\/05\/MinhRiqueza.png 682w\" sizes=\"(max-width: 290px) 100vw, 290px\" \/><\/a><\/p>\n<table style=\"height: 976px;\" width=\"547\">\n<tbody>\n<tr>\n<td width=\"288\">N\u00e3o tenho conto de vint\u00e9m<br \/>Para dividir com ningu\u00e9m<br \/>Tenho viola e boa vontade<br \/>Pra cantar a igualdade\n<p>\u00a0<\/p>\n<p>Tenho hist\u00f3rias e saudade<br \/>E uma grande pretens\u00e3o<br \/>Ver meu povo mais unido<br \/>Do que num pequeno refr\u00e3o<\/p>\n<p>Sou viajador e conhecedor<br \/>Desse povo sofredor<br \/>Que vive assim devagarinho<br \/>Com as pedras do caminho<\/p>\n<p>Rodava o mundo afora<br \/>Cantando a qualquer esmola<br \/>&#8220;Paz aos homens de bem&#8221;<br \/>E duvidava de quem a tem<\/p>\n<p>Seguia assim desenxabido<br \/>Com sorriso amargurado<br \/>Me deparei com mo\u00e7a coxa<br \/>E um negro humilhado<\/p>\n<p>O que te aflige meu rapaz?<br \/>Ele me perguntou\u00a0intrigado<br \/>Me deixou triste e calado<br \/>Em meu\u00a0mundo\u00a0desalmado<\/p>\n<p>Respondi meio sem jeito<br \/>Olhando o rapaz indagador<br \/>Parecia honesto, de respeito<br \/>E me tinha algo acolhedor<\/p>\n<\/td>\n<td width=\"288\">N\u00e3o tenho conto de vint\u00e9m<br \/>Para dividir com ningu\u00e9m<br \/>Tenho trabalho e tenho medo<br \/>Que aprendi desde cedo\n<p>\u00a0<\/p>\n<p>A mo\u00e7a respondeu atrevida<br \/>Me disse\u00a0rima bem bonita<br \/>J\u00e1 eu que n\u00e3o sou nada<br \/>N\u00e3o me vejo indignada<\/p>\n<p>Tenho f\u00e9 e boa esperan\u00e7a<br \/>Pra dividir igual crian\u00e7a<br \/>Eu que n\u00e3o tenho tamb\u00e9m<br \/>Nenhum conto de vint\u00e9m<\/p>\n<p>Dou o esfor\u00e7o do meu bra\u00e7o<br \/>E minha paga vem do abra\u00e7o<br \/>Quero ver riqueza maior<br \/>De quem d\u00e1 o seu melhor<\/p>\n<p>Sorriso largo, olho estreito<br \/>N\u00e3o vi ali nenhum defeito<br \/>Sua beleza vem da alma<br \/>Serenata que me acalma<\/p>\n<p>Eu que n\u00e3o tenho tamb\u00e9m<br \/>Nenhum conto de vint\u00e9m<br \/>Agora sou rapaz esperan\u00e7oso<br \/>De um mundo mais formoso<\/p>\n<p>O negro, a mo\u00e7a e o mendigo<br \/>Hoje s\u00e3o melhores amigos<br \/>Cultivamos\u00a0pra vida\u00a0inteira<br \/>Uma\u00a0riqueza verdadeira<\/p>\n<\/td>\n<\/tr>\n<tr>\n<td width=\"288\"><a href=\"http:\/\/projetoabelha.com.br\/wp-content\/uploads\/2016\/11\/Lan\u00e7amento-9.jpg\"><img loading=\"lazy\" class=\"alignleft wp-image-2072\" src=\"http:\/\/projetoabelha.com.br\/wp-content\/uploads\/2016\/11\/Lan\u00e7amento-9-300x200.jpg\" alt=\"\" width=\"226\" height=\"150\" srcset=\"http:\/\/projetoabelha.com.br\/wp-content\/uploads\/2016\/11\/Lan\u00e7amento-9-300x200.jpg 300w, http:\/\/projetoabelha.com.br\/wp-content\/uploads\/2016\/11\/Lan\u00e7amento-9-768x512.jpg 768w, http:\/\/projetoabelha.com.br\/wp-content\/uploads\/2016\/11\/Lan\u00e7amento-9-1024x682.jpg 1024w, http:\/\/projetoabelha.com.br\/wp-content\/uploads\/2016\/11\/Lan\u00e7amento-9.jpg 2000w\" sizes=\"(max-width: 226px) 100vw, 226px\" \/><\/a><\/td>\n<td width=\"288\">Por\u00a0D\u00e9bora Ara\u00fajo, Escritora e Idealizadora do Projeto Abelha\n<p>\u00a0<\/p>\n<p><a href=\"http:\/\/projetoabelha.com.br\/?page_id=395\">Leia mais\u2026<\/a><\/p>\n<\/td>\n<\/tr>\n<\/tbody>\n<\/table>\n<h3 style=\"text-align: center;\">Este poema fala, entre outras coisas, de igualdade. Por isso, n\u00e3o deixe de conferir nosso post sobre este tema!<\/h3>\n<p>\u00a0<\/p>\n<p><span style=\"color: #00ccff;\"><a href=\"http:\/\/projetoabelha.com.br\/?p=2669\" target=\"_blank\" rel=\"noopener noreferrer\"><img loading=\"lazy\" class=\"alignleft wp-image-2671\" src=\"http:\/\/projetoabelha.com.br\/wp-content\/uploads\/2017\/03\/Iguadade_PAbelha-300x225.png\" alt=\"\" width=\"120\" height=\"90\" srcset=\"http:\/\/projetoabelha.com.br\/wp-content\/uploads\/2017\/03\/Iguadade_PAbelha-300x225.png 300w, http:\/\/projetoabelha.com.br\/wp-content\/uploads\/2017\/03\/Iguadade_PAbelha-768x575.png 768w, http:\/\/projetoabelha.com.br\/wp-content\/uploads\/2017\/03\/Iguadade_PAbelha.png 961w\" sizes=\"(max-width: 120px) 100vw, 120px\" \/><\/a><a style=\"color: #00ccff;\" href=\"http:\/\/projetoabelha.com.br\/?p=2669\" target=\"_blank\" rel=\"noopener noreferrer\">O fator que promove\u00a0a exclus\u00e3o n\u00e3o adv\u00e9m da diferen\u00e7a em si, esta ocorre pela falta de preparo dos demais em conviver com algu\u00e9m que diverge dos padr\u00f5es e normas pr\u00e9-estabelecidos, principalmente, na fam\u00edlia e institui\u00e7\u00f5es de ensino.<\/a><\/span><\/p>\n<h3 style=\"text-align: center;\"><span style=\"color: #34a81a;\">Sejamos Polinizadores! Sejamos Abelhas!<\/span><\/h3>\n<table>\n<tbody>\n<tr>\n<td width=\"96\"><a href=\"http:\/\/projetoabelha.com.br\/\"><img loading=\"lazy\" class=\"alignleft size-medium wp-image-566\" src=\"http:\/\/projetoabelha.com.br\/wp-content\/uploads\/2016\/10\/educacional-2-277x300.jpg\" alt=\"\" width=\"277\" height=\"300\" srcset=\"http:\/\/projetoabelha.com.br\/wp-content\/uploads\/2016\/10\/educacional-2-277x300.jpg 277w, http:\/\/projetoabelha.com.br\/wp-content\/uploads\/2016\/10\/educacional-2-768x833.jpg 768w, http:\/\/projetoabelha.com.br\/wp-content\/uploads\/2016\/10\/educacional-2-944x1024.jpg 944w, http:\/\/projetoabelha.com.br\/wp-content\/uploads\/2016\/10\/educacional-2-203x220.jpg 203w\" sizes=\"(max-width: 277px) 100vw, 277px\" \/><\/a><strong><span style=\"color: #00ccff;\">Cultura<\/span><\/strong><\/td>\n<td width=\"96\"><a href=\"http:\/\/projetoabelha.com.br\/\"><img loading=\"lazy\" class=\"alignleft size-medium wp-image-556\" src=\"http:\/\/projetoabelha.com.br\/wp-content\/uploads\/2016\/10\/BEe-Funny1-283x300.jpg\" alt=\"\" width=\"283\" height=\"300\" srcset=\"http:\/\/projetoabelha.com.br\/wp-content\/uploads\/2016\/10\/BEe-Funny1-283x300.jpg 283w, http:\/\/projetoabelha.com.br\/wp-content\/uploads\/2016\/10\/BEe-Funny1-768x814.jpg 768w, http:\/\/projetoabelha.com.br\/wp-content\/uploads\/2016\/10\/BEe-Funny1-966x1024.jpg 966w, http:\/\/projetoabelha.com.br\/wp-content\/uploads\/2016\/10\/BEe-Funny1-208x220.jpg 208w\" sizes=\"(max-width: 283px) 100vw, 283px\" \/><\/a><strong><span style=\"color: #00ccff;\">Arte<\/span><\/strong><\/td>\n<td width=\"96\"><span style=\"color: #00ccff;\"><strong>Respeito<a href=\"http:\/\/projetoabelha.com.br\/\"><img loading=\"lazy\" class=\"alignleft size-medium wp-image-555\" src=\"http:\/\/projetoabelha.com.br\/wp-content\/uploads\/2016\/10\/BEe-Polite1-300x294.jpg\" alt=\"\" width=\"300\" height=\"294\" srcset=\"http:\/\/projetoabelha.com.br\/wp-content\/uploads\/2016\/10\/BEe-Polite1-300x294.jpg 300w, http:\/\/projetoabelha.com.br\/wp-content\/uploads\/2016\/10\/BEe-Polite1-768x753.jpg 768w, http:\/\/projetoabelha.com.br\/wp-content\/uploads\/2016\/10\/BEe-Polite1-1024x1003.jpg 1024w, http:\/\/projetoabelha.com.br\/wp-content\/uploads\/2016\/10\/BEe-Polite1-225x220.jpg 225w\" sizes=\"(max-width: 300px) 100vw, 300px\" \/><\/a><\/strong><\/span><\/td>\n<td width=\"96\"><a href=\"http:\/\/projetoabelha.com.br\/\"><img loading=\"lazy\" class=\"alignleft size-medium wp-image-554\" src=\"http:\/\/projetoabelha.com.br\/wp-content\/uploads\/2016\/10\/fofa-3-272x300.jpg\" alt=\"\" width=\"272\" height=\"300\" srcset=\"http:\/\/projetoabelha.com.br\/wp-content\/uploads\/2016\/10\/fofa-3-272x300.jpg 272w, http:\/\/projetoabelha.com.br\/wp-content\/uploads\/2016\/10\/fofa-3-768x846.jpg 768w, http:\/\/projetoabelha.com.br\/wp-content\/uploads\/2016\/10\/fofa-3-929x1024.jpg 929w, http:\/\/projetoabelha.com.br\/wp-content\/uploads\/2016\/10\/fofa-3-200x220.jpg 200w\" sizes=\"(max-width: 272px) 100vw, 272px\" \/><\/a><strong><span style=\"color: #00ccff;\">Solidariedade<\/span><\/strong><\/td>\n<td width=\"96\"><a href=\"http:\/\/projetoabelha.com.br\/\"><img loading=\"lazy\" class=\"alignleft size-medium wp-image-563\" src=\"http:\/\/projetoabelha.com.br\/wp-content\/uploads\/2016\/10\/BEe-Lucky1-3-264x300.jpg\" alt=\"\" width=\"264\" height=\"300\" srcset=\"http:\/\/projetoabelha.com.br\/wp-content\/uploads\/2016\/10\/BEe-Lucky1-3-264x300.jpg 264w, http:\/\/projetoabelha.com.br\/wp-content\/uploads\/2016\/10\/BEe-Lucky1-3-768x874.jpg 768w, http:\/\/projetoabelha.com.br\/wp-content\/uploads\/2016\/10\/BEe-Lucky1-3-900x1024.jpg 900w, http:\/\/projetoabelha.com.br\/wp-content\/uploads\/2016\/10\/BEe-Lucky1-3-193x220.jpg 193w\" sizes=\"(max-width: 264px) 100vw, 264px\" \/><\/a><strong><span style=\"color: #00ccff;\">Esperan\u00e7a<\/span><\/strong><\/td>\n<td width=\"96\"><a href=\"http:\/\/projetoabelha.com.br\/\"><img loading=\"lazy\" class=\"alignleft size-medium wp-image-559\" src=\"http:\/\/projetoabelha.com.br\/wp-content\/uploads\/2016\/10\/Strong2-2-285x300.jpg\" alt=\"\" width=\"285\" height=\"300\" srcset=\"http:\/\/projetoabelha.com.br\/wp-content\/uploads\/2016\/10\/Strong2-2-285x300.jpg 285w, http:\/\/projetoabelha.com.br\/wp-content\/uploads\/2016\/10\/Strong2-2-768x807.jpg 768w, http:\/\/projetoabelha.com.br\/wp-content\/uploads\/2016\/10\/Strong2-2-974x1024.jpg 974w, http:\/\/projetoabelha.com.br\/wp-content\/uploads\/2016\/10\/Strong2-2-209x220.jpg 209w\" sizes=\"(max-width: 285px) 100vw, 285px\" \/><\/a><span style=\"color: #00ccff;\"><strong>Energia Positiva<\/strong><\/span><\/td>\n<\/tr>\n<\/tbody>\n<\/table>\n<p>\u00a0<\/p>","protected":false},"excerpt":{"rendered":"<p>A verdadeira riqueza, D\u00e9bora Ara\u00fajo N\u00e3o tenho conto de vint\u00e9mPara dividir com ningu\u00e9mTenho viola e boa vontadePra cantar a igualdade \u00a0 Tenho hist\u00f3rias e saudadeE uma grande pretens\u00e3oVer meu povo mais unidoDo que num pequeno refr\u00e3o Sou viajador e conhecedorDesse povo sofredorQue vive assim devagarinhoCom as pedras do caminho Rodava o mundo aforaCantando a qualquer&hellip;<\/p>\n","protected":false},"author":1,"featured_media":3135,"parent":0,"menu_order":0,"comment_status":"closed","ping_status":"closed","template":"","meta":[],"_links":{"self":[{"href":"http:\/\/projetoabelha.com.br\/index.php?rest_route=\/wp\/v2\/pages\/3110"}],"collection":[{"href":"http:\/\/projetoabelha.com.br\/index.php?rest_route=\/wp\/v2\/pages"}],"about":[{"href":"http:\/\/projetoabelha.com.br\/index.php?rest_route=\/wp\/v2\/types\/page"}],"author":[{"embeddable":true,"href":"http:\/\/projetoabelha.com.br\/index.php?rest_route=\/wp\/v2\/users\/1"}],"replies":[{"embeddable":true,"href":"http:\/\/projetoabelha.com.br\/index.php?rest_route=%2Fwp%2Fv2%2Fcomments&post=3110"}],"version-history":[{"count":38,"href":"http:\/\/projetoabelha.com.br\/index.php?rest_route=\/wp\/v2\/pages\/3110\/revisions"}],"predecessor-version":[{"id":4244,"href":"http:\/\/projetoabelha.com.br\/index.php?rest_route=\/wp\/v2\/pages\/3110\/revisions\/4244"}],"wp:featuredmedia":[{"embeddable":true,"href":"http:\/\/projetoabelha.com.br\/index.php?rest_route=\/wp\/v2\/media\/3135"}],"wp:attachment":[{"href":"http:\/\/projetoabelha.com.br\/index.php?rest_route=%2Fwp%2Fv2%2Fmedia&parent=3110"}],"curies":[{"name":"wp","href":"https:\/\/api.w.org\/{rel}","templated":true}]}}