{"id":3532,"date":"2017-06-26T11:58:53","date_gmt":"2017-06-26T11:58:53","guid":{"rendered":"http:\/\/projetoabelha.com.br\/?page_id=3532"},"modified":"2017-06-26T11:59:54","modified_gmt":"2017-06-26T11:59:54","slug":"poemas-machado-de-assis","status":"publish","type":"page","link":"http:\/\/projetoabelha.com.br\/?page_id=3532","title":{"rendered":"Poesias &#8211; Machado de Assis"},"content":{"rendered":"<figure id=\"attachment_3529\" aria-describedby=\"caption-attachment-3529\" style=\"width: 300px\" class=\"wp-caption aligncenter\"><a href=\"http:\/\/projetoabelha.com.br\/?p=3522\" target=\"_blank\" rel=\"noopener\"><img loading=\"lazy\" class=\"wp-image-3529 size-medium\" src=\"http:\/\/projetoabelha.com.br\/wp-content\/uploads\/2017\/06\/Escritor-Machado-de-Assis-300x225.jpg\" alt=\"\" width=\"300\" height=\"225\" srcset=\"http:\/\/projetoabelha.com.br\/wp-content\/uploads\/2017\/06\/Escritor-Machado-de-Assis-300x225.jpg 300w, http:\/\/projetoabelha.com.br\/wp-content\/uploads\/2017\/06\/Escritor-Machado-de-Assis.jpg 500w\" sizes=\"(max-width: 300px) 100vw, 300px\" \/><\/a><figcaption id=\"caption-attachment-3529\" class=\"wp-caption-text\"><span style=\"color: #34a81a;\">Machado de Assis<\/span><\/figcaption><\/figure>\n<h4><\/h4>\n<h4 style=\"text-align: center;\"><span style=\"color: #34a81a;\"><strong>A uma senhora que me pediu versos<\/strong><\/span><\/h4>\n<p style=\"text-align: center;\">Pensa em ti mesma, achar\u00e1s<br \/>\nMelhor poesia,<br \/>\nViveza, gra\u00e7a, alegria,<br \/>\nDo\u00e7ura e paz.<\/p>\n<p style=\"text-align: center;\">Se j\u00e1 dei flores um dia,<br \/>\nQuando rapaz,<br \/>\nAs que ora dou t\u00eam assaz<br \/>\nMelancolia.<\/p>\n<p style=\"text-align: center;\">Uma s\u00f3 das horas tuas<br \/>\nValem um m\u00eas<br \/>\nDas almas j\u00e1 ressequidas.<\/p>\n<p style=\"text-align: center;\">Os s\u00f3is e as luas<br \/>\nCreio bem que Deus os fez<br \/>\nPara outras vidas.<\/p>\n<h4 style=\"text-align: center;\"><span style=\"color: #34a81a;\"><strong>C\u00edrculo Vicioso<\/strong><\/span><\/h4>\n<p style=\"text-align: center;\">Bailando no ar, gemia inquieto vaga-lume:<br \/>\n&#8211; Quem me dera que fosse aquela loura estrela,<br \/>\nque arde no eterno azul, como uma eterna vela !<br \/>\nMas a estrela, fitando a lua, com ci\u00fame:<\/p>\n<p style=\"text-align: center;\">&#8211; Pudesse eu copiar o transparente lume,<br \/>\nque, da grega coluna \u00e1 g\u00f3tica janela,<br \/>\ncontemplou, suspirosa, a fronte amada e bela !<br \/>\nMas a lua, fitando o sol, com azedume:<\/p>\n<p style=\"text-align: center;\">&#8211; Misera ! tivesse eu aquela enorme, aquela<br \/>\nclaridade imortal, que toda a luz resume !<br \/>\nMas o sol, inclinando a rutila capela:<\/p>\n<p style=\"text-align: center;\">&#8211; Pesa-me esta brilhante aureola de nume&#8230;<br \/>\nEnfara-me esta azul e desmedida umbela&#8230;<br \/>\nPorque n\u00e3o nasci eu um simples vaga-lume?<\/p>\n<h4 style=\"text-align: center;\"><span style=\"color: #34a81a;\"><strong>Rel\u00edquia \u00edntima<\/strong><\/span><\/h4>\n<p style=\"text-align: center;\">Ilustr\u00edssimo, caro e velho amigo,<br \/>\nSaber\u00e1s que, por um motivo urgente,<br \/>\nNa quinta-feira, nove do corrente,<br \/>\nPreciso muito de falar contigo.<\/p>\n<p style=\"text-align: center;\">E aproveitando o portador te digo,<br \/>\nQue nessa ocasi\u00e3o ter\u00e1s presente,<br \/>\nA esperada gravura de patente<br \/>\nEm que o Dante regressa do Inimigo.<\/p>\n<p style=\"text-align: center;\">Manda-me pois dizer pelo bombeiro<br \/>\nSe \u00e0s tr\u00eas e meia te achar\u00e1s postado<br \/>\nJunto \u00e0 porta do Garnier livreiro:<\/p>\n<p style=\"text-align: center;\">Sen\u00e3o, escolhe outro lugar azado;<br \/>\nMas d\u00e1 logo a resposta ao mensageiro,<br \/>\nE continua a crer no teu Machado.<\/p>\n<h4 style=\"text-align: center;\"><span style=\"color: #34a81a;\">Saudade<\/span><\/h4>\n<p style=\"text-align: center;\">Por que sinto falta de voc\u00ea? Por que est\u00e1 saudade?<br \/>\nEu n\u00e3o te vejo mas imagino suas express\u00f5es, sua voz teu cheiro.<br \/>\nSua amizade me faz sonhar com um carinho,<br \/>\nUm caminhar, a luz da lua, a beira mar.<br \/>\nSaudade este sentimento de vazio que me tira o sono<br \/>\nme fazendo sentir num triste abandono, \u00e9 amizade eu sei, ser\u00e1 amor talvez&#8230;<br \/>\nS\u00f3 n\u00e3o quero perder sua amizade, esta amizade&#8230;<br \/>\nQue me fortalece me enobrece por ter voc\u00ea.<\/p>\n<h4 style=\"text-align: center;\"><span style=\"color: #34a81a;\"><strong>No alto<\/strong><\/span><\/h4>\n<p style=\"text-align: center;\">O poeta chegara ao alto da montanha,<br \/>\nE quando ia a descer a vertente do oeste,<br \/>\nViu uma cousa estranha,<br \/>\nUma figura m\u00e1.<\/p>\n<p style=\"text-align: center;\">Ent\u00e3o, volvendo o olhar ao subtil, ao celeste,<br \/>\nAo gracioso Ariel, que de baixo o acompanha,<br \/>\nNum tom medroso e agreste<br \/>\nPergunta o que ser\u00e1.<\/p>\n<p style=\"text-align: center;\">Como se perde no ar um som festivo e doce,<br \/>\nOu bem como se fosse<br \/>\nUm pensamento v\u00e3o,<\/p>\n<p style=\"text-align: center;\">Ariel se desfez sem lhe dar mais resposta.<br \/>\nPara descer a encosta<br \/>\nO outro lhe deu a m\u00e3o.<\/p>\n<h4 style=\"text-align: center;\"><span style=\"color: #34a81a;\"><strong>Uma Criatura<\/strong><\/span><\/h4>\n<p style=\"text-align: center;\">Sei de uma criatura antiga e formid\u00e1vel,<br \/>\nQue a si mesma devora os membros e as entranhas,<br \/>\nCom a sofreguid\u00e3o da fome insaci\u00e1vel.<br \/>\nHabita juntamente os vales e as montanhas;<br \/>\nE no mar, que se rasga, \u00e0 maneira do abismo,<br \/>\nEspregui\u00e7a-se toda em convuls\u00f5es estranhas.<br \/>\nTraz impresso na fronte o obscuro despotismo;<br \/>\nCada olhar que despede, acerbo e mavioso,<br \/>\nParece uma expans\u00e3o de amor e ego\u00edsmo.<br \/>\nFriamente contempla o desespero e o gozo,<br \/>\nGosta do colibri, como gosta do verme,<br \/>\nE cinge ao cora\u00e7\u00e3o o belo e o monstruoso.<br \/>\nPara ela o chacal \u00e9, como a rola, inerme;<br \/>\nE caminha na terra imperturb\u00e1vel, como<br \/>\nPelo vasto arealum vasto paquiderme.<br \/>\nNa \u00e1rvore que rebenta o seu primeiro gomo<br \/>\nVem a folha, que lento e lento se desdobra,<br \/>\nDepois a flor, depois o suspirado pomo.<br \/>\nPois essa criatura est\u00e1 em toda a obra:<br \/>\nCresta o seio da flor e corrompe-lhe o fruto,<br \/>\nE \u00e9 nesse destruir que as suas for\u00e7as dobra.<br \/>\nAma de igual amor o poluto e o impoluto;<br \/>\nCome\u00e7a e recome\u00e7a uma perp\u00e9tua lida;<br \/>\nE sorrindo obedece ao divino estatuto.<br \/>\nTu dir\u00e1s que \u00e9 a morte; eu direi que \u00e9 a vida.<\/p>\n","protected":false},"excerpt":{"rendered":"<p>A uma senhora que me pediu versos Pensa em ti mesma, achar\u00e1s Melhor poesia, Viveza, gra\u00e7a, alegria, Do\u00e7ura e paz. Se j\u00e1 dei flores um dia, Quando rapaz, As que ora dou t\u00eam assaz Melancolia. Uma s\u00f3 das horas tuas Valem um m\u00eas Das almas j\u00e1 ressequidas. Os s\u00f3is e as luas Creio bem que&hellip;<\/p>\n","protected":false},"author":1,"featured_media":3529,"parent":0,"menu_order":0,"comment_status":"closed","ping_status":"open","template":"","meta":[],"_links":{"self":[{"href":"http:\/\/projetoabelha.com.br\/index.php?rest_route=\/wp\/v2\/pages\/3532"}],"collection":[{"href":"http:\/\/projetoabelha.com.br\/index.php?rest_route=\/wp\/v2\/pages"}],"about":[{"href":"http:\/\/projetoabelha.com.br\/index.php?rest_route=\/wp\/v2\/types\/page"}],"author":[{"embeddable":true,"href":"http:\/\/projetoabelha.com.br\/index.php?rest_route=\/wp\/v2\/users\/1"}],"replies":[{"embeddable":true,"href":"http:\/\/projetoabelha.com.br\/index.php?rest_route=%2Fwp%2Fv2%2Fcomments&post=3532"}],"version-history":[{"count":10,"href":"http:\/\/projetoabelha.com.br\/index.php?rest_route=\/wp\/v2\/pages\/3532\/revisions"}],"predecessor-version":[{"id":3543,"href":"http:\/\/projetoabelha.com.br\/index.php?rest_route=\/wp\/v2\/pages\/3532\/revisions\/3543"}],"wp:featuredmedia":[{"embeddable":true,"href":"http:\/\/projetoabelha.com.br\/index.php?rest_route=\/wp\/v2\/media\/3529"}],"wp:attachment":[{"href":"http:\/\/projetoabelha.com.br\/index.php?rest_route=%2Fwp%2Fv2%2Fmedia&parent=3532"}],"curies":[{"name":"wp","href":"https:\/\/api.w.org\/{rel}","templated":true}]}}