{"id":360,"date":"2016-10-14T00:52:41","date_gmt":"2016-10-14T00:52:41","guid":{"rendered":"http:\/\/projetoabelha.com.br\/?page_id=360"},"modified":"2017-06-14T14:49:17","modified_gmt":"2017-06-14T14:49:17","slug":"a-bruxinha-melissa","status":"publish","type":"page","link":"http:\/\/projetoabelha.com.br\/?page_id=360","title":{"rendered":"A Bruxinha Melissa"},"content":{"rendered":"<p><script src=\"http:\/\/arquivos.weblibras.com.br\/auto\/wl-min.js\"><\/script><br \/>\n<script>\n   var wl = new WebLibras();\n<\/script><\/p>\n<p style=\"text-align: justify;\"><span style=\"color: #000000;\">Na d\u00e9cada de 60, em S\u00e3o Luis do\u00a0Maranh\u00e3o, cresce\u00a0Melissa. Privada de se expor ao sol por conta de sua doen\u00e7a misteriosa, a menina se diverte sob o luar com seu gatinho Loli e, enquanto a vizinhan\u00e7a se agita com as prepara\u00e7\u00f5es para a festa de Bumba meu Boi, os dois se aventuram no meio da noite para seguir o plano tra\u00e7ado por seu cora\u00e7\u00e3o puro e perspicaz.<\/span><\/p>\n<p style=\"text-align: justify;\"><span style=\"color: #000000;\">O que a linda s\u00e3o-luisense n\u00e3o podia imaginar \u00e9 que atrav\u00e9s de seu ato heroico transmitiria para todos os conhecidos uma das li\u00e7\u00f5es mais importantes deixada por Jesus Cristo.<\/span><\/p>\n<figure id=\"attachment_1775\" aria-describedby=\"caption-attachment-1775\" style=\"width: 300px\" class=\"wp-caption aligncenter\"><a href=\"http:\/\/projetoabelha.com.br\/\"><img loading=\"lazy\" class=\"wp-image-1775 size-medium\" src=\"http:\/\/projetoabelha.com.br\/wp-content\/uploads\/2016\/10\/Bumba-Meu-Boi-300x220.png\" width=\"300\" height=\"220\" srcset=\"http:\/\/projetoabelha.com.br\/wp-content\/uploads\/2016\/10\/Bumba-Meu-Boi-300x220.png 300w, http:\/\/projetoabelha.com.br\/wp-content\/uploads\/2016\/10\/Bumba-Meu-Boi-768x563.png 768w, http:\/\/projetoabelha.com.br\/wp-content\/uploads\/2016\/10\/Bumba-Meu-Boi-1024x751.png 1024w, http:\/\/projetoabelha.com.br\/wp-content\/uploads\/2016\/10\/Bumba-Meu-Boi.png 1600w\" sizes=\"(max-width: 300px) 100vw, 300px\" \/><\/a><figcaption id=\"caption-attachment-1775\" class=\"wp-caption-text\"><span style=\"color: #000000;\">Boi Bumb\u00e1<\/span><\/figcaption><\/figure>\n<p style=\"text-align: center;\"><strong><span style=\"color: #ff6600;\">&#8220;Bumba meu boi pra l\u00e1<\/span><\/strong><br \/>\n<strong><span style=\"color: #ff6600;\">Vem pra c\u00e1 meu boi bumb\u00e1<\/span><\/strong><br \/>\n<strong><span style=\"color: #ff6600;\">\u00c9 com voc\u00ea que eu v\u00f4 fic\u00e1<\/span><\/strong><br \/>\n<strong><span style=\"color: #ff6600;\">E meu honrado S\u00e3o Jo\u00e3o<\/span><\/strong><br \/>\n<strong><span style=\"color: #ff6600;\">Eu lhe pe\u00e7o a permiss\u00e3o<\/span><\/strong><br \/>\n<strong><span style=\"color: #ff6600;\">Pra Santo Ant\u00f4nio atu\u00e1<\/span><\/strong><br \/>\n<span style=\"color: #ff6600;\"><strong>S\u00f3 por favor meu casamentero<\/strong><\/span><br \/>\n<span style=\"color: #ff6600;\"><strong>Que n\u00e3o seja passagero<\/strong><\/span><br \/>\n<span style=\"color: #ff6600;\"><strong>Quero am\u00f4 pra vida intera<\/strong><\/span><br \/>\n<span style=\"color: #ff6600;\"><strong>E n\u00e3o falo de brincadera<\/strong><\/span><br \/>\n<span style=\"color: #ff6600;\"><strong>Muitos filhos vamo t\u00ea<\/strong><\/span><br \/>\n<span style=\"color: #ff6600;\"><strong>E pras crian\u00e7a v\u00f4 fal\u00e1<\/strong><\/span><br \/>\n<span style=\"color: #ff6600;\"><strong>Vingan\u00e7a num t\u00e1 com nada<\/strong><\/span><br \/>\n<span style=\"color: #ff6600;\"><strong>O perd\u00e3o v\u00f4 ensin\u00e1&#8221;<\/strong><\/span><br \/>\n<a style=\"color: #000000;\" href=\"http:\/\/projetoabelha.com.br\/?page_id=395\"><br \/>\n<span style=\"color: #34a81a;\">D\u00e9bora Ara\u00fajo<\/span><\/a><span style=\"color: #34a81a;\">, da obra &#8220;A Bruxinha Melissa&#8221;<\/span><\/p>\n<p style=\"text-align: right;\"><a href=\"http:\/\/projetoabelha.com.br\/?page_id=110\">Voltar<\/a><\/p>\n<p style=\"text-align: center;\">\n","protected":false},"excerpt":{"rendered":"<p>Na d\u00e9cada de 60, em S\u00e3o Luis do\u00a0Maranh\u00e3o, cresce\u00a0Melissa. Privada de se expor ao sol por conta de sua doen\u00e7a misteriosa, a menina se diverte sob o luar com seu gatinho Loli e, enquanto a vizinhan\u00e7a se agita com as prepara\u00e7\u00f5es para a festa de Bumba meu Boi, os dois se aventuram no meio da&hellip;<\/p>\n","protected":false},"author":1,"featured_media":0,"parent":110,"menu_order":0,"comment_status":"open","ping_status":"open","template":"","meta":[],"_links":{"self":[{"href":"http:\/\/projetoabelha.com.br\/index.php?rest_route=\/wp\/v2\/pages\/360"}],"collection":[{"href":"http:\/\/projetoabelha.com.br\/index.php?rest_route=\/wp\/v2\/pages"}],"about":[{"href":"http:\/\/projetoabelha.com.br\/index.php?rest_route=\/wp\/v2\/types\/page"}],"author":[{"embeddable":true,"href":"http:\/\/projetoabelha.com.br\/index.php?rest_route=\/wp\/v2\/users\/1"}],"replies":[{"embeddable":true,"href":"http:\/\/projetoabelha.com.br\/index.php?rest_route=%2Fwp%2Fv2%2Fcomments&post=360"}],"version-history":[{"count":24,"href":"http:\/\/projetoabelha.com.br\/index.php?rest_route=\/wp\/v2\/pages\/360\/revisions"}],"predecessor-version":[{"id":3485,"href":"http:\/\/projetoabelha.com.br\/index.php?rest_route=\/wp\/v2\/pages\/360\/revisions\/3485"}],"up":[{"embeddable":true,"href":"http:\/\/projetoabelha.com.br\/index.php?rest_route=\/wp\/v2\/pages\/110"}],"wp:attachment":[{"href":"http:\/\/projetoabelha.com.br\/index.php?rest_route=%2Fwp%2Fv2%2Fmedia&parent=360"}],"curies":[{"name":"wp","href":"https:\/\/api.w.org\/{rel}","templated":true}]}}