{"id":4141,"date":"2020-04-06T10:23:00","date_gmt":"2020-04-06T10:23:00","guid":{"rendered":"http:\/\/projetoabelha.com.br\/?page_id=4141"},"modified":"2020-04-06T13:46:42","modified_gmt":"2020-04-06T13:46:42","slug":"poemas-ruth-roch","status":"publish","type":"page","link":"http:\/\/projetoabelha.com.br\/?page_id=4141","title":{"rendered":"Poemas, Ruth Rocha"},"content":{"rendered":"<p><!--StartFragment--><\/p>\n\n\n<blockquote class=\"wp-block-quote has-text-align-center is-style-large\"><p> <a rel=\"noreferrer noopener\" href=\"http:\/\/projetoabelha.com.br\/?p=4126\" target=\"_blank\">Ruth Rocha<\/a>, \u00e9 uma das principais escritoras da literatura infantil brasileira.&nbsp;Segue uma pequena sele\u00e7\u00e3o de seus famosos poemas.<\/p><\/blockquote>\n\n\n\n<div class=\"wp-block-image\"><figure class=\"aligncenter size-large is-resized\"><img loading=\"lazy\" src=\"http:\/\/projetoabelha.com.br\/wp-content\/uploads\/2017\/10\/Jardim_ProjetoAbelha.jpg\" alt=\"\" class=\"wp-image-3732\" width=\"393\" height=\"322\" srcset=\"http:\/\/projetoabelha.com.br\/wp-content\/uploads\/2017\/10\/Jardim_ProjetoAbelha.jpg 878w, http:\/\/projetoabelha.com.br\/wp-content\/uploads\/2017\/10\/Jardim_ProjetoAbelha-300x246.jpg 300w, http:\/\/projetoabelha.com.br\/wp-content\/uploads\/2017\/10\/Jardim_ProjetoAbelha-768x630.jpg 768w\" sizes=\"(max-width: 393px) 100vw, 393px\" \/><\/figure><\/div>\n\n\n\n<h3 class=\"has-text-align-center\">O Direito das crian\u00e7as<\/h3>\n\n\n\n<p class=\"has-text-align-center\">Toda crian\u00e7a no mundo<br> Deve ser bem protegida<br> Contra os rigores do tempo<br> Contra os rigores da vida.<\/p>\n\n\n\n<p class=\"has-text-align-center\">Crian\u00e7a tem que ter nome<br>\nCrian\u00e7a tem que ter lar<br>\nTer sa\u00fade e n\u00e3o ter fome<br>\nTer seguran\u00e7a e estudar.<\/p>\n\n\n\n<p class=\"has-text-align-center\">N\u00e3o \u00e9 quest\u00e3o de querer<br>\nNem quest\u00e3o de concordar<br>\nOs diretos das crian\u00e7as<br>\nTodos tem de respeitar.<\/p>\n\n\n\n<p class=\"has-text-align-center\">Tem direito \u00e0 aten\u00e7\u00e3o<br>\nDireito de n\u00e3o ter medos<br>\nDireito a livros e a p\u00e3o<br>\nDireito de ter brinquedos.<\/p>\n\n\n\n<p class=\"has-text-align-center\">Mas crian\u00e7a tamb\u00e9m tem<br>\nO direito de sorrir.<br>\nCorrer na beira do mar,<br>\nTer l\u00e1pis de colorir\u2026<\/p>\n\n\n\n<p class=\"has-text-align-center\">Ver uma estrela cadente,<br>\nFilme que tenha rob\u00f4,<br>\nGanhar um lindo presente,<br>\nOuvir hist\u00f3rias do av\u00f4.<\/p>\n\n\n\n<p class=\"has-text-align-center\">Descer do escorregador,<br>\nFazer bolha de sab\u00e3o,<br>\nSorvete, se faz calor,<br>\nBrincar de adivinha\u00e7\u00e3o.<\/p>\n\n\n\n<p class=\"has-text-align-center\">Morango com chantilly,<br>\nVer m\u00e1gico de cartola,<br>\nO canto do bem-te-vi,<br>\nBola, bola,bola, bola!<\/p>\n\n\n\n<p class=\"has-text-align-center\">Lamber fundo da panela<br>\nSer tratada com afei\u00e7\u00e3o<br>\nSer alegre e tagarela<br>\nPoder tamb\u00e9m dizer n\u00e3o!<\/p>\n\n\n\n<p class=\"has-text-align-center\">Carrinho, jogos, bonecas,<br>\nMontar um jogo de armar,<br>\nAmarelinha, petecas,<br>\nE uma corda de pular.<\/p>\n\n\n\n<h3 class=\"has-text-align-center\"><strong>A arca de No\u00e9<\/strong><\/h3>\n\n\n\n<p class=\"has-text-align-center\">Esta hist\u00f3ria \u00e9 muito,<br>Muito antiga.<br>Eu li<br>Num livr\u00e3o grande do papai,<br>Que se chama B\u00edblia.<br>\u00c9 a hist\u00f3ria de um homem chamado No\u00e9.<\/p>\n\n\n\n<p class=\"has-text-align-center\">Um dia, Deus chamou No\u00e9.<br>E mandou que ele constru\u00edsse<br>Um barco bem grande.<br>N\u00e3o sei por qu\u00ea,<br>Mas todo mundo chama esse barco<br>De Arca de No\u00e9.<br>Deus mandou<br>Que ele pusesse dentro do barco<br>Um bicho de cada qualidade.<\/p>\n\n\n\n<p class=\"has-text-align-center\">Um bicho, n\u00e3o. Dois.<br>Um le\u00e3o e uma leoa\u2026<br>Um macaco e uma macaca\u2026<br>Um caititu e uma caititoa\u2026<br>Quer dizer, caititoa n\u00e3o,<br>Que eu nem sei se isso existe.<br>E veio tudo que foi bicho.<br>Girafa, com um pesco\u00e7o<br>Do tamanho de um bonde\u2026<\/p>\n\n\n\n<p class=\"has-text-align-center\">Tinha tigre de bengala.<br>Papagaio que at\u00e9 fala.<br>E tinha on\u00e7a-pintada.<br>Arara dando risada,<br>Que era ver uma vitrola!<br>E um casal de tatu-bola\u2026<\/p>\n\n\n\n<p class=\"has-text-align-center\">Bicho d\u00b4\u00e1gua, isso n\u00e3o tinha,<br>Nem tubar\u00e3o, nem tainha,<br>Procurando por abrigo.<br>Nem peixe-boi nem baleia,<br>Nem arraia nem lampreia,<br>Que n\u00e3o corriam perigo\u2026<\/p>\n\n\n\n<p class=\"has-text-align-center\">E zebra, que parece cavalo de pijama\u2026<br>E pav\u00e3o, que parece um galo<br>Fantasiado pra baile de carnaval.<br>E cobra, jacar\u00e9, elefante\u2026<br>E paca, tatu e cutia tamb\u00e9m.<br>E passarinho de todo jeito.<br>Curi\u00f3, bem-te-vi, papa capim\u2026<\/p>\n\n\n\n<p class=\"has-text-align-center\">E inseto de todo tamanho.<br>Formiga, joaninha, louva-a-deus\u2026<br>Eu acho que No\u00e9<br>Devia Ter deixado fora<br>Tudo que \u00e9 bicho enjoado,<br>Como pulga, barata r pernilongo,<br>Que faz fiuuummm no ouvido da gente.<br>Mas ele n\u00e3o deixou.<br>Levou tudo que foi bicho.<\/p>\n\n\n\n<p class=\"has-text-align-center\">Tinha peru, tinha pato.<br>Tinha vespa e carrapato.<br>Avestruz, carneiro, pinto\u2026<br>Tinha at\u00e9 ornitorrinco.<br>Urubu, besouro, burro.<br>Gafanhoto, grilo, gato.<br>Tinha abelha, tinha rato\u2026<\/p>\n\n\n\n<p class=\"has-text-align-center\">Quando a bicharada<br>Estava toda embarcada,<br>E mais a fam\u00edlia do No\u00e9 todinha,<br>Come\u00e7ou a cair uma chuvarada.<br>Mas n\u00e3o era uma chuvarada<br>Dessas que caem agora.<br>Voc\u00ea j\u00e1 viu uma cachoeira?<br>Pois era igualzinho<br>A uma cachoeira caindo,<br>Caindo, que n\u00e3o acabava mais.<\/p>\n\n\n\n<p class=\"has-text-align-center\">Parecia o Rio Amazonas despencando.<br>E aquela \u00e1gua foi cobrindo tudo, tudo.<br>Cobriu as terras, cobriu as plantas, <br>cobriu as \u00e1rvores, cobriu as montanhas.<br>S\u00f3 mesmo a Arca de No\u00e9, <br>que boiava em cima das \u00e1guas, <br>\u00e9 que n\u00e3o ficou coberta.<\/p>\n\n\n\n<p class=\"has-text-align-center\">E mesmo depois<br>Que passou a tempestade<br>Ficou tudo coberto de \u00e1gua.<br>E passou muito tempo.<br>Todo mundo estava enjoado<br>De ficar preso dentro da Arca,<br>Sem poder sair nem um bocadinho.<\/p>\n\n\n\n<p class=\"has-text-align-center\">Os bichos at\u00e9 come\u00e7aram a brigar.<br>Que nem crian\u00e7a,<br>Que fica muito tempo dentro de casa<br>E j\u00e1 come\u00e7a a implicar com os irm\u00e3os.<br>O gato e o rato<br>Come\u00e7aram a brigar nesse tempo<br>E at\u00e9 hoje n\u00e3o fizeram as pazes.<\/p>\n\n\n\n<p class=\"has-text-align-center\">At\u00e9 que um dia\u2026<br>Veio vindo um ventinho l\u00e1 de longe.<br>E as \u00e1guas come\u00e7aram a baixar.<br>E foram baixando, baixando\u2026<\/p>\n\n\n\n<p class=\"has-text-align-center\">E No\u00e9 teve uma id\u00e9ia.<br>Mandou o pombo<br>Dar uma volta l\u00e1 fora<br>Para ver como estavam as coisas.<br>Os pombos s\u00e3o \u00f3timos para isso.<br>Eles sabem ir e voltar dos lugares,<br>Sem se perder, nem nada.<\/p>\n\n\n\n<p class=\"has-text-align-center\">Por isso \u00e9 que No\u00e9 escolheu o pombo<br>Para esse trabalho.<br>O pombo foi e voltou<br>Com uma folhinha no bico.<\/p>\n\n\n\n<p class=\"has-text-align-center\">E No\u00e9 ficou sabendo<br>Que as terras j\u00e1 estavam aparecendo.<br>E as \u00e1guas foram baixando<br>Mais e mais\u2026<\/p>\n\n\n\n<p class=\"has-text-align-center\">Ent\u00e3o a Arca pousou<br>Sobre um monte.<br>E todo mundo p\u00f4de sair<br>E todo mundo ficou contente.<br>E todos se abra\u00e7aram<br>E cantaram.<\/p>\n\n\n\n<p class=\"has-text-align-center\">E Deus pendurou no c\u00e9u<br>Um arco colorido,<br>Todo de listras.<\/p>\n\n\n\n<p class=\"has-text-align-center\">E esse arco queria dizer<br>Que Deus era amigo dos homens,<br>E que nunca mais<br>Ia chover assim na terra.<br>Voc\u00ea j\u00e1 viu, depois da chuva,<br>O arco-\u00edris redondinho no c\u00e9u?<br>Pois \u00e9 pra sossegar a gente.<br>Pra gente nunca mais<br>Ter medo da chuva!<\/p>\n\n\n\n<h3 class=\"has-text-align-center\">As coisas que a gente fala<\/h3>\n\n\n\n<p class=\"has-text-align-center\">As coisas que a gente fala<br>saem da boca da gente<br>e v\u00e3o voando, voando,<br>correndo sempre pra frente.<br>Entrando pelos ouvidos<br>de quem estiver presente.<br>Quando a pessoa presente<br>\u00c9 pessoa distra\u00edda<br>N\u00e3o presta muita aten\u00e7\u00e3o.<br>Ent\u00e3o as palavras entram<br>E saem pelo outro lado<br>Sem fazer complica\u00e7\u00e3o.<\/p>\n\n\n\n<p class=\"has-text-align-center\">Mas \u00e1s vezes as palavras<br>V\u00e3o entrando nas cabe\u00e7as,<br>V\u00e3o dando voltas e voltas,<br>Fazendo reviravoltas<br>E v\u00e3o dando piruetas.<br>Quando saem pela boca<br>Saem todas enfeitadas.<br>Engra\u00e7adas, diferentes,<br>Com palavras penduradas.<\/p>\n\n\n\n<p class=\"has-text-align-center\">Mas depende das pessoas<br>Que repetem as palavras.<br>Algumas enfeitam pouco.<br>Algumas enfeitam muito.<br>Algumas enfeitam tanto,<br>Que as palavras \u2013 que<br>Engra\u00e7ado!<br>\u2013 nem parece as palavras<br>que entraram pelo outro<br>lado.<\/p>\n\n\n\n<p class=\"has-text-align-center\">E depois que elas se espalham,<br>Por mais que a gente procure,<br>Por mais que a gente recolha,<br>Sempre fica uma palavra,<br>Voando como uma folha,<br>Caindo pelos quintais,<br>Pousando pelos telhados,<br>Entrando pelas janelas,<br>Pendurada nos beirais.<\/p>\n\n\n\n<p class=\"has-text-align-center\">Por isso, quando falamos,<br>Temos de tomar cuidado.<br>Que as coisas que a gente fala<br>V\u00e3o voando, v\u00e3o voando,<br>E ficam por todo lado.<br>E at\u00e9 mesmo modificam<br>O que era nosso recado.<\/p>\n\n\n\n<p class=\"has-text-align-center\">Eu vou contar pra voc\u00eas<br>O que foi que aconteceu,<br>No dia em que a Gabriela<br>Quebrou o vaso da m\u00e3e dela<br>E acusou o Filisteu.<\/p>\n\n\n\n<p class=\"has-text-align-center\">\u2013 Quem foi que quebrou meu vaso?<br>Meu vaso de ouro e laqu\u00ea,<br>Que eu conquistei no concurso,<br>No concurso de croch\u00ea?<br>\u2013 Quem foi que quebrou seu vaso?<br>\u2013 a Gabriela respondeu<br>\u2013 quem quebrou seu vaso foi\u2026<br>o vizinho, o Filisteu.<\/p>\n\n\n\n<p class=\"has-text-align-center\">Pronto! L\u00e1 v\u00e3o as palavras!<br>V\u00e3o voando, v\u00e3o voando\u2026<br>Entrando pelos ouvidos<br>De quem estiver passando.<br>Ent\u00e3o entram pelo ouvido<br>De dona Felicidade:<br>\u2013 o Filisteu? Que bandido!<br>que irresponsabilidade!<br>As palavras continuam<br>A voar pela cidade.<br>V\u00e3o entrando nos ouvidos<br>De gente de toda idade.<br>E aquilo que era mentira<br>At\u00e9 parece verdade\u2026<\/p>\n\n\n\n<p class=\"has-text-align-center\">Seu Golias, que \u00e9 vizinho<br>De dona Felicidade,,<br>E que \u00e9 o pai do Filisteu,<br>Ao ouvir que o filho seu<br>Cometeu barbaridade,<br>Fica danado da vida,<br>Invente logo um castigo,<br>Sem tamanho, sem medida!<br>N\u00e3o tem mais festa!<br>N\u00e3o tem mais coca-cola!<br>N\u00e3o tem TV!<br>N\u00e3o tem jogo de bola!<br>Trote no telefone?<br>Nem mais pensar!<br>Isqueite? Milquicheique??<br>V\u00e3o acabar!<\/p>\n\n\n\n<p class=\"has-text-align-center\">Filisteu, que j\u00e1 sabia<br>Do que tinha acontecido,<br>Ficou muito chateado!<br>Ficou muito aborrecido!<br>E correu logo pro lado,<br>Pra casa de Gabriela:<br>\u2013 Que papel\u00e3o voc\u00ea fez!<br>Me deixou em mal estado,<br>Com essa mentira louca<br>Correndo por todo lado.<br>Voc\u00ea tem que dar um jeito!<br>Recolher essa mentira<br>Que em deixa atrapalhado!<\/p>\n\n\n\n<p class=\"has-text-align-center\">Gabriela era levada,<\/p>\n\n\n\n<p class=\"has-text-align-center\">Mas sabia compreender<br>As coisas que a gente pode<br>E as que n\u00e3o pode fazer;<br>E a confus\u00e3o que ela armou,<br>Saiu para resolver.<\/p>\n\n\n\n<p class=\"has-text-align-center\">Gabriela foi andando.<br>E as mentiras que ela achava<br>Na sacola ia guardando.<br>Mas cada vez mais mentiras<br>O vento ia carregando\u2026<br>Gabriela encheu sacola,<br>Bolsa de fecho de mola,<br>Mala, malinha, maleta.<\/p>\n\n\n\n<p class=\"has-text-align-center\"> Quanto mais ia enchendo,<br>Mais mentiras ia vendo,<br>Voando, entrando nas casas,<br>Como se tivessem asas,<br>Como se fossem \u2013 que coisa!<br>\u2013 um milh\u00e3o de borboletas!<\/p>\n\n\n\n<p class=\"has-text-align-center\">Gabriela ent\u00e3o chegou<br>No come\u00e7o de uma pra\u00e7a.<br>E quando olhou para cima<br>N\u00e3o achou a menor gra\u00e7a!<br>Percebeu \u2013 calamidade!<br>\u2013 que a mentira que ela disse<br>cobria toda a cidade!<\/p>\n\n\n\n<p class=\"has-text-align-center\">Gabriela era levada,<br>Era esperta, era ladina,<br>Mas, no fundo, Gabriela<br>Ainda era uma menina.<br>Quando viu a trapalhada<br>Que ela conseguiu fazer,<br>Foi ficando apavorada,<br>Sentou-se numa cal\u00e7ada,<br>Botou a boca no mundo,<br>Num desespero profundo\u2026<\/p>\n\n\n\n<p class=\"has-text-align-center\">Todo mundo em volta dela<br>Perguntava o que \u00e9 que havia.<br>Por que chora Gabriela?<br>Por que toda esta agonia?<br>Gabriela olhou pro c\u00e9u<br>E renovou a afli\u00e7\u00e3o.<br>E gritou com toda for\u00e7a<br>Que tinha no seu pulm\u00e3o:<br>\u2013 Foi mentira!<br>\u2013 Foi mentira!<\/p>\n\n\n\n<p class=\"has-text-align-center\">Com as palavras da menina<br>Uma nuvem se formou,<br>L\u00e1 no alto, muito escura,<br>Que logo se desmanchou.<br>Caiu em forma de chuva<br>E as mentiras lavou.<\/p>\n\n\n\n<p class=\"has-text-align-center\">Mas mesmo depois do caso<br>Que eu acabei de contar,<br>At\u00e9 hoje Gabriela<br>Vive sempre a procurar.<br>De vez em quando ela encontra<br>Um peda\u00e7o de mentira.<br>Ent\u00e3o recolhe depressa,<br>Antes dela se espalhar.<br>Porque \u00e9 como eu lhes dizia.<br>As coisas que a gente fala<br>Saem da boca da gente<br>E v\u00e3o voando, voando,<br>Correndo sempre pra frente.<\/p>\n\n\n\n<p class=\"has-text-align-center\">Sejam palavras bonitas<br>Ou sejam palavras feias;<br>Sejam mentira ou verdade<br>Ou sejam verdades meias;<br>S\u00e3o sempre muito importantes<br>As coisas que a gente fala.<br>Ali\u00e1s, tamb\u00e9m t\u00eam for\u00e7a<br>As coisas que a gente cala.<br>\u00c1s vezes, importam mais<br>Que as coisas que a gente fez\u2026<br>\u201cMas isso \u00e9 uma outra hist\u00f3ria<br>que fica pra uma outra vez\u2026\u201d<\/p>\n\n\n\n<h3 class=\"has-text-align-center\"><strong>Chegaram as f\u00e9rias<\/strong> (Ruth Rocha \/ H\u00e9lio Ziskind)<\/h3>\n\n\n\n<p class=\"has-text-align-center\">Chegaram as f\u00e9rias<br>que bom que vai ser!<\/p>\n\n\n\n<p class=\"has-text-align-center\">Eu vou passear<br>pular e correr!<br>Eu vou dormir tarde,<br>vou brincar l\u00e1 fora\u2026<\/p>\n\n\n\n<p class=\"has-text-align-center\">Ver televis\u00e3o<br>at\u00e9 fora de hora.<\/p>\n\n\n\n<p class=\"has-text-align-center\">Vou ler o que eu quero,<br>de noite e de dia\u2026<\/p>\n\n\n\n<p class=\"has-text-align-center\">Brincar com o cachorro,<br>ou fazer folia!<\/p>\n\n\n\n<p class=\"has-text-align-center\">Chaa\u2026<br>charar\u00e1 r\u00e1 r\u00e1\u2026<br>charar\u00e1 r\u00e1 r\u00e1\u2026r\u00e1 r\u00e1\u2026<\/p>\n\n\n\n<p class=\"has-text-align-center\">Com todos os amigos<br>vou ficar de bem,<\/p>\n\n\n\n<p class=\"has-text-align-center\">S\u00f3 volto pra escola<br>no ano que vem!<\/p>\n\n\n\n<h3 class=\"has-text-align-center\"><strong>Valsa das pulgas<\/strong><\/h3>\n\n\n\n<p class=\"has-text-align-center\">As pulgas dan\u00e7ando no meio da rua<br>D\u00e3o pulos e pulos sob a luz da Lua<\/p>\n\n\n\n<p class=\"has-text-align-center\">No baile das pulgas o passo \u00e9 assim:<br>Tr\u00eas passos para o lado e entra o cupim.<\/p>\n\n\n\n<p class=\"has-text-align-center\">Cupim d\u00e1 tr\u00eas passos pra l\u00e1 e pra c\u00e1<br>E a pulga contente toma guaran\u00e1.<\/p>\n\n\n\n<p class=\"has-text-align-center\">Quem toca a valsinha \u00e9 o sabi\u00e1<br>E as pulgas pulando pra l\u00e1 e pra c\u00e1.<\/p>\n\n\n\n<p class=\"has-text-align-center\">O tatu-bolinha j\u00e1 chega rolando:<br>\u201c\u00c9 o passo moderno, estou inventando!\u201d<\/p>\n\n\n\n<p class=\"has-text-align-center\">Com passos mi\u00fados chega a joaninha<br>De vestido curto cheio de bolinhas.<\/p>\n\n\n\n<p class=\"has-text-align-center\">Um pra l\u00e1, um pra c\u00e1<br>S\u00e3o as pulgas dan\u00e7ando, \u00e0 luz do luar.<\/p>\n\n\n\n<p class=\"has-text-align-center\">L\u00e1 no longe<br>A luz da Lua alumia\u2026<\/p>\n\n\n\n<h3 class=\"has-text-align-center\">Baile no sereno<\/h3>\n\n\n\n<p class=\"has-text-align-center\">Cantador canta tristeza,<br>canta alegria tamb\u00e9m.<br>\u00c9 de sua natureza<br>cantar o mal e o bem.<br>Pois ele tem dentro dele<br>o canto que o canto tem\u2026 <br><br>Por isso, se o mar secar,<br>se cobra comprar sapato,<br>se cachorro virar gato,<br>se o mudo puder falar,<br>Se a chuva chover pra cima,<br>se barata for gr\u00e3-fina,<br>Quando o embaixador for em cima,<br>Cantador vai se calar. <\/p>\n\n\n\n<h3 class=\"has-text-align-center\">O que os olhos n\u00e3o veem<\/h3>\n\n\n\n<p class=\"has-text-align-center\">Havia uma vez um rei<br>num reino muito distante,<br>que vivia em seu pal\u00e1cio<br>com toda a corte reinante.<br>Reinar pra ele era f\u00e1cil,<br>ele gostava bastante.<\/p>\n\n\n\n<p class=\"has-text-align-center\">Mas um dia, coisa estranha!<br>Como foi que aconteceu?<br>Com tristeza do seu povo<br>nosso rei adoeceu.<br>De uma doen\u00e7a esquisita,<br>toda gente, muito aflita,<br>de repente percebeu\u2026<\/p>\n\n\n\n<p class=\"has-text-align-center\">Pessoas grandes e fortes<br>o rei enxergava bem.<br>Mas se fossem pequeninas,<br>e se falassem baixinho,<br>o rei n\u00e3o via ningu\u00e9m.<\/p>\n\n\n\n<p class=\"has-text-align-center\">Por isso, seus funcion\u00e1rios<br>tinham de ser escolhidos<br>entre os grandes e falantes,<br>sempre muito bem nutridos.<br>Que tivessem muita for\u00e7a,<br>e que fossem bem nascidos.<br>E assim, quem fosse pequeno,<br>da voz fraca, mal vestido,<br>n\u00e3o conseguia ser visto.<br>E nunca, nunca era ouvido.<\/p>\n\n\n\n<p class=\"has-text-align-center\">O rei n\u00e3o fazia nada<br>contra tal situa\u00e7\u00e3o;<br>pois nem mesmo acreditava<br>nessa modifica\u00e7\u00e3o.<br>E se n\u00e3o via os pequenos<br>e sua voz n\u00e3o escutava,<br>por mais que eles reclamassem<br>o rei nem mesmo notava.<\/p>\n\n\n\n<p class=\"has-text-align-center\">E o pior \u00e9 que a doen\u00e7a<br>num instante se espalhou.<br>Quem vivia junto ao rei<br>logo a doen\u00e7a pegou.<br>E os ministros e os soldados,<br>funcion\u00e1rios e agregados,<br>toda essa gente cegou.<\/p>\n\n\n\n<p class=\"has-text-align-center\">De uma cegueira terr\u00edvel,<br>que at\u00e9 parecia incr\u00edvel<br>de um vivente acreditar,<br>que os mesmos olhos que viam<br>pessoas grandes e fortes,<br>as pessoas pequeninas<br>n\u00e3o podiam enxergar.<\/p>\n\n\n\n<p class=\"has-text-align-center\">E se, no meio do povo,<br>nascia algum grandalh\u00e3o,<br>era logo convidado<br>para ser o assistente<br>de algum grande figur\u00e3o.<br>Ou sen\u00e3o, pra ter patente<br>de tenente ou capit\u00e3o.<br>E logo que ele chegava,<br>no pal\u00e1cio se instalava;<br>e a doen\u00e7a, bem depressa,<br>no tal grandalh\u00e3o pegava.<\/p>\n\n\n\n<p class=\"has-text-align-center\">Todas aquelas pessoas,<br>com quem ele convivia,<br>que ele t\u00e3o bem enxergava,<br>cuja voz t\u00e3o bem ouvia,<br>como num encantamento,<br>ele agora n\u00e3o tomava<br>o menor conhecimento\u2026<\/p>\n\n\n\n<p class=\"has-text-align-center\">Seria at\u00e9 engra\u00e7ado<br>se n\u00e3o fosse muito triste;<br>como tanta coisa estranha<br>que por esse mundo existe.<\/p>\n\n\n\n<p class=\"has-text-align-center\">E o povo foi desprezado,<br>pouco a pouco, lentamente.<br>Enquanto que pr\u00f3prio rei<br>vivia muito contente;<br>pois o que os olhos n\u00e3o v\u00eaem,<br>nosso cora\u00e7\u00e3o n\u00e3o sente.<\/p>\n\n\n\n<p class=\"has-text-align-center\">E o povo foi percebendo<br>que estava sendo esquecido;<br>que trabalhava bastante,<br>mas que nunca era atendido;<br>que por mais que se esfor\u00e7asse<br>n\u00e3o era reconhecido.<\/p>\n\n\n\n<p class=\"has-text-align-center\">Cada pessoa do povo<br>foi chegando \u00e1 convic\u00e7\u00e3o,<br>que eles mesmos \u00e9 que tinham<br>que encontrar a solu\u00e7\u00e3o<br>pra terminar a trag\u00e9dia.<br>Pois quem monta na garupa<br>n\u00e3o pega nunca na r\u00e9dea!<\/p>\n\n\n\n<p class=\"has-text-align-center\">Eles ent\u00e3o se juntaram,<br>Discutiram, pelejaram,<br>E chegaram \u00e0 conclus\u00e3o<br>Que, se a voz de um era fraca,<br>Juntando as vozes de todos<br>Mais parecia um trov\u00e3o.<\/p>\n\n\n\n<p class=\"has-text-align-center\">E se todos, t\u00e3o pequenos,<br>Fizessem pernas de pau,<br>Ent\u00e3o ficariam grandes,<br>E no pal\u00e1cio real<br>Seriam logo avistados,<br>Ouviriam os seus brados,<br>Seria como um sinal.<\/p>\n\n\n\n<p class=\"has-text-align-center\">E todos juntos, unidos,<br> fazendo muito alarido<br>seguiram pra capital.<br>Agora, todos bem altos<br>nas suas pernas de pau.<br>Enquanto isso, nosso rei<br>continuava contente.<br>Pois o que os olhos n\u00e3o v\u00eaem<br>nosso cora\u00e7\u00e3o n\u00e3o sente\u2026<\/p>\n\n\n\n<p class=\"has-text-align-center\">Mas de repente, que coisa!<br>Que ru\u00eddo t\u00e3o possante!<br>Uma voz t\u00e3o alta assim<br>s\u00f3 pode ser um gigante!<br>\u2013 Vamos olhar na muralha.<br>\u2013 Ai, S\u00e3o Sinfr\u00f4nio, me valha<br>neste momento terr\u00edvel!<br>Que coisa t\u00e3o grande \u00e9 esta<br>que parece uma floresta?<br>Mas que multid\u00e3o incr\u00edvel!<\/p>\n\n\n\n<p class=\"has-text-align-center\">E os bar\u00f5es e os cavaleiros,<br>ministros e camareiros,<br>damas, valetes e o rei<br>tremiam como geleia,<br>daquela grande assembl\u00e9ia,<br>como eu nunca imaginei!<\/p>\n\n\n\n<p class=\"has-text-align-center\">E os grand\u00f5es, antes t\u00e3o fortes,<br>que pareciam suportes<br>da pr\u00f3pria casa real;<br>agora tinham chiliques<br>e cheios de tremeliques<br>fugiam da capital.<\/p>\n\n\n\n<p class=\"has-text-align-center\">O povo estava espantado<br>pois nunca tinha pensado<br>em causar tal confus\u00e3o,<br>s\u00f3 queriam ser ouvidos,<br>ser vistos e recebidos<br>sem maior complica\u00e7\u00e3o.<\/p>\n\n\n\n<p class=\"has-text-align-center\">E agora os nobres fugiam,<br>apavorados corriam<br>de medo daquela gente.<br>E o rei corria na frente,<br>dizendo que desistia<br>de seus poderes reais.<br>Se governar era aquilo<br>ele n\u00e3o queria mais!<\/p>\n\n\n\n<p class=\"has-text-align-center\">Eu vou parar por aqui<br>a hist\u00f3ria a que estou contando.<br>O que se seguiu depois<br>cada um v\u00e1 inventando.<br>Se apareceu novo rei<br>ou se o povo est\u00e1 mandando,<br>na verdade n\u00e3o faz mal.<br>Que todos naquele reino<br>guardam muito bem guardadas<br>as suas pernas de pau.<\/p>\n\n\n\n<p class=\"has-text-align-center\">Pois temem que seu governo<br>possa cegar de repente.<br>E eles sabem muito bem<br>que quando os olhos n\u00e3o veem<br>nosso cora\u00e7\u00e3o n\u00e3o sente.<\/p>\n\n\n<p><!--EndFragment--><\/p>\n\n\n<div class=\"wp-block-media-text alignwide\"><figure class=\"wp-block-media-text__media\"><img loading=\"lazy\" width=\"653\" height=\"489\" src=\"http:\/\/projetoabelha.com.br\/wp-content\/uploads\/2020\/04\/RUTH-ROCHA-PA.jpeg\" alt=\"\" class=\"wp-image-4122\" srcset=\"http:\/\/projetoabelha.com.br\/wp-content\/uploads\/2020\/04\/RUTH-ROCHA-PA.jpeg 653w, http:\/\/projetoabelha.com.br\/wp-content\/uploads\/2020\/04\/RUTH-ROCHA-PA-300x225.jpeg 300w\" sizes=\"(max-width: 653px) 100vw, 653px\" \/><\/figure><div class=\"wp-block-media-text__content\">\n<p class=\"has-small-font-size\"> <a rel=\"noreferrer noopener\" href=\"http:\/\/projetoabelha.com.br\/?p=4126\" target=\"_blank\">Ruth Rocha<\/a>, \u00e9 uma das principais escritoras de livros infantis do Brasil. Soci\u00f3loga de forma\u00e7\u00e3o, trabalhou como orientadora educacional no Col\u00e9gio Rio Branco, em S\u00e3o Paulo.<br>Mas foi na revista&nbsp;<em>Recreio&nbsp;<\/em>que nasceu a escritora, quando sua amiga S\u00f4nia fez um convite-desafio para Ruth: em tom de brincadeira, trancou a amiga numa sala, dizendo que s\u00f3 sa\u00edsse de l\u00e1 com uma hist\u00f3ria pronta. Assim nasceu&nbsp;<em>Romeu e Julieta<\/em>, a primeira de uma s\u00e9rie de narrativas originais e divertidas, todas publicadas na&nbsp;<em>Recreio<\/em>, que mais tarde Ruth veio a dirigir.<br>A partir da\u00ed, o c\u00e9u virou o limite \u2013 j\u00e1 s\u00e3o 212 livros publicados e vendas na casa dos milh\u00f5es de exemplares, no Brasil e no exterior .<br>Verifique a biografia completa&nbsp;<a rel=\"noreferrer noopener\" href=\"http:\/\/projetoabelha.com.br\/?p=4126\" target=\"_blank\">aqui<\/a>. <\/p>\n<\/div><\/div>\n\n\n\n<div class=\"wp-block-media-text alignwide\" style=\"grid-template-columns:23% auto\"><figure class=\"wp-block-media-text__media\"><img loading=\"lazy\" width=\"300\" height=\"285\" src=\"http:\/\/projetoabelha.com.br\/wp-content\/uploads\/2016\/09\/abelha_cora\u00e7\u00e3o_amarelo.png\" alt=\"\" class=\"wp-image-1790\"\/><\/figure><div class=\"wp-block-media-text__content\">\n<p class=\"has-normal-font-size\"> <a rel=\"noreferrer noopener\" href=\"https:\/\/www.facebook.com\/projetoabelha\/\" target=\"_blank\">Projeto Abelha<\/a><br><a rel=\"noreferrer noopener\" href=\"https:\/\/www.instagram.com\/projetoabelha\/\" target=\"_blank\">@projetoabelha<\/a><br>#SejamosPolinizadores #SejamosAbelhas <\/p>\n<\/div><\/div>\n","protected":false},"excerpt":{"rendered":"<p>Ruth Rocha, \u00e9 uma das principais escritoras da literatura infantil brasileira.&nbsp;Segue uma pequena sele\u00e7\u00e3o de seus famosos poemas. O Direito das crian\u00e7as Toda crian\u00e7a no mundo Deve ser bem protegida Contra os rigores do tempo Contra os rigores da vida. Crian\u00e7a tem que ter nome Crian\u00e7a tem que ter lar Ter sa\u00fade e n\u00e3o ter&hellip;<\/p>\n","protected":false},"author":1,"featured_media":4122,"parent":110,"menu_order":0,"comment_status":"closed","ping_status":"closed","template":"","meta":[],"_links":{"self":[{"href":"http:\/\/projetoabelha.com.br\/index.php?rest_route=\/wp\/v2\/pages\/4141"}],"collection":[{"href":"http:\/\/projetoabelha.com.br\/index.php?rest_route=\/wp\/v2\/pages"}],"about":[{"href":"http:\/\/projetoabelha.com.br\/index.php?rest_route=\/wp\/v2\/types\/page"}],"author":[{"embeddable":true,"href":"http:\/\/projetoabelha.com.br\/index.php?rest_route=\/wp\/v2\/users\/1"}],"replies":[{"embeddable":true,"href":"http:\/\/projetoabelha.com.br\/index.php?rest_route=%2Fwp%2Fv2%2Fcomments&post=4141"}],"version-history":[{"count":6,"href":"http:\/\/projetoabelha.com.br\/index.php?rest_route=\/wp\/v2\/pages\/4141\/revisions"}],"predecessor-version":[{"id":4166,"href":"http:\/\/projetoabelha.com.br\/index.php?rest_route=\/wp\/v2\/pages\/4141\/revisions\/4166"}],"up":[{"embeddable":true,"href":"http:\/\/projetoabelha.com.br\/index.php?rest_route=\/wp\/v2\/pages\/110"}],"wp:featuredmedia":[{"embeddable":true,"href":"http:\/\/projetoabelha.com.br\/index.php?rest_route=\/wp\/v2\/media\/4122"}],"wp:attachment":[{"href":"http:\/\/projetoabelha.com.br\/index.php?rest_route=%2Fwp%2Fv2%2Fmedia&parent=4141"}],"curies":[{"name":"wp","href":"https:\/\/api.w.org\/{rel}","templated":true}]}}