{"id":4218,"date":"2020-04-08T01:53:36","date_gmt":"2020-04-08T01:53:36","guid":{"rendered":"http:\/\/projetoabelha.com.br\/?page_id=4218"},"modified":"2020-04-08T16:22:56","modified_gmt":"2020-04-08T16:22:56","slug":"enquanto-me-ninava-debora-araujo","status":"publish","type":"page","link":"http:\/\/projetoabelha.com.br\/?page_id=4218","title":{"rendered":"Enquanto me ninava"},"content":{"rendered":"\n<div class=\"wp-block-image\"><figure class=\"aligncenter size-large is-resized\"><a href=\"http:\/\/projetoabelha.com.br\/\"><img loading=\"lazy\" src=\"http:\/\/projetoabelha.com.br\/wp-content\/uploads\/2020\/04\/Enquanto-me-ninava-PA-1024x958.jpg\" alt=\"\" class=\"wp-image-4221\" width=\"404\" height=\"377\" srcset=\"http:\/\/projetoabelha.com.br\/wp-content\/uploads\/2020\/04\/Enquanto-me-ninava-PA-1024x958.jpg 1024w, http:\/\/projetoabelha.com.br\/wp-content\/uploads\/2020\/04\/Enquanto-me-ninava-PA-300x281.jpg 300w, http:\/\/projetoabelha.com.br\/wp-content\/uploads\/2020\/04\/Enquanto-me-ninava-PA-768x718.jpg 768w, http:\/\/projetoabelha.com.br\/wp-content\/uploads\/2020\/04\/Enquanto-me-ninava-PA.jpg 1176w\" sizes=\"(max-width: 404px) 100vw, 404px\" \/><\/a><\/figure><\/div>\n\n\n\n<h4 class=\"has-luminous-vivid-orange-color has-text-color has-text-align-center\">Enquanto me ninava, D\u00e9bora Ara\u00fajo<\/h4>\n\n\n\n<p><\/p>\n\n\n\n<p class=\"has-text-align-center\">Andei por todo o c\u00e9u<br>Corri pelo grande mar<br>Cantei com os p\u00e1ssaros<br>Guardei gotas de luar<\/p>\n\n\n\n<p class=\"has-text-align-center\">Da\u00ed eu percebi<br>Todo o amor que guarda a\u00ed<br>E sob seu olhar<br>Eu pude repousar<\/p>\n\n\n\n<p class=\"has-text-align-center\">Minha barriguinha falou<br>Que n\u00e3o era pra dormir<br>Dei uma choradinha<br>E voc\u00ea veio me acudir<\/p>\n\n\n\n<p class=\"has-text-align-center\">Cheia de carinho<br>Voc\u00ea disse baixinho<br>Que sou eu<br>O maior presente seu<\/p>\n\n\n\n<div class=\"wp-block-media-text alignwide is-stacked-on-mobile\" style=\"grid-template-columns:18% auto\"><figure class=\"wp-block-media-text__media\"><img loading=\"lazy\" width=\"300\" height=\"285\" src=\"http:\/\/projetoabelha.com.br\/wp-content\/uploads\/2016\/09\/abelha_cora\u00e7\u00e3o_amarelo.png\" alt=\"\" class=\"wp-image-1790\"\/><\/figure><div class=\"wp-block-media-text__content\">\n<p><a href=\"http:\/\/projetoabelha.com.br\/?page_id=395\">D\u00e9bora Ara\u00fajo<\/a><br>Instagram:\u00a0<a rel=\"noreferrer noopener\" href=\"https:\/\/www.instagram.com\/projetoabelha\/\" target=\"_blank\">@projetoabelha<\/a><br>Facebook:\u00a0<a rel=\"noreferrer noopener\" href=\"https:\/\/www.facebook.com\/projetoabelha\/\" target=\"_blank\">Projeto Abelha<\/a><\/p>\n<\/div><\/div>\n","protected":false},"excerpt":{"rendered":"<p>Enquanto me ninava, D\u00e9bora Ara\u00fajo Andei por todo o c\u00e9uCorri pelo grande marCantei com os p\u00e1ssarosGuardei gotas de luar Da\u00ed eu percebiTodo o amor que guarda a\u00edE sob seu olharEu pude repousar Minha barriguinha falouQue n\u00e3o era pra dormirDei uma choradinhaE voc\u00ea veio me acudir Cheia de carinhoVoc\u00ea disse baixinhoQue sou euO maior presente seu&hellip;<\/p>\n","protected":false},"author":1,"featured_media":4221,"parent":0,"menu_order":0,"comment_status":"closed","ping_status":"closed","template":"","meta":[],"_links":{"self":[{"href":"http:\/\/projetoabelha.com.br\/index.php?rest_route=\/wp\/v2\/pages\/4218"}],"collection":[{"href":"http:\/\/projetoabelha.com.br\/index.php?rest_route=\/wp\/v2\/pages"}],"about":[{"href":"http:\/\/projetoabelha.com.br\/index.php?rest_route=\/wp\/v2\/types\/page"}],"author":[{"embeddable":true,"href":"http:\/\/projetoabelha.com.br\/index.php?rest_route=\/wp\/v2\/users\/1"}],"replies":[{"embeddable":true,"href":"http:\/\/projetoabelha.com.br\/index.php?rest_route=%2Fwp%2Fv2%2Fcomments&post=4218"}],"version-history":[{"count":9,"href":"http:\/\/projetoabelha.com.br\/index.php?rest_route=\/wp\/v2\/pages\/4218\/revisions"}],"predecessor-version":[{"id":4251,"href":"http:\/\/projetoabelha.com.br\/index.php?rest_route=\/wp\/v2\/pages\/4218\/revisions\/4251"}],"wp:featuredmedia":[{"embeddable":true,"href":"http:\/\/projetoabelha.com.br\/index.php?rest_route=\/wp\/v2\/media\/4221"}],"wp:attachment":[{"href":"http:\/\/projetoabelha.com.br\/index.php?rest_route=%2Fwp%2Fv2%2Fmedia&parent=4218"}],"curies":[{"name":"wp","href":"https:\/\/api.w.org\/{rel}","templated":true}]}}