{"id":4359,"date":"2020-04-14T17:25:44","date_gmt":"2020-04-14T17:25:44","guid":{"rendered":"http:\/\/projetoabelha.com.br\/?page_id=4359"},"modified":"2020-04-15T04:25:38","modified_gmt":"2020-04-15T04:25:38","slug":"joseph-jacobs-biografia","status":"publish","type":"page","link":"http:\/\/projetoabelha.com.br\/?page_id=4359","title":{"rendered":"Joseph Jacobs, biografia"},"content":{"rendered":"\n<p><strong>Joseph Jacobs<\/strong> (1854-1916) nasceu dia 29 de agosto de 1854, em Sydney (Austr\u00e1lia). Em 1837, se mudou com seus pais e irm\u00e3os para Londres (Inglaterra).<\/p>\n\n\n\n<p>Foi secret\u00e1rio da Sociedade de Literatura Hebraica, de 1878 a 1884. Neste \u00ednterim, 1882, destacou-se como escritor de uma s\u00e9rie de artigos no&nbsp;The Times&nbsp;sobre a persegui\u00e7\u00e3o de judeus na R\u00fassia.&nbsp;<\/p>\n\n\n\n<p>Not\u00f3rio cr\u00edtico liter\u00e1rio, folclorista, historiador e editor, escreveu livros sobre a hist\u00f3ria e tradi\u00e7\u00e3o judaicas e livros de hist\u00f3rias infantis. Contudo, seu maior destaque \u00e9 sua imensa contribui\u00e7\u00e3o para a literatura infantil. A forma simples e objetiva com que falava \u00e0s crian\u00e7as foram um diferencial para seu sucesso.<\/p>\n\n\n\n<p>Joseph Jacobs foi um dos principais e mais populares escritores de contos de fadas para crian\u00e7as de l\u00edngua inglesa, pois, enquanto esteve na Inglaterra estudou e reuniu material para publicar contos do folclore ingl\u00eas. <\/p>\n\n\n\n<p>Buscou e publicou f\u00e1bulas de lugares distintos, mas, a fim de resgatar as hist\u00f3rias orais contadas e recontadas no pa\u00eds, concentrou seus esfor\u00e7os na colet\u00e2nea de contos do folclore ingl\u00eas. Esta tamb\u00e9m seria uma resposta brit\u00e2nica para os trabalhos de Perrault, na Fran\u00e7a, e os Irm\u00e3os Grimm, na Alemanha. Foram quatro volumes, todos ilustrados por John D Batten: English Fairy Tales&nbsp;(Contos de Fadas Ingleses), 1890; Celtic Fairy Tales&nbsp;(Contos de Fadas Celtas), 1892; More English Fairy Tales&nbsp;(Mais Contos de Fadas Ingleses), 1894; More Celtics Fairy Tales&nbsp;(Mais Contos de Fadas Celtas), 1894.<\/p>\n\n\n\n<p><em><strong>Contos de Fadas Ingleses:<\/strong><\/em> A maioria de n\u00f3s conhece os contos de fadas ingleses, como &#8220;Jo\u00e3o e o p\u00e9 de feij\u00e3o&#8221;, &#8220;O Pequeno Polegar&#8221;, &#8220;Os Tr\u00eas Porquinhos&#8221;, entre outras. Estas hist\u00f3rias carregam a marca peculiar inglesa que, entre um elemento e outro, adquirem um tom mais c\u00f4mico, divertido. Por exemplo, O Pequeno Polegar que depois de muitas perip\u00e9cias, chega \u00e0 Corte do Rei Artur e torna-se o favorito do rei e dos Cavaleiros da T\u00e1vola Redonda. Sua montaria, espada e roupas de cavaleiro pr\u00f3prias ao seu tamanho \u00e9 um tra\u00e7o que, aliado a suas ast\u00facias e truques, promove um tom divertido \u00e0 hist\u00f3ria.<\/p>\n\n\n\n<div class=\"wp-block-image\"><figure class=\"aligncenter size-large is-resized\"><a href=\"projetoabelha.com.br\"><img loading=\"lazy\" src=\"http:\/\/projetoabelha.com.br\/wp-content\/uploads\/2020\/04\/joao-e-o-pe-de-feiajo.jpg\" alt=\"\" class=\"wp-image-4361\" width=\"358\" height=\"376\" srcset=\"http:\/\/projetoabelha.com.br\/wp-content\/uploads\/2020\/04\/joao-e-o-pe-de-feiajo.jpg 800w, http:\/\/projetoabelha.com.br\/wp-content\/uploads\/2020\/04\/joao-e-o-pe-de-feiajo-286x300.jpg 286w, http:\/\/projetoabelha.com.br\/wp-content\/uploads\/2020\/04\/joao-e-o-pe-de-feiajo-768x806.jpg 768w\" sizes=\"(max-width: 358px) 100vw, 358px\" \/><\/a><figcaption>Jo\u00e3o e o P\u00e9 de Feij\u00e3o<\/figcaption><\/figure><\/div>\n\n\n\n<p><em><strong>Contos de Fadas Celtas:<\/strong><\/em> s\u00e3o contos extra\u00eddos da tradi\u00e7\u00e3o oral celta que apresentam a diversidade, riqueza e colorido imaginativo dessa tradi\u00e7\u00e3o trazendo os variados tipos de narrativas ocorrentes dentre a imensa gama de contos populares celtas.<\/p>\n\n\n\n<p>Em 1898, incluiu a coletaria Contos de Fadas Ingleses a hist\u00f3ria &#8220;Os Tr\u00eas Porquinhos&#8221;, que j\u00e1 era muito conhecida no folclore ingl\u00eas, por\u00e9m, tornou-se mundialmente conhecida quando Joseph Jacobs a transformou em um livro.<\/p>\n\n\n\n<p>Entre os seus livros, tamb\u00e9m est\u00e3o:<\/p>\n\n\n\n<p><em><strong>Contos de Fadas Indianos,<\/strong><\/em>&nbsp;contempla 29 hist\u00f3rias que, al\u00e9m do apelo para os ensinamentos espiritualistas do hindu\u00edsmo, tamb\u00e9m falam de princesas e pr\u00edncipes, raj\u00e1s, animais encantados. Apesar de apresentarem uma estrutura parecida com as dos contos de fadas europeus, estes contos trazem em suas narrativas avatares do Buda ou de Krishna.<\/p>\n\n\n\n<p><strong><em>F\u00e1bulas do Esopo<\/em><\/strong>,&nbsp;que contempla uma cole\u00e7\u00e3o de f\u00e1bulas creditadas a&nbsp;Esopo&nbsp;(620 a.C.|620\u2014564 a.C?.), contador de hist\u00f3rias que viveu&nbsp;Gr\u00e9cia Antiga e a quem s\u00e3o atribu\u00eddas v\u00e1rias f\u00e1bulas populares como: A Cigarra e a Formiga,&nbsp;A tartaruga e a lebre, O vento norte e o sol&nbsp;e&nbsp;O menino que gritava lobo,&nbsp;O Lobo e o Cordeiro. As f\u00e1bulas de Esopo remontam uma chance popular pra educa\u00e7\u00e3o moral de crian\u00e7as at\u00e9 os dias de hoje. Assim, podemos dizer que em toda parte, a f\u00e1bula \u00e9 um conto de moralidade popular, uma li\u00e7\u00e3o de&nbsp;intelig\u00eancia e de justi\u00e7a.<\/p>\n\n\n\n<p>Entre os anos de 1889 e 1900 foi editor nas revistas Folklore e Papers and Transaction. Mudou-se para Nova York em 1900, onde trabalhou como editor na enciclop\u00e9dia judaica The Jewish Encyclopedia.<\/p>\n\n\n\n<p>Em 30 de janeiro de 1916, faleceu por doen\u00e7a card\u00edaca em sua casa em Yonkers (Nova York), e foi enterrado no cemit\u00e9rio de Temple Emanuel, Mt Hope.&nbsp;<\/p>\n\n\n\n<h3>Adapta\u00e7\u00e3o audiovisual de &#8220;A Cigarra e a Formiga&#8221;, Disney (1934)<\/h3>\n\n\n\n<p><\/p>\n\n\n\n<figure class=\"wp-block-embed-youtube wp-block-embed is-type-video is-provider-youtube wp-embed-aspect-4-3 wp-has-aspect-ratio\"><div class=\"wp-block-embed__wrapper\">\n<iframe loading=\"lazy\" title=\"Disney&#039;s 1934 The Grasshopper and the Ants\" width=\"700\" height=\"525\" src=\"https:\/\/www.youtube.com\/embed\/wxzI2yPbc5s?feature=oembed\" frameborder=\"0\" allow=\"accelerometer; autoplay; encrypted-media; gyroscope; picture-in-picture\" allowfullscreen><\/iframe>\n<\/div><\/figure>\n\n\n\n<h5><strong>Fontes<\/strong>:<\/h5>\n\n\n\n<p class=\"has-small-font-size\">https:\/\/www.britannica.com\/biography\/Joseph-Jacobs<br>https:\/\/books.google.com.br\/books?id=_-OAAAAQAAJ&amp;pg=PA68&amp;redir_esc=y<br>http:\/\/web.prm.ox.ac.uk\/england\/englishness-Joseph-Jacobs.html<br>https:\/\/books.google.com.br\/books\/about\/Contos_De_Fadas_Ingleses.html?id=98huPgAACAAJ&amp;source=kp_book_description&amp;redir_esc=y<br>https:\/\/books.google.com.br\/books\/about\/Contos_de_fadas_celtas.html?id=5xioPgAACAAJ&amp;source=kp_book_description&amp;redir_esc=y<br>http:\/\/asmelhorespartes.blogspot.com\/2013\/01\/contos-de-fadas-indianos-joseph-jacobs.html<br>https:\/\/pt.wikipedia.org\/wiki\/F%C3%A1bulas_de_Esopo<br>https:\/\/educacao.uol.com.br\/disciplinas\/portugues\/fabula-quem-foi-esopo.htm<\/p>\n\n\n\n<div class=\"wp-block-media-text alignwide is-stacked-on-mobile\" style=\"grid-template-columns:15% auto\"><figure class=\"wp-block-media-text__media\"><img loading=\"lazy\" width=\"300\" height=\"285\" src=\"http:\/\/projetoabelha.com.br\/wp-content\/uploads\/2016\/09\/abelha_cora\u00e7\u00e3o_amarelo.png\" alt=\"\" class=\"wp-image-1790\"\/><\/figure><div class=\"wp-block-media-text__content\">\n<p><a href=\"https:\/\/web.facebook.com\/projetoabelha\/\">Facebook: Projeto Abelha<\/a><br><a href=\"https:\/\/www.instagram.com\/projetoabelha\/\">Instagra: @projetoabelha<\/a><\/p>\n<\/div><\/div>\n","protected":false},"excerpt":{"rendered":"<p>Joseph Jacobs (1854-1916) nasceu dia 29 de agosto de 1854, em Sydney (Austr\u00e1lia). Em 1837, se mudou com seus pais e irm\u00e3os para Londres (Inglaterra). Foi secret\u00e1rio da Sociedade de Literatura Hebraica, de 1878 a 1884. Neste \u00ednterim, 1882, destacou-se como escritor de uma s\u00e9rie de artigos no&nbsp;The Times&nbsp;sobre a persegui\u00e7\u00e3o de judeus na R\u00fassia.&nbsp;&hellip;<\/p>\n","protected":false},"author":1,"featured_media":4361,"parent":0,"menu_order":0,"comment_status":"closed","ping_status":"closed","template":"","meta":[],"_links":{"self":[{"href":"http:\/\/projetoabelha.com.br\/index.php?rest_route=\/wp\/v2\/pages\/4359"}],"collection":[{"href":"http:\/\/projetoabelha.com.br\/index.php?rest_route=\/wp\/v2\/pages"}],"about":[{"href":"http:\/\/projetoabelha.com.br\/index.php?rest_route=\/wp\/v2\/types\/page"}],"author":[{"embeddable":true,"href":"http:\/\/projetoabelha.com.br\/index.php?rest_route=\/wp\/v2\/users\/1"}],"replies":[{"embeddable":true,"href":"http:\/\/projetoabelha.com.br\/index.php?rest_route=%2Fwp%2Fv2%2Fcomments&post=4359"}],"version-history":[{"count":10,"href":"http:\/\/projetoabelha.com.br\/index.php?rest_route=\/wp\/v2\/pages\/4359\/revisions"}],"predecessor-version":[{"id":4399,"href":"http:\/\/projetoabelha.com.br\/index.php?rest_route=\/wp\/v2\/pages\/4359\/revisions\/4399"}],"wp:featuredmedia":[{"embeddable":true,"href":"http:\/\/projetoabelha.com.br\/index.php?rest_route=\/wp\/v2\/media\/4361"}],"wp:attachment":[{"href":"http:\/\/projetoabelha.com.br\/index.php?rest_route=%2Fwp%2Fv2%2Fmedia&parent=4359"}],"curies":[{"name":"wp","href":"https:\/\/api.w.org\/{rel}","templated":true}]}}