{"id":4379,"date":"2020-04-15T00:08:01","date_gmt":"2020-04-15T00:08:01","guid":{"rendered":"http:\/\/projetoabelha.com.br\/?page_id=4379"},"modified":"2020-04-15T00:09:54","modified_gmt":"2020-04-15T00:09:54","slug":"irmaos-grimm-biografia","status":"publish","type":"page","link":"http:\/\/projetoabelha.com.br\/?page_id=4379","title":{"rendered":"Irm\u00e3os Grimm, biografia"},"content":{"rendered":"\n<p class=\"has-text-align-center has-normal-font-size\">&#8220;A rainha foi at\u00e9 seu espelho e perguntou:<em><br>Espelho, espelho meu, existe algu\u00e9m mais bela do que eu?<br><\/em>E o espelho respondeu: <br><em>Voc\u00ea, rainha, \u00e9 a mais bela aqui, mas a Branca de Neve, que est\u00e1 morando com os sete an\u00f5es, bem longe, \u00e9 mil vezes mais bela.&#8221;<\/em><\/p>\n\n\n\n<div class=\"wp-block-image\"><figure class=\"aligncenter size-large is-resized\"><a href=\"http:\/\/projetoabelha.com.br\/\"><img loading=\"lazy\" src=\"http:\/\/projetoabelha.com.br\/wp-content\/uploads\/2020\/04\/Branca-de-Neve-PA-1024x1024.jpg\" alt=\"\" class=\"wp-image-4386\" width=\"394\" height=\"394\" srcset=\"http:\/\/projetoabelha.com.br\/wp-content\/uploads\/2020\/04\/Branca-de-Neve-PA-1024x1024.jpg 1024w, http:\/\/projetoabelha.com.br\/wp-content\/uploads\/2020\/04\/Branca-de-Neve-PA-300x300.jpg 300w, http:\/\/projetoabelha.com.br\/wp-content\/uploads\/2020\/04\/Branca-de-Neve-PA-150x150.jpg 150w, http:\/\/projetoabelha.com.br\/wp-content\/uploads\/2020\/04\/Branca-de-Neve-PA-768x768.jpg 768w, http:\/\/projetoabelha.com.br\/wp-content\/uploads\/2020\/04\/Branca-de-Neve-PA.jpg 1200w\" sizes=\"(max-width: 394px) 100vw, 394px\" \/><\/a><figcaption>Branca de Neve<\/figcaption><\/figure><\/div>\n\n\n\n<p>Os Irm\u00e3os Grimm, <strong>Jacob Ludwing Carl Grimm<\/strong> (1785-1863) e <strong>Wilhelm Carl Grimm<\/strong> (1786-1859), nasceram em Hanau, no Gr\u00e3o-ducado de Hesse, na Alemanha. Eram os filhos mais velhos do jurista Philipp Wilhelm Grimm e Dorothea Grimm.<\/p>\n\n\n\n<p>Receberam forma\u00e7\u00e3o religiosa na Igreja Calvinista Reformada e viveram sua inf\u00e2ncia na aldeia de Steinau, onde o pai era funcion\u00e1rio de justi\u00e7a e Administra\u00e7\u00e3o do conde de Hessen. Por conta da morte repentina do pai em 1796, a fam\u00edlia passou por muitas dificuldades financeiras. Dois anos depois, em 1798, Jacob e Wilhelm foram morar na casa de uma tia materna em Hassel e matriculados no Friedrichsgymnasium.<\/p>\n\n\n\n<p>Ap\u00f3s concluir o ensino m\u00e9dio, Jacob e Wilhelm ingressaram na Universidade de Marburg. Devido ao seu interesse pelas pesquisas de manuscritos e documentos hist\u00f3ricos, ganharam o apoio do professor Friedrich Carlvon Savigny, que colocou sua biblioteca particular \u00e0 disposi\u00e7\u00e3o dos irm\u00e3os. Assim, eles tiveram acesso \u00e0s obras do Romantismo e \u00e0s cantigas de amor medievais. Depois que se formaram, se fixaram em Kassel, Alemanha, onde ocuparam o cargo de bibliotec\u00e1rio.<\/p>\n\n\n\n<p>Em 1807, com o avan\u00e7o do ex\u00e9rcito franc\u00eas pelos territ\u00f3rios alem\u00e3es, a cidade de Kassel passou a ser governada por J\u00e9rome Bonaparte, irm\u00e3o mais novo de Napole\u00e3o, que a tornou capital do reino rec\u00e9m-instalado Reino da Vestf\u00e1lia. Essa situa\u00e7\u00e3o despertou o esp\u00edrito nacionalista do romantismo alem\u00e3o. A busca das ra\u00edzes populares da germanidade estava em voga.<\/p>\n\n\n\n<p>Quando os irm\u00e3os Grimm deram in\u00edcio \u00e0s suas pesquisas, os poetas Achim Von Arnim e Clemens Brentano j\u00e1 haviam publicado uma colet\u00e2nea de versos de exalta\u00e7\u00e3o popular, Des Knaben Wunderhorn (A Trompa M\u00e1gica do Menino), o que despertou ainda mais a curiosidade dos irm\u00e3os \u00e0s narrativas populares, registradas nos livros antigos, e a busca de suas ra\u00edzes culturais.<\/p>\n\n\n\n<p>Os irm\u00e3os reivindicaram a origem alem\u00e3 para hist\u00f3rias conhecidas tamb\u00e9m em outros pa\u00edses europeus \u2013 como Chapeuzinho Vermelho, registrada pelo franc\u00eas Charles Perrault, bem antes do s\u00e9culo XVII. No final de 1812, os irm\u00e3os apresentaram 86 contos, coletados da tradi\u00e7\u00e3o oral da regi\u00e3o alem\u00e3 do Hesse, em um volume intitulado \u201cKinder-und Hausm\u00e4rchen\u201d (Contos de Fadas para o Lar e as Crian\u00e7as). Em 1815, lan\u00e7aram o segundo volume com mais setenta contos.<\/p>\n\n\n\n<p>Como resultado das pesquisas, os Irm\u00e3os Grimm criaram um dicion\u00e1rio filol\u00f3gico da l\u00edngua alem\u00e3. Sob o cuidado exclusivo de Wilhelm, as edi\u00e7\u00f5es seguintes somaram mais de 200 contos. As hist\u00f3rias, revisadas e acrescidas, ganharam vers\u00f5es menos impr\u00f3prias para crian\u00e7as, tornando-se t\u00edpicos contos de fadas.<\/p>\n\n\n\n<p>Entre os contos coligidos est\u00e3o: \u201cChapeuzinho Vermelho\u201d, \u201cA Bela Adormecida\u201d, \u201cA Gata Borralheira\u201d, \u201cBranca de Neve\u201d, \u201cRapunzel\u201d, \u201cA Pastora de Gansos\u201d, \u201cJo\u00e3o e Maria\u201d, \u201cA M\u00e3o Com a Faca\u201d e \u201cA Chave Dourada\u201d.<\/p>\n\n\n\n<p>Os Irm\u00e3os Grimm faleceram em Berlim, Alemanha, Wilhelm no dia 16 de dezembro de 1859 e Jacob no dia 20 de setembro de&nbsp;1863.<\/p>\n\n\n\n<p>Fonte:<br>https:\/\/brasilescola.uol.com.br\/biografia\/irmaos-grimm.htm<br>https:\/\/www.ebiografia.com\/irmaos_grimm\/<\/p>\n\n\n\n<div class=\"wp-block-media-text alignwide is-stacked-on-mobile\" style=\"grid-template-columns:15% auto\"><figure class=\"wp-block-media-text__media\"><img loading=\"lazy\" width=\"300\" height=\"285\" src=\"http:\/\/projetoabelha.com.br\/wp-content\/uploads\/2016\/09\/abelha_cora\u00e7\u00e3o_amarelo.png\" alt=\"\" class=\"wp-image-1790\"\/><\/figure><div class=\"wp-block-media-text__content\">\n<p>Facebook:&nbsp;<a href=\"https:\/\/web.facebook.com\/projetoabelha\/\">Projeto Abelha<\/a><br>Instagram:&nbsp;<a href=\"https:\/\/www.instagram.com\/projetoabelha\/\">@projetoabelha<\/a><\/p>\n<\/div><\/div>\n","protected":false},"excerpt":{"rendered":"<p>&#8220;A rainha foi at\u00e9 seu espelho e perguntou:Espelho, espelho meu, existe algu\u00e9m mais bela do que eu?E o espelho respondeu: Voc\u00ea, rainha, \u00e9 a mais bela aqui, mas a Branca de Neve, que est\u00e1 morando com os sete an\u00f5es, bem longe, \u00e9 mil vezes mais bela.&#8221; Os Irm\u00e3os Grimm, Jacob Ludwing Carl Grimm (1785-1863) e&hellip;<\/p>\n","protected":false},"author":1,"featured_media":4386,"parent":0,"menu_order":0,"comment_status":"closed","ping_status":"closed","template":"","meta":[],"_links":{"self":[{"href":"http:\/\/projetoabelha.com.br\/index.php?rest_route=\/wp\/v2\/pages\/4379"}],"collection":[{"href":"http:\/\/projetoabelha.com.br\/index.php?rest_route=\/wp\/v2\/pages"}],"about":[{"href":"http:\/\/projetoabelha.com.br\/index.php?rest_route=\/wp\/v2\/types\/page"}],"author":[{"embeddable":true,"href":"http:\/\/projetoabelha.com.br\/index.php?rest_route=\/wp\/v2\/users\/1"}],"replies":[{"embeddable":true,"href":"http:\/\/projetoabelha.com.br\/index.php?rest_route=%2Fwp%2Fv2%2Fcomments&post=4379"}],"version-history":[{"count":8,"href":"http:\/\/projetoabelha.com.br\/index.php?rest_route=\/wp\/v2\/pages\/4379\/revisions"}],"predecessor-version":[{"id":4392,"href":"http:\/\/projetoabelha.com.br\/index.php?rest_route=\/wp\/v2\/pages\/4379\/revisions\/4392"}],"wp:featuredmedia":[{"embeddable":true,"href":"http:\/\/projetoabelha.com.br\/index.php?rest_route=\/wp\/v2\/media\/4386"}],"wp:attachment":[{"href":"http:\/\/projetoabelha.com.br\/index.php?rest_route=%2Fwp%2Fv2%2Fmedia&parent=4379"}],"curies":[{"name":"wp","href":"https:\/\/api.w.org\/{rel}","templated":true}]}}