{"id":4447,"date":"2020-04-22T16:29:18","date_gmt":"2020-04-22T16:29:18","guid":{"rendered":"http:\/\/projetoabelha.com.br\/?page_id=4447"},"modified":"2020-05-01T01:17:30","modified_gmt":"2020-05-01T01:17:30","slug":"esopo-biografia","status":"publish","type":"page","link":"http:\/\/projetoabelha.com.br\/?page_id=4447","title":{"rendered":"Esopo, biografia"},"content":{"rendered":"\n<p>Esopo (s\u00e9c. VI a.C) foi um fabulista grego que entrou para a hist\u00f3ria como o primeiro criador de f\u00e1bulas e \u00e9 considerado o maior e mais famoso representante deste estilo liter\u00e1rio.<\/p>\n\n\n\n<ul><li><em>A palavra latina \u201cf\u00e1bula\u201d deriva do verbo&nbsp;fabulare&nbsp;(\u201cconversar\u201d, \u201cnarrar\u201d), o que mostra que a f\u00e1bula tem sua origem na tradi\u00e7\u00e3o oral. A prop\u00f3sito, \u00e9 da palavra latina \u201cf\u00e1bula\u201d que surgiu o substantivo portugu\u00eas \u201cfala\u201d e o verbo \u201cfalar\u201d.<\/em><\/li><\/ul>\n\n\n\n<p>De acordo com uma biografia eg\u00edpcia do s\u00e9culo I a.C., \u00e9 prov\u00e1vel que Esopo tenha nascido em Tr\u00e1cia, onde atualmente se localiza a Turquia. Foi vendido como escravo em Samos para um fil\u00f3sofo, que posteriormente lhe concedeu a alforria.<\/p>\n\n\n\n<p>Plutarco ou L\u00facio M\u00e9strio Plutarco (historiador, bi\u00f3grafo, ensa\u00edsta e fil\u00f3sofo m\u00e9dio plat\u00f4nico grego), afirmou que Esopo foi conselheiro de Creso, o ultimo rei da L\u00eddia (atual regi\u00e3o da Turquia e U\u015fak), e que costumava lhe contar hist\u00f3rias sobre animais com teor moral.<\/p>\n\n\n\n<p>Suas viagens por lugares diferentes como Oriente M\u00e9dio, Egito e Babil\u00f4nia, enriqueceram e corroboraram com suas hist\u00f3rias. Assim, Esopo, teria angariado uma s\u00e9rie de pequenas hist\u00f3rias, protagonizadas por animais que vivenciavam situa\u00e7\u00f5es tipicas do dia-a-dia dos seres humanos, mas carregadas de moralidade.<\/p>\n\n\n\n<div class=\"wp-block-image\"><figure class=\"aligncenter size-large is-resized\"><img loading=\"lazy\" src=\"http:\/\/projetoabelha.com.br\/wp-content\/uploads\/2020\/04\/The-Tortoise-and-the-Hare-PA.jpg\" alt=\"\" class=\"wp-image-4443\" width=\"322\" height=\"325\" srcset=\"http:\/\/projetoabelha.com.br\/wp-content\/uploads\/2020\/04\/The-Tortoise-and-the-Hare-PA.jpg 800w, http:\/\/projetoabelha.com.br\/wp-content\/uploads\/2020\/04\/The-Tortoise-and-the-Hare-PA-297x300.jpg 297w, http:\/\/projetoabelha.com.br\/wp-content\/uploads\/2020\/04\/The-Tortoise-and-the-Hare-PA-150x150.jpg 150w, http:\/\/projetoabelha.com.br\/wp-content\/uploads\/2020\/04\/The-Tortoise-and-the-Hare-PA-768x777.jpg 768w\" sizes=\"(max-width: 322px) 100vw, 322px\" \/><figcaption>&#8220;A Lebre e a Tartaruga&#8221;<\/figcaption><\/figure><\/div>\n\n\n\n<p>Dem\u00e9trio de Falero, orador da Gr\u00e9cia Antiga, redigiu em prosa no s\u00e9culo IV a.C., a primeira colet\u00e2nea das f\u00e1bulas de Esopo. No s\u00e9culo I da era crist\u00e3,  Fedro, um escravo liberto, escreveu em latim diversos livros de f\u00e1bulas que imitavam as f\u00e1bulas de Esopo e se tornaram igualmente c\u00e9lebres.<\/p>\n\n\n\n<p>A cole\u00e7\u00e3o de Esopo era lida no s\u00e9culo V em Atenas, uma das \u00e9pocas de maior efervesc\u00eancia cultural grega. Seus escritos faziam parte da tradi\u00e7\u00e3o oral, assim como as obras de Homero, por isso, s\u00f3 foram reunidas e escritas depois de 200 anos.<\/p>\n\n\n\n<p>Maximus Planudes, um monge bizantino e humanista do s\u00e9culo XIV,   revisou as f\u00e1bulas, que at\u00e9 ent\u00e3o, eram atribu\u00eddas a monges bizantinos por conta da similaridade moral entre as historias e os evangelhos b\u00edblicos.<\/p>\n\n\n\n<p>Esopo inspirou muitos poetas medievais, que fizeram usos de suas f\u00e1bulas, elas tamb\u00e9m influenciaram Jean de La Fontaine (1621 &#8211; 1695), escritor e fabulista franc\u00eas.<\/p>\n\n\n\n<p>E torno de sua morte surgiram v\u00e1rias lendas, uma delas diz que ele faleceu em Delfos, lan\u00e7ado de um precip\u00edcio sob a acusa\u00e7\u00e3o de sacril\u00e9gio.<\/p>\n\n\n\n<h4>Algumas frases famosas de Esopo<\/h4>\n\n\n\n<p><\/p>\n\n\n\n<ul><li>Nenhum gesto de amizade, por muito insignificante que seja, \u00e9 desperdi\u00e7ado.<\/li><li>O amor constr\u00f3i, a viol\u00eancia arru\u00edna.<\/li><li>Quem tudo quer, tudo perde.<\/li><li>Unidos venceremos. Divididos, cairemos.<\/li><li>Um peda\u00e7o de p\u00e3o comido em paz \u00e9 melhor do que um banquete comido com ansiedade.<\/li><li>N\u00e3o se deve contar com o ovo quando ele est\u00e1 dentro da Galinha.<\/li><\/ul>\n\n\n\n<h4>F\u00e1bulas famosas atribu\u00eddas a Esopo<\/h4>\n\n\n\n<p><\/p>\n\n\n\n<ul><li><a href=\"http:\/\/projetoabelha.com.br\/?page_id=4490\">A raposa e as uvas<\/a><\/li><li><a href=\"http:\/\/projetoabelha.com.br\/?page_id=4503\">A lebre e a tartaruga<\/a><\/li><li><a href=\"http:\/\/projetoabelha.com.br\/?page_id=4513\">O lobo e o cordeiro<\/a><\/li><li><a href=\"http:\/\/projetoabelha.com.br\/?page_id=4520\">A formiga e o escaravelho<\/a><\/li><li><a href=\"http:\/\/projetoabelha.com.br\/?page_id=4528\">O asno e a carga de sal<\/a><\/li><li><a href=\"http:\/\/projetoabelha.com.br\/?page_id=4540\">O lobo e a ovelha<\/a><\/li><li><a href=\"http:\/\/projetoabelha.com.br\/?page_id=4543\">O cervo e o le\u00e3o<\/a><\/li><li><a href=\"http:\/\/projetoabelha.com.br\/?page_id=4567\">O c\u00e3o e a sombra<\/a><\/li><li><a href=\"http:\/\/projetoabelha.com.br\/?page_id=4577\">O lobo e o c\u00e3o<\/a><\/li><li><a href=\"http:\/\/projetoabelha.com.br\/?page_id=4585\">O cervo, o lobo e a ovelha<\/a><\/li><li><a href=\"http:\/\/projetoabelha.com.br\/?page_id=4590\">O lobo e a cegonha<\/a><\/li><li><a href=\"http:\/\/projetoabelha.com.br\/?page_id=4597\">A andorinha e as outras aves<\/a><\/li><li><a href=\"http:\/\/projetoabelha.com.br\/?page_id=4605\">A raposa e o corvo<\/a><\/li><li><a href=\"http:\/\/projetoabelha.com.br\/?page_id=4612\">O le\u00e3o, a vaca, a cabra e a ovelha<\/a><\/li><li><a href=\"Facebook: Projeto Abelha Instagram: @projetoabelha\">O le\u00e3o e o rato<\/a><\/li><li>O asno e o le\u00e3o<\/li><li>A r\u00e3 e o touro<\/li><li>O cavalo e o le\u00e3o<\/li><li>A porca e o lobo<\/li><li>A raposa e o le\u00e3o<\/li><li>O rato e a r\u00e3<\/li><li>O galo e a raposa<\/li><li>O c\u00e3o e a ovelha<\/li><li>A raposa e o corvo<\/li><li>As lebres e as r\u00e3s<\/li><li>A porca e a loba<\/li><li>O lobo e o cabrito<\/li><li>O c\u00e3o e a sombra<\/li><li>O le\u00e3o e o rato<\/li><li>A gralha e os pav\u00f5es<\/li><\/ul>\n\n\n\n<h4>Assista a adapta\u00e7\u00e3o audiovisual da f\u00e1bula &#8220;A Lebre e a Tartaruga&#8221; produzida e publicada pelo canal Turma Mirim<\/h4>\n\n\n\n<p><\/p>\n\n\n\n<figure class=\"wp-block-embed-youtube wp-block-embed is-type-video is-provider-youtube wp-embed-aspect-16-9 wp-has-aspect-ratio\"><div class=\"wp-block-embed__wrapper\">\n<iframe loading=\"lazy\" title=\"A Lebre e a Tartaruga - Turma Mirim\" width=\"700\" height=\"394\" src=\"https:\/\/www.youtube.com\/embed\/Lr5hrXLzMNU?feature=oembed\" frameborder=\"0\" allow=\"accelerometer; autoplay; encrypted-media; gyroscope; picture-in-picture\" allowfullscreen><\/iframe>\n<\/div><\/figure>\n\n\n\n<p><\/p>\n\n\n\n<p><\/p>\n\n\n\n<p><strong>Fontes:<\/strong><br>https:\/\/www.infoescola.com\/generos-literarios\/fabula\/<br>https:\/\/www.infoescola.com\/biografias\/esopo\/<br>https:\/\/pt.wikipedia.org\/wiki\/Esopo<br>https:\/\/www.culturagenial.com\/fabulas-de-esopo\/<br>https:\/\/www.ebiografia.com\/esopo\/<\/p>\n\n\n\n<div class=\"wp-block-media-text alignwide is-stacked-on-mobile\" style=\"grid-template-columns:15% auto\"><figure class=\"wp-block-media-text__media\"><img loading=\"lazy\" width=\"300\" height=\"285\" src=\"http:\/\/projetoabelha.com.br\/wp-content\/uploads\/2016\/09\/abelha_cora\u00e7\u00e3o_amarelo.png\" alt=\"\" class=\"wp-image-1790\"\/><\/figure><div class=\"wp-block-media-text__content\">\n<p><a href=\"http:\/\/projetoabelha.com.br\/?page_id=395\">D\u00e9bora Araujo<\/a><br><a href=\"https:\/\/web.facebook.com\/projetoabelha\/\">Facebook: Projeto Abelha<\/a><br><a href=\"https:\/\/www.instagram.com\/projetoabelha\/\">Instagram: @projetoabelha<\/a><\/p>\n<\/div><\/div>\n","protected":false},"excerpt":{"rendered":"<p>Esopo (s\u00e9c. VI a.C) foi um fabulista grego que entrou para a hist\u00f3ria como o primeiro criador de f\u00e1bulas e \u00e9 considerado o maior e mais famoso representante deste estilo liter\u00e1rio. A palavra latina \u201cf\u00e1bula\u201d deriva do verbo&nbsp;fabulare&nbsp;(\u201cconversar\u201d, \u201cnarrar\u201d), o que mostra que a f\u00e1bula tem sua origem na tradi\u00e7\u00e3o oral. A prop\u00f3sito, \u00e9 da&hellip;<\/p>\n","protected":false},"author":1,"featured_media":4491,"parent":0,"menu_order":0,"comment_status":"closed","ping_status":"closed","template":"","meta":[],"_links":{"self":[{"href":"http:\/\/projetoabelha.com.br\/index.php?rest_route=\/wp\/v2\/pages\/4447"}],"collection":[{"href":"http:\/\/projetoabelha.com.br\/index.php?rest_route=\/wp\/v2\/pages"}],"about":[{"href":"http:\/\/projetoabelha.com.br\/index.php?rest_route=\/wp\/v2\/types\/page"}],"author":[{"embeddable":true,"href":"http:\/\/projetoabelha.com.br\/index.php?rest_route=\/wp\/v2\/users\/1"}],"replies":[{"embeddable":true,"href":"http:\/\/projetoabelha.com.br\/index.php?rest_route=%2Fwp%2Fv2%2Fcomments&post=4447"}],"version-history":[{"count":34,"href":"http:\/\/projetoabelha.com.br\/index.php?rest_route=\/wp\/v2\/pages\/4447\/revisions"}],"predecessor-version":[{"id":4623,"href":"http:\/\/projetoabelha.com.br\/index.php?rest_route=\/wp\/v2\/pages\/4447\/revisions\/4623"}],"wp:featuredmedia":[{"embeddable":true,"href":"http:\/\/projetoabelha.com.br\/index.php?rest_route=\/wp\/v2\/media\/4491"}],"wp:attachment":[{"href":"http:\/\/projetoabelha.com.br\/index.php?rest_route=%2Fwp%2Fv2%2Fmedia&parent=4447"}],"curies":[{"name":"wp","href":"https:\/\/api.w.org\/{rel}","templated":true}]}}