{"id":4490,"date":"2020-04-25T18:33:55","date_gmt":"2020-04-25T18:33:55","guid":{"rendered":"http:\/\/projetoabelha.com.br\/?page_id=4490"},"modified":"2020-04-27T16:22:22","modified_gmt":"2020-04-27T16:22:22","slug":"a-raposa-e-as-uvas","status":"publish","type":"page","link":"http:\/\/projetoabelha.com.br\/?page_id=4490","title":{"rendered":"A Raposa e as Uvas"},"content":{"rendered":"\n<ul><li><a href=\"http:\/\/projetoabelha.com.br\/?page_id=4438\">F\u00e1bulas<\/a> s\u00e3o pequenas hist\u00f3rias que transmitem ensinamentos sobre a vida, pois abordam li\u00e7\u00f5es morais. A maior parte das f\u00e1bulas exp\u00f5e situa\u00e7\u00f5es corriqueiras, t\u00edpicas do dia-a-dia, mas s\u00e3o vivenciadas por animais.<\/li><li>A f\u00e1bula &#8220;A Raposa e as Uvas&#8221; \u00e9 creditada \u00e0 <a href=\"http:\/\/projetoabelha.com.br\/?page_id=4447\">Esopo<\/a> (s\u00e9c. VI a.C), contador de hist\u00f3rias que ficou famoso como o primeiro criador de f\u00e1bulas, considerado o maior representante deste estilo liter\u00e1rio.<\/li><\/ul>\n\n\n\n<div class=\"wp-block-image\"><figure class=\"aligncenter size-large is-resized\"><img loading=\"lazy\" src=\"http:\/\/projetoabelha.com.br\/wp-content\/uploads\/2020\/04\/2_A-raposa-e-as-uvas.jpg\" alt=\"\" class=\"wp-image-4491\" width=\"329\" height=\"344\" srcset=\"http:\/\/projetoabelha.com.br\/wp-content\/uploads\/2020\/04\/2_A-raposa-e-as-uvas.jpg 500w, http:\/\/projetoabelha.com.br\/wp-content\/uploads\/2020\/04\/2_A-raposa-e-as-uvas-287x300.jpg 287w\" sizes=\"(max-width: 329px) 100vw, 329px\" \/><\/figure><\/div>\n\n\n\n<h4 class=\"has-luminous-vivid-orange-color has-text-color\">A Raposa e as Uvas<\/h4>\n\n\n\n<p><\/p>\n\n\n\n<p>Certa ocasi\u00e3o, uma raposa se encontrava morta de fome, pois estava sem comer h\u00e1 dias. Andava por um pomar quando avistou um belo cacho de uvas.<\/p>\n\n\n\n<p>As uvas negras estavam muito vi\u00e7osas, maduras e prontas para serem apreciadas. Percebendo que estava sozinha e que o caminho estava livre, aprontou-se para colher aqueles frutos.<\/p>\n\n\n\n<p>N\u00e3o poupou esfor\u00e7os ao tentar peg\u00e1-las, empregou todos os seus conhecimentos e habilidades. Ainda que estivessem fora de seu alcance, n\u00e3o cessou as tentativas.<\/p>\n\n\n\n<p>Depois de tantas investidas fracassadas, al\u00e9m de faminta, agora ela estava exausta e desapontada. Sendo assim, suspirando, deu de ombros, finalmente dando-se por vencida.<\/p>\n\n\n\n<p>Deu meia volta e foi embora. Desolada por conta das tentativas mal sucedidas, a raposa tentou consolar a si mesma dizendo \u201cNa verdade, olhando com mais aten\u00e7\u00e3o, consigo perceber que todas as uvas est\u00e3o estragadas, e n\u00e3o maduras, como elas aparentavam quando as vi pela primeira vez.\u201d<\/p>\n\n\n\n<p><\/p>\n\n\n\n<h4 class=\"has-luminous-vivid-orange-color has-text-color\">Moral da hist\u00f3ria&#8230;<\/h4>\n\n\n\n<p><\/p>\n\n\n\n<p>Assim como a Raposa, muitas pessoas desdenham do que n\u00e3o conseguem, quando no fundo era exatamente aquilo o que desejavam.<br>Isto porque \u00e9 mais f\u00e1cil desprezar do que admitir seus pr\u00f3prios fracassos e\/ou correr atr\u00e1s para super\u00e1-los.<br>Vale lembrar que estamos todos em um eterno aprendizado e que os erros nos fazem enxergar aquilo que precisamos alcan\u00e7ar para nos melhorar, seja no \u00e2mbito de conhecimento, compet\u00eancias e habilidades, quanto no \u00e2mbito moral e \u00e9tico.<\/p>\n\n\n\n<p><\/p>\n\n\n\n<p>Leia <a href=\"http:\/\/projetoabelha.com.br\/?page_id=4438\">aqui<\/a> uma breve defini\u00e7\u00e3o sobre f\u00e1bulas<br>Conhe\u00e7a a biografia resumida de <a href=\"http:\/\/projetoabelha.com.br\/?page_id=4447\">Esopo<\/a><\/p>\n\n\n\n<div class=\"wp-block-media-text alignwide is-stacked-on-mobile\" style=\"grid-template-columns:15% auto\"><figure class=\"wp-block-media-text__media\"><img loading=\"lazy\" width=\"300\" height=\"285\" src=\"http:\/\/projetoabelha.com.br\/wp-content\/uploads\/2016\/09\/abelha_cora\u00e7\u00e3o_amarelo.png\" alt=\"\" class=\"wp-image-1790\"\/><\/figure><div class=\"wp-block-media-text__content\">\n<p><a href=\"https:\/\/web.facebook.com\/projetoabelha\/\">Facebook: Projeto Abelha<\/a><br><a href=\"https:\/\/www.instagram.com\/projetoabelha\/\">Instagram: @projetoabelha<\/a><\/p>\n<\/div><\/div>\n","protected":false},"excerpt":{"rendered":"<p>F\u00e1bulas s\u00e3o pequenas hist\u00f3rias que transmitem ensinamentos sobre a vida, pois abordam li\u00e7\u00f5es morais. A maior parte das f\u00e1bulas exp\u00f5e situa\u00e7\u00f5es corriqueiras, t\u00edpicas do dia-a-dia, mas s\u00e3o vivenciadas por animais. A f\u00e1bula &#8220;A Raposa e as Uvas&#8221; \u00e9 creditada \u00e0 Esopo (s\u00e9c. VI a.C), contador de hist\u00f3rias que ficou famoso como o primeiro criador de&hellip;<\/p>\n","protected":false},"author":1,"featured_media":4491,"parent":4438,"menu_order":1,"comment_status":"closed","ping_status":"closed","template":"","meta":[],"_links":{"self":[{"href":"http:\/\/projetoabelha.com.br\/index.php?rest_route=\/wp\/v2\/pages\/4490"}],"collection":[{"href":"http:\/\/projetoabelha.com.br\/index.php?rest_route=\/wp\/v2\/pages"}],"about":[{"href":"http:\/\/projetoabelha.com.br\/index.php?rest_route=\/wp\/v2\/types\/page"}],"author":[{"embeddable":true,"href":"http:\/\/projetoabelha.com.br\/index.php?rest_route=\/wp\/v2\/users\/1"}],"replies":[{"embeddable":true,"href":"http:\/\/projetoabelha.com.br\/index.php?rest_route=%2Fwp%2Fv2%2Fcomments&post=4490"}],"version-history":[{"count":10,"href":"http:\/\/projetoabelha.com.br\/index.php?rest_route=\/wp\/v2\/pages\/4490\/revisions"}],"predecessor-version":[{"id":4556,"href":"http:\/\/projetoabelha.com.br\/index.php?rest_route=\/wp\/v2\/pages\/4490\/revisions\/4556"}],"up":[{"embeddable":true,"href":"http:\/\/projetoabelha.com.br\/index.php?rest_route=\/wp\/v2\/pages\/4438"}],"wp:featuredmedia":[{"embeddable":true,"href":"http:\/\/projetoabelha.com.br\/index.php?rest_route=\/wp\/v2\/media\/4491"}],"wp:attachment":[{"href":"http:\/\/projetoabelha.com.br\/index.php?rest_route=%2Fwp%2Fv2%2Fmedia&parent=4490"}],"curies":[{"name":"wp","href":"https:\/\/api.w.org\/{rel}","templated":true}]}}