{"id":4503,"date":"2020-04-26T19:07:26","date_gmt":"2020-04-26T19:07:26","guid":{"rendered":"http:\/\/projetoabelha.com.br\/?page_id=4503"},"modified":"2020-04-27T16:23:22","modified_gmt":"2020-04-27T16:23:22","slug":"a-lebre-e-a-tartaruga","status":"publish","type":"page","link":"http:\/\/projetoabelha.com.br\/?page_id=4503","title":{"rendered":"A Lebre e a Tartaruga"},"content":{"rendered":"\n<ul><li><a href=\"http:\/\/projetoabelha.com.br\/?page_id=4438\">F\u00e1bulas<\/a>&nbsp;s\u00e3o pequenas hist\u00f3rias que transmitem ensinamentos sobre a vida, pois abordam li\u00e7\u00f5es morais. A maior parte das f\u00e1bulas exp\u00f5e situa\u00e7\u00f5es corriqueiras, t\u00edpicas do dia-a-dia, mas s\u00e3o vivenciadas por animais.<\/li><li>A f\u00e1bula \u201cA Lebre e a Tartaruga\u201d \u00e9 creditada \u00e0&nbsp;<a href=\"http:\/\/projetoabelha.com.br\/?page_id=4447\">Esopo<\/a> (s\u00e9c. VI a.C), contador de hist\u00f3rias que ficou famoso como o primeiro criador de f\u00e1bulas, considerado o maior representante deste estilo liter\u00e1rio.<\/li><\/ul>\n\n\n\n<div class=\"wp-block-image\"><figure class=\"aligncenter size-large is-resized\"><img loading=\"lazy\" src=\"http:\/\/projetoabelha.com.br\/wp-content\/uploads\/2020\/04\/The-Tortoise-and-the-Hare-PA.jpg\" alt=\"\" class=\"wp-image-4443\" width=\"373\" height=\"377\" srcset=\"http:\/\/projetoabelha.com.br\/wp-content\/uploads\/2020\/04\/The-Tortoise-and-the-Hare-PA.jpg 800w, http:\/\/projetoabelha.com.br\/wp-content\/uploads\/2020\/04\/The-Tortoise-and-the-Hare-PA-297x300.jpg 297w, http:\/\/projetoabelha.com.br\/wp-content\/uploads\/2020\/04\/The-Tortoise-and-the-Hare-PA-768x777.jpg 768w\" sizes=\"(max-width: 373px) 100vw, 373px\" \/><\/figure><\/div>\n\n\n\n<h4 class=\"has-luminous-vivid-orange-color has-text-color\">A Lebre e a Tartaruga<\/h4>\n\n\n\n<p><\/p>\n\n\n\n<p>Era uma vez&#8230; uma lebre e uma tartaruga. A lebre vivia ca\u00e7oando da lerdeza da tartaruga.<br>Certa vez, a tartaruga j\u00e1 muito cansada por ser alvo de goza\u00e7\u00f5es, desafiou a lebre para uma corrida.<br>A lebre muito segura de si, aceitou prontamente.<br>N\u00e3o perdendo tempo, a tartaruga pois-se a caminhar, com seus passinhos lentos, por\u00e9m, firmes.<br>Logo a lebre ultrapassou a advers\u00e1ria, e vendo que ganharia f\u00e1cil, parou e resolveu cochilar um pouco.<br>Quando acordou, n\u00e3o viu a tartaruga e come\u00e7ou a correr.<br>J\u00e1 na reta final, viu finalmente a sua advers\u00e1ria cruzando a linha de chegada, toda sorridente.<\/p>\n\n\n\n<h4 class=\"has-luminous-vivid-orange-color has-text-color\">Moral da historia&#8230;<\/h4>\n\n\n\n<p><\/p>\n\n\n\n<p>Devagar se vai longe.<\/p>\n\n\n\n<p>Podemos verificar tamb\u00e9m que meio a grande humilha\u00e7\u00e3o, a lebre aprendeu que n\u00e3o devemos nos gabar por nossas habilidades e atributos, desdenhando dos demais. Tamb\u00e9m aprendeu que o excesso de confian\u00e7a pode ser um obst\u00e1culo para alcan\u00e7armos nossos objetivos.<\/p>\n\n\n\n<p>Leia\u00a0<a href=\"http:\/\/projetoabelha.com.br\/?page_id=4438\">aqui<\/a>\u00a0uma breve defini\u00e7\u00e3o sobre f\u00e1bulas<br>Conhe\u00e7a a biografia resumida de\u00a0<a href=\"http:\/\/projetoabelha.com.br\/?page_id=4447\">Esopo<\/a><\/p>\n\n\n\n<p><\/p>\n\n\n\n<h4 class=\"has-luminous-vivid-orange-color has-text-color\">Assista a adapta\u00e7\u00e3o audiovisual de &#8220;A lebre e a Tartaruga&#8221;, produzido e publicado pelo canal Turma Mirim<\/h4>\n\n\n\n<p><\/p>\n\n\n\n<figure class=\"wp-block-embed-youtube wp-block-embed is-type-video is-provider-youtube wp-embed-aspect-16-9 wp-has-aspect-ratio\"><div class=\"wp-block-embed__wrapper\">\n<iframe loading=\"lazy\" title=\"A Lebre e a Tartaruga - Turma Mirim\" width=\"700\" height=\"394\" src=\"https:\/\/www.youtube.com\/embed\/Lr5hrXLzMNU?start=11&#038;feature=oembed\" frameborder=\"0\" allow=\"accelerometer; autoplay; encrypted-media; gyroscope; picture-in-picture\" allowfullscreen><\/iframe>\n<\/div><\/figure>\n\n\n\n<p><\/p>\n\n\n\n<p><\/p>\n\n\n\n<div class=\"wp-block-media-text alignwide is-stacked-on-mobile\" style=\"grid-template-columns:15% auto\"><figure class=\"wp-block-media-text__media\"><img loading=\"lazy\" width=\"300\" height=\"285\" src=\"http:\/\/projetoabelha.com.br\/wp-content\/uploads\/2016\/09\/abelha_cora\u00e7\u00e3o_amarelo.png\" alt=\"\" class=\"wp-image-1790\"\/><\/figure><div class=\"wp-block-media-text__content\">\n<p><a href=\"https:\/\/web.facebook.com\/projetoabelha\/\">Facebook: Projeto Abelha<\/a><br><a href=\"https:\/\/www.instagram.com\/projetoabelha\/\">Instagram: @projetoabelha<\/a><\/p>\n<\/div><\/div>\n","protected":false},"excerpt":{"rendered":"<p>F\u00e1bulas&nbsp;s\u00e3o pequenas hist\u00f3rias que transmitem ensinamentos sobre a vida, pois abordam li\u00e7\u00f5es morais. A maior parte das f\u00e1bulas exp\u00f5e situa\u00e7\u00f5es corriqueiras, t\u00edpicas do dia-a-dia, mas s\u00e3o vivenciadas por animais. A f\u00e1bula \u201cA Lebre e a Tartaruga\u201d \u00e9 creditada \u00e0&nbsp;Esopo (s\u00e9c. VI a.C), contador de hist\u00f3rias que ficou famoso como o primeiro criador de f\u00e1bulas, considerado&hellip;<\/p>\n","protected":false},"author":1,"featured_media":4443,"parent":4438,"menu_order":2,"comment_status":"closed","ping_status":"closed","template":"","meta":[],"_links":{"self":[{"href":"http:\/\/projetoabelha.com.br\/index.php?rest_route=\/wp\/v2\/pages\/4503"}],"collection":[{"href":"http:\/\/projetoabelha.com.br\/index.php?rest_route=\/wp\/v2\/pages"}],"about":[{"href":"http:\/\/projetoabelha.com.br\/index.php?rest_route=\/wp\/v2\/types\/page"}],"author":[{"embeddable":true,"href":"http:\/\/projetoabelha.com.br\/index.php?rest_route=\/wp\/v2\/users\/1"}],"replies":[{"embeddable":true,"href":"http:\/\/projetoabelha.com.br\/index.php?rest_route=%2Fwp%2Fv2%2Fcomments&post=4503"}],"version-history":[{"count":10,"href":"http:\/\/projetoabelha.com.br\/index.php?rest_route=\/wp\/v2\/pages\/4503\/revisions"}],"predecessor-version":[{"id":4557,"href":"http:\/\/projetoabelha.com.br\/index.php?rest_route=\/wp\/v2\/pages\/4503\/revisions\/4557"}],"up":[{"embeddable":true,"href":"http:\/\/projetoabelha.com.br\/index.php?rest_route=\/wp\/v2\/pages\/4438"}],"wp:featuredmedia":[{"embeddable":true,"href":"http:\/\/projetoabelha.com.br\/index.php?rest_route=\/wp\/v2\/media\/4443"}],"wp:attachment":[{"href":"http:\/\/projetoabelha.com.br\/index.php?rest_route=%2Fwp%2Fv2%2Fmedia&parent=4503"}],"curies":[{"name":"wp","href":"https:\/\/api.w.org\/{rel}","templated":true}]}}