{"id":4513,"date":"2020-04-26T20:03:18","date_gmt":"2020-04-26T20:03:18","guid":{"rendered":"http:\/\/projetoabelha.com.br\/?page_id=4513"},"modified":"2020-04-27T16:24:41","modified_gmt":"2020-04-27T16:24:41","slug":"o-lobo-e-o-cordeiro","status":"publish","type":"page","link":"http:\/\/projetoabelha.com.br\/?page_id=4513","title":{"rendered":"O Lobo e o Cordeiro"},"content":{"rendered":"\n<ul><li><a href=\"http:\/\/projetoabelha.com.br\/?page_id=4438\">F\u00e1bulas<\/a>&nbsp;s\u00e3o pequenas hist\u00f3rias que transmitem ensinamentos sobre a vida, pois abordam li\u00e7\u00f5es morais. A maior parte das f\u00e1bulas exp\u00f5e situa\u00e7\u00f5es corriqueiras, t\u00edpicas do dia-a-dia, mas s\u00e3o vivenciadas por animais.<\/li><li>A f\u00e1bula &#8220;O Lobo e o Cordeiro&#8221; \u00e9 creditada \u00e0 <a href=\"http:\/\/projetoabelha.com.br\/?page_id=4447\">Esopo<\/a> (s\u00e9c. VI a.C), contador de hist\u00f3rias que ficou famoso como o primeiro criador de f\u00e1bulas, considerado o maior representante deste estilo liter\u00e1rio.<\/li><\/ul>\n\n\n\n<div class=\"wp-block-image\"><figure class=\"aligncenter size-large is-resized\"><img loading=\"lazy\" src=\"http:\/\/projetoabelha.com.br\/wp-content\/uploads\/2020\/04\/O-lobo-e-o-cordeiro-PA.jpg\" alt=\"\" class=\"wp-image-4514\" width=\"362\" height=\"284\" srcset=\"http:\/\/projetoabelha.com.br\/wp-content\/uploads\/2020\/04\/O-lobo-e-o-cordeiro-PA.jpg 650w, http:\/\/projetoabelha.com.br\/wp-content\/uploads\/2020\/04\/O-lobo-e-o-cordeiro-PA-300x236.jpg 300w\" sizes=\"(max-width: 362px) 100vw, 362px\" \/><\/figure><\/div>\n\n\n\n<h4 class=\"has-luminous-vivid-orange-color has-text-color\">O Lobo e o Cordeiro<\/h4>\n\n\n\n<p><\/p>\n\n\n\n<p>Era uma vez um lobo que bebia \u00e1gua num ribeiro. Um dia o viu um cordeiro que  bebia da mesma \u00e1gua, um pouco mais abaixo. Mal o viu foi ter com ele de m\u00e1 cara, arreganhando os dentes.<br>\u2014 Como tens a ousadia de turvar a \u00e1gua onde eu estou a beber?<br>O cordeiro respondeu humildemente:<br>\u2014 Eu estou a beber mais abaixo, por isso n\u00e3o te posso turvar a \u00e1gua.<br>\u2014 Ainda respondes, insolente! \u2014 retorquiu o lobo ainda mais col\u00e9rico. \u2014 J\u00e1 h\u00e1 seis meses o teu pai me fez o mesmo.<br>Respondeu o cordeiro:<br>\u2014 Nesse tempo, Senhor, ainda eu n\u00e3o era nascido, n\u00e3o tenho culpa.<br>\u2014 Sim, tens \u2014 replicou o lobo \u2014, que estragaste todo o pasto do meu campo.<br>\u2014 Mas isso n\u00e3o pode ser \u2014 disse o cordeiro \u2014, porque ainda n\u00e3o tenho dentes.<br>Sem mais uma palavra, o lobo saltou sobre o cordeiro e o comeu.<\/p>\n\n\n\n<p><\/p>\n\n\n\n<h4 class=\"has-luminous-vivid-orange-color has-text-color\">Moral da historia&#8230;<\/h4>\n\n\n\n<p><\/p>\n\n\n\n<p>N\u00e3o conseguimos evitar o mal daquele que j\u00e1 decidiu comet\u00ea-lo. <br>Nesta f\u00e1bula o cordeiro e o lobo s\u00e3o personagens antag\u00f4nicos.  O cordeiro simboliza a inoc\u00eancia e a humildade e tenta e contornar os problemas que lhe s\u00e3o apresentados. J\u00e1 o lobo \u00e9 s\u00edmbolo da malicia e da crueldade.<\/p>\n\n\n\n<p>Leia\u00a0<a href=\"http:\/\/projetoabelha.com.br\/?page_id=4438\">aqui<\/a>\u00a0 uma breve defini\u00e7\u00e3o sobre f\u00e1bulas<br>Conhe\u00e7a a biografia resumida de\u00a0<a href=\"http:\/\/projetoabelha.com.br\/?page_id=4447\">Esopo<\/a><\/p>\n\n\n\n<div class=\"wp-block-media-text alignwide is-stacked-on-mobile\" style=\"grid-template-columns:15% auto\"><figure class=\"wp-block-media-text__media\"><img loading=\"lazy\" width=\"300\" height=\"285\" src=\"http:\/\/projetoabelha.com.br\/wp-content\/uploads\/2016\/09\/abelha_cora\u00e7\u00e3o_amarelo.png\" alt=\"\" class=\"wp-image-1790\"\/><\/figure><div class=\"wp-block-media-text__content\">\n<p><a href=\"https:\/\/web.facebook.com\/projetoabelha\/\">Facebook: Projeto Abelha<\/a><br><a href=\"https:\/\/www.instagram.com\/projetoabelha\/\">Instagram: @projetoabelha<\/a><\/p>\n<\/div><\/div>\n","protected":false},"excerpt":{"rendered":"<p>F\u00e1bulas&nbsp;s\u00e3o pequenas hist\u00f3rias que transmitem ensinamentos sobre a vida, pois abordam li\u00e7\u00f5es morais. A maior parte das f\u00e1bulas exp\u00f5e situa\u00e7\u00f5es corriqueiras, t\u00edpicas do dia-a-dia, mas s\u00e3o vivenciadas por animais. A f\u00e1bula &#8220;O Lobo e o Cordeiro&#8221; \u00e9 creditada \u00e0 Esopo (s\u00e9c. VI a.C), contador de hist\u00f3rias que ficou famoso como o primeiro criador de f\u00e1bulas,&hellip;<\/p>\n","protected":false},"author":1,"featured_media":4514,"parent":4438,"menu_order":3,"comment_status":"closed","ping_status":"closed","template":"","meta":[],"_links":{"self":[{"href":"http:\/\/projetoabelha.com.br\/index.php?rest_route=\/wp\/v2\/pages\/4513"}],"collection":[{"href":"http:\/\/projetoabelha.com.br\/index.php?rest_route=\/wp\/v2\/pages"}],"about":[{"href":"http:\/\/projetoabelha.com.br\/index.php?rest_route=\/wp\/v2\/types\/page"}],"author":[{"embeddable":true,"href":"http:\/\/projetoabelha.com.br\/index.php?rest_route=\/wp\/v2\/users\/1"}],"replies":[{"embeddable":true,"href":"http:\/\/projetoabelha.com.br\/index.php?rest_route=%2Fwp%2Fv2%2Fcomments&post=4513"}],"version-history":[{"count":6,"href":"http:\/\/projetoabelha.com.br\/index.php?rest_route=\/wp\/v2\/pages\/4513\/revisions"}],"predecessor-version":[{"id":4559,"href":"http:\/\/projetoabelha.com.br\/index.php?rest_route=\/wp\/v2\/pages\/4513\/revisions\/4559"}],"up":[{"embeddable":true,"href":"http:\/\/projetoabelha.com.br\/index.php?rest_route=\/wp\/v2\/pages\/4438"}],"wp:featuredmedia":[{"embeddable":true,"href":"http:\/\/projetoabelha.com.br\/index.php?rest_route=\/wp\/v2\/media\/4514"}],"wp:attachment":[{"href":"http:\/\/projetoabelha.com.br\/index.php?rest_route=%2Fwp%2Fv2%2Fmedia&parent=4513"}],"curies":[{"name":"wp","href":"https:\/\/api.w.org\/{rel}","templated":true}]}}