{"id":4520,"date":"2020-04-27T00:35:46","date_gmt":"2020-04-27T00:35:46","guid":{"rendered":"http:\/\/projetoabelha.com.br\/?page_id=4520"},"modified":"2020-04-27T16:26:07","modified_gmt":"2020-04-27T16:26:07","slug":"a-formiga-e-o-escaravelho","status":"publish","type":"page","link":"http:\/\/projetoabelha.com.br\/?page_id=4520","title":{"rendered":"A Formiga e o Escaravelho"},"content":{"rendered":"\n<ul><li><a href=\"http:\/\/projetoabelha.com.br\/?page_id=4438\">F\u00e1bulas<\/a>\u00a0s\u00e3o pequenas hist\u00f3rias que transmitem ensinamentos sobre a vida, pois abordam li\u00e7\u00f5es morais. A maior parte das f\u00e1bulas exp\u00f5e situa\u00e7\u00f5es corriqueiras, t\u00edpicas do dia-a-dia, mas que s\u00e3o vivenciadas por animais.<\/li><li>A f\u00e1bula \u201cA Formiga e o Escaravelho\u201d \u00e9 creditada \u00e0\u00a0<a href=\"http:\/\/projetoabelha.com.br\/?page_id=4447\">Esopo<\/a> (s\u00e9c. VI a.C), contador de hist\u00f3rias que ficou famoso como o primeiro criador de f\u00e1bulas, considerado o maior representante deste estilo liter\u00e1rio.<\/li><\/ul>\n\n\n\n<div class=\"wp-block-image\"><figure class=\"aligncenter size-large is-resized\"><img loading=\"lazy\" src=\"http:\/\/projetoabelha.com.br\/wp-content\/uploads\/2020\/04\/Formiga.jpg\" alt=\"\" class=\"wp-image-4523\" width=\"309\" height=\"270\" srcset=\"http:\/\/projetoabelha.com.br\/wp-content\/uploads\/2020\/04\/Formiga.jpg 600w, http:\/\/projetoabelha.com.br\/wp-content\/uploads\/2020\/04\/Formiga-300x263.jpg 300w\" sizes=\"(max-width: 309px) 100vw, 309px\" \/><\/figure><\/div>\n\n\n\n<h4 class=\"has-luminous-vivid-orange-color has-text-color\">A Formiga e o Escaravelho<\/h4>\n\n\n\n<p><\/p>\n\n\n\n<p>Era ver\u00e3o quando uma formiga percorria o campo fazendo sua provis\u00e3o de trigo e cevada para o inverno.<br>Enquanto ela se mantinha atarefada, os outros animais s\u00f3 faziam de divertir.<br>Um escaravelho admirou-se por v\u00ea-la t\u00e3o agitada e t\u00e3o focada em seu trabalho. A formiga n\u00e3o disse nada. <br>Mais tarde, por\u00e9m, quando veio o inverno e a chuva destruiu os estercos, o escaravelho foi at\u00e9 ela e pediu um pouco do que ela tinha guardado. <br>A formiga respondeu-lhe: <br>&#8211; Amigo escaravelho, se tivesses trabalhado no tempo em que meus esfor\u00e7os n\u00e3o suscitavam sen\u00e3o teus sarcasmos, agora terias alimento.<\/p>\n\n\n\n<p><\/p>\n\n\n\n<h4 class=\"has-luminous-vivid-orange-color has-text-color\">Moral da hist\u00f3ria&#8230;<\/h4>\n\n\n\n<p><\/p>\n\n\n\n<p>Quem \u00e9 irrespons\u00e1vel em tempos de abund\u00e2ncia, pode chorar em tempos de pen\u00faria.<br>N\u00e3o sabemos o dia de amanha, por isso, devemos nos planejar para n\u00e3o passarmos por nenhum tipo de necessidade.<\/p>\n\n\n\n<p>Leia\u00a0<a href=\"http:\/\/projetoabelha.com.br\/?page_id=4438\">aqui<\/a>\u00a0 uma breve defini\u00e7\u00e3o sobre f\u00e1bulas<br>Conhe\u00e7a a biografia resumida de\u00a0<a href=\"http:\/\/projetoabelha.com.br\/?page_id=4447\">Esopo<\/a><\/p>\n\n\n\n<div class=\"wp-block-media-text alignwide is-stacked-on-mobile\" style=\"grid-template-columns:17% auto\"><figure class=\"wp-block-media-text__media\"><img loading=\"lazy\" width=\"300\" height=\"285\" src=\"http:\/\/projetoabelha.com.br\/wp-content\/uploads\/2016\/12\/blogabelha.png\" alt=\"\" class=\"wp-image-1707\"\/><\/figure><div class=\"wp-block-media-text__content\">\n<p><a href=\"https:\/\/web.facebook.com\/projetoabelha\/\">Facebook: Projeto Abelha<\/a><br><a href=\"https:\/\/www.instagram.com\/projetoabelha\/\">Instagram: @projetoabelha<\/a><\/p>\n<\/div><\/div>\n","protected":false},"excerpt":{"rendered":"<p>F\u00e1bulas\u00a0s\u00e3o pequenas hist\u00f3rias que transmitem ensinamentos sobre a vida, pois abordam li\u00e7\u00f5es morais. A maior parte das f\u00e1bulas exp\u00f5e situa\u00e7\u00f5es corriqueiras, t\u00edpicas do dia-a-dia, mas que s\u00e3o vivenciadas por animais. A f\u00e1bula \u201cA Formiga e o Escaravelho\u201d \u00e9 creditada \u00e0\u00a0Esopo (s\u00e9c. VI a.C), contador de hist\u00f3rias que ficou famoso como o primeiro criador de f\u00e1bulas,&hellip;<\/p>\n","protected":false},"author":1,"featured_media":4523,"parent":4438,"menu_order":4,"comment_status":"closed","ping_status":"closed","template":"","meta":[],"_links":{"self":[{"href":"http:\/\/projetoabelha.com.br\/index.php?rest_route=\/wp\/v2\/pages\/4520"}],"collection":[{"href":"http:\/\/projetoabelha.com.br\/index.php?rest_route=\/wp\/v2\/pages"}],"about":[{"href":"http:\/\/projetoabelha.com.br\/index.php?rest_route=\/wp\/v2\/types\/page"}],"author":[{"embeddable":true,"href":"http:\/\/projetoabelha.com.br\/index.php?rest_route=\/wp\/v2\/users\/1"}],"replies":[{"embeddable":true,"href":"http:\/\/projetoabelha.com.br\/index.php?rest_route=%2Fwp%2Fv2%2Fcomments&post=4520"}],"version-history":[{"count":8,"href":"http:\/\/projetoabelha.com.br\/index.php?rest_route=\/wp\/v2\/pages\/4520\/revisions"}],"predecessor-version":[{"id":4561,"href":"http:\/\/projetoabelha.com.br\/index.php?rest_route=\/wp\/v2\/pages\/4520\/revisions\/4561"}],"up":[{"embeddable":true,"href":"http:\/\/projetoabelha.com.br\/index.php?rest_route=\/wp\/v2\/pages\/4438"}],"wp:featuredmedia":[{"embeddable":true,"href":"http:\/\/projetoabelha.com.br\/index.php?rest_route=\/wp\/v2\/media\/4523"}],"wp:attachment":[{"href":"http:\/\/projetoabelha.com.br\/index.php?rest_route=%2Fwp%2Fv2%2Fmedia&parent=4520"}],"curies":[{"name":"wp","href":"https:\/\/api.w.org\/{rel}","templated":true}]}}