{"id":4528,"date":"2020-04-27T00:59:18","date_gmt":"2020-04-27T00:59:18","guid":{"rendered":"http:\/\/projetoabelha.com.br\/?page_id=4528"},"modified":"2020-04-27T16:27:15","modified_gmt":"2020-04-27T16:27:15","slug":"o-asno-e-a-carga-de-sal","status":"publish","type":"page","link":"http:\/\/projetoabelha.com.br\/?page_id=4528","title":{"rendered":"O asno e a carga de sal"},"content":{"rendered":"\n<ul><li><a href=\"http:\/\/projetoabelha.com.br\/?page_id=4438\">F\u00e1bulas<\/a>\u00a0s\u00e3o pequenas hist\u00f3rias que transmitem ensinamentos sobre a vida, pois abordam li\u00e7\u00f5es morais. A maior parte das f\u00e1bulas exp\u00f5e situa\u00e7\u00f5es corriqueiras, t\u00edpicas do dia-a-dia, mas que s\u00e3o vivenciadas por animais.<\/li><li>A f\u00e1bula \u201cO asno e a carga de sal\u201d \u00e9 creditada \u00e0\u00a0<a href=\"http:\/\/projetoabelha.com.br\/?page_id=4447\">Esopo<\/a> (s\u00e9c. VI a.C), contador de hist\u00f3rias que ficou famoso como o primeiro criador de f\u00e1bulas, considerado o maior representante deste estilo liter\u00e1rio.<\/li><\/ul>\n\n\n\n<div class=\"wp-block-image\"><figure class=\"aligncenter size-large is-resized\"><img loading=\"lazy\" src=\"http:\/\/projetoabelha.com.br\/wp-content\/uploads\/2020\/04\/O-asno-e-a-crga-de-sal-PA.jpg\" alt=\"\" class=\"wp-image-4530\" width=\"350\" height=\"275\" srcset=\"http:\/\/projetoabelha.com.br\/wp-content\/uploads\/2020\/04\/O-asno-e-a-crga-de-sal-PA.jpg 700w, http:\/\/projetoabelha.com.br\/wp-content\/uploads\/2020\/04\/O-asno-e-a-crga-de-sal-PA-300x236.jpg 300w\" sizes=\"(max-width: 350px) 100vw, 350px\" \/><\/figure><\/div>\n\n\n\n<h4 class=\"has-luminous-vivid-orange-color has-text-color\">O asno e a carga de sal<\/h4>\n\n\n\n<p><\/p>\n\n\n\n<p>Um asno carregado de sal atravessava um rio. Um passo em falso e ei-lo dentro da \u00e1gua. O sal ent\u00e3o derreteu e o asno se levantou mais leve. Ficou todo feliz.<\/p>\n\n\n\n<p>Um pouco depois, estando carregado de esponja \u00e0s margens do mesmo rio, pensou que se ca\u00edsse de novo ficaria mais leve e caiu de prop\u00f3sito nas \u00e1guas.<\/p>\n\n\n\n<p>O que aconteceu? As esponjas ficaram encharcadas e, impossibilitado de se erguer, o asno morreu afogado.<\/p>\n\n\n\n<p><\/p>\n\n\n\n<h4 class=\"has-luminous-vivid-orange-color has-text-color\">Moral da hist\u00f3ria&#8230;<\/h4>\n\n\n\n<p><\/p>\n\n\n\n<p>Algumas pessoas s\u00e3o v\u00edtimas de suas pr\u00f3prias artimanhas.<\/p>\n\n\n\n<p><\/p>\n\n\n\n<p>Leia\u00a0<a href=\"http:\/\/projetoabelha.com.br\/?page_id=4438\">aqui<\/a>\u00a0 uma breve defini\u00e7\u00e3o sobre f\u00e1bulas<br>Conhe\u00e7a a biografia resumida de\u00a0<a href=\"http:\/\/projetoabelha.com.br\/?page_id=4447\">Esopo<\/a><\/p>\n\n\n\n<div class=\"wp-block-media-text alignwide is-stacked-on-mobile\" style=\"grid-template-columns:15% auto\"><figure class=\"wp-block-media-text__media\"><img loading=\"lazy\" width=\"300\" height=\"285\" src=\"http:\/\/projetoabelha.com.br\/wp-content\/uploads\/2016\/09\/abelha_cora\u00e7\u00e3o_amarelo.png\" alt=\"\" class=\"wp-image-1790\"\/><\/figure><div class=\"wp-block-media-text__content\">\n<p><a href=\"https:\/\/web.facebook.com\/projetoabelha\/\">Facebook: Projeto Abelha<\/a><br><a href=\"https:\/\/www.instagram.com\/projetoabelha\/\">Instagram: @projetoabelha<\/a><\/p>\n<\/div><\/div>\n","protected":false},"excerpt":{"rendered":"<p>F\u00e1bulas\u00a0s\u00e3o pequenas hist\u00f3rias que transmitem ensinamentos sobre a vida, pois abordam li\u00e7\u00f5es morais. A maior parte das f\u00e1bulas exp\u00f5e situa\u00e7\u00f5es corriqueiras, t\u00edpicas do dia-a-dia, mas que s\u00e3o vivenciadas por animais. A f\u00e1bula \u201cO asno e a carga de sal\u201d \u00e9 creditada \u00e0\u00a0Esopo (s\u00e9c. VI a.C), contador de hist\u00f3rias que ficou famoso como o primeiro criador&hellip;<\/p>\n","protected":false},"author":1,"featured_media":4530,"parent":4438,"menu_order":5,"comment_status":"closed","ping_status":"closed","template":"","meta":[],"_links":{"self":[{"href":"http:\/\/projetoabelha.com.br\/index.php?rest_route=\/wp\/v2\/pages\/4528"}],"collection":[{"href":"http:\/\/projetoabelha.com.br\/index.php?rest_route=\/wp\/v2\/pages"}],"about":[{"href":"http:\/\/projetoabelha.com.br\/index.php?rest_route=\/wp\/v2\/types\/page"}],"author":[{"embeddable":true,"href":"http:\/\/projetoabelha.com.br\/index.php?rest_route=\/wp\/v2\/users\/1"}],"replies":[{"embeddable":true,"href":"http:\/\/projetoabelha.com.br\/index.php?rest_route=%2Fwp%2Fv2%2Fcomments&post=4528"}],"version-history":[{"count":6,"href":"http:\/\/projetoabelha.com.br\/index.php?rest_route=\/wp\/v2\/pages\/4528\/revisions"}],"predecessor-version":[{"id":4562,"href":"http:\/\/projetoabelha.com.br\/index.php?rest_route=\/wp\/v2\/pages\/4528\/revisions\/4562"}],"up":[{"embeddable":true,"href":"http:\/\/projetoabelha.com.br\/index.php?rest_route=\/wp\/v2\/pages\/4438"}],"wp:featuredmedia":[{"embeddable":true,"href":"http:\/\/projetoabelha.com.br\/index.php?rest_route=\/wp\/v2\/media\/4530"}],"wp:attachment":[{"href":"http:\/\/projetoabelha.com.br\/index.php?rest_route=%2Fwp%2Fv2%2Fmedia&parent=4528"}],"curies":[{"name":"wp","href":"https:\/\/api.w.org\/{rel}","templated":true}]}}