{"id":4540,"date":"2020-04-27T16:44:09","date_gmt":"2020-04-27T16:44:09","guid":{"rendered":"http:\/\/projetoabelha.com.br\/?page_id=4540"},"modified":"2020-04-27T16:44:10","modified_gmt":"2020-04-27T16:44:10","slug":"o-lobo-e-a-ovelha","status":"publish","type":"page","link":"http:\/\/projetoabelha.com.br\/?page_id=4540","title":{"rendered":"O Lobo e a ovelha"},"content":{"rendered":"\n<ul><li><a href=\"http:\/\/projetoabelha.com.br\/?page_id=4438\">F\u00e1bulas<\/a>\u00a0s\u00e3o pequenas hist\u00f3rias que transmitem ensinamentos sobre a vida, pois abordam li\u00e7\u00f5es morais. A maior parte das f\u00e1bulas exp\u00f5e situa\u00e7\u00f5es corriqueiras, t\u00edpicas do dia-a-dia, mas s\u00e3o vivenciadas por animais.<\/li><li>A f\u00e1bula \u201cA Raposa e as Uvas\u201d \u00e9 creditada \u00e0\u00a0<a href=\"http:\/\/projetoabelha.com.br\/?page_id=4447\">Esopo<\/a>\u00a0(s\u00e9c. VI a.C), contador de hist\u00f3rias que ficou famoso como o primeiro criador de f\u00e1bulas, considerado o maior representante deste estilo liter\u00e1rio.<\/li><\/ul>\n\n\n\n<div class=\"wp-block-image\"><figure class=\"aligncenter size-large is-resized\"><img loading=\"lazy\" src=\"http:\/\/projetoabelha.com.br\/wp-content\/uploads\/2020\/04\/the-wolf-PA.jpg\" alt=\"\" class=\"wp-image-4564\" width=\"401\" height=\"266\" srcset=\"http:\/\/projetoabelha.com.br\/wp-content\/uploads\/2020\/04\/the-wolf-PA.jpg 600w, http:\/\/projetoabelha.com.br\/wp-content\/uploads\/2020\/04\/the-wolf-PA-300x200.jpg 300w\" sizes=\"(max-width: 401px) 100vw, 401px\" \/><\/figure><\/div>\n\n\n\n<h4 class=\"has-luminous-vivid-orange-color has-text-color\">O Lobo e a Ovelha<\/h4>\n\n\n\n<p><\/p>\n\n\n\n<p>Um lobo,\u00a0muito ferido devido \u00e0s v\u00e1rias mordidas de cachorros, repousava doente e bastante debilitado em sua toca.<br>Como estava com fome,\u00a0ele chamou uma ovelha que ia passando ali perto e gentilmente pediu-lhe para trazer um pouco da \u00e1gua de um regato que corria mais adiante.<br>&#8211; Se voc\u00ea me trouxer \u00e1gua, eu ficarei em condi\u00e7\u00f5es de conseguir meu pr\u00f3prio alimento &#8211; disse para a ovelha e ela respondeu:<br>&#8211; Claro, se eu trouxer a \u00e1gua para voc\u00ea, sem d\u00favida, eu serei esse alimento.<\/p>\n\n\n\n<p><\/p>\n\n\n\n<h4 class=\"has-luminous-vivid-orange-color has-text-color\">Moral da hist\u00f3ria<\/h4>\n\n\n\n<p><\/p>\n\n\n\n<p>O \u00eaxito dos enganadores depende da falta de aten\u00e7\u00e3o do pr\u00f3ximo. <br>Devemos desconfiar das gentilezas em excesso, pois, em alguns casos n\u00e3o passam de estrat\u00e9gia para tirar vantagem de nossa confian\u00e7a e boa vontade.<\/p>\n\n\n\n<p><\/p>\n\n\n\n<p>Leia\u00a0<a href=\"http:\/\/projetoabelha.com.br\/?page_id=4438\">aqui<\/a>\u00a0uma breve defini\u00e7\u00e3o sobre f\u00e1bulas<br>Conhe\u00e7a a biografia resumida de\u00a0<a href=\"http:\/\/projetoabelha.com.br\/?page_id=4447\">Esopo<\/a><\/p>\n\n\n\n<div class=\"wp-block-media-text alignwide is-stacked-on-mobile\" style=\"grid-template-columns:15% auto\"><figure class=\"wp-block-media-text__media\"><img loading=\"lazy\" width=\"600\" height=\"570\" src=\"http:\/\/projetoabelha.com.br\/wp-content\/uploads\/2020\/04\/abelha_cora\u00e7\u00e3o_amarelo-PA.jpg\" alt=\"\" class=\"wp-image-4544\" srcset=\"http:\/\/projetoabelha.com.br\/wp-content\/uploads\/2020\/04\/abelha_cora\u00e7\u00e3o_amarelo-PA.jpg 600w, http:\/\/projetoabelha.com.br\/wp-content\/uploads\/2020\/04\/abelha_cora\u00e7\u00e3o_amarelo-PA-300x285.jpg 300w\" sizes=\"(max-width: 600px) 100vw, 600px\" \/><\/figure><div class=\"wp-block-media-text__content\">\n<p><a href=\"https:\/\/web.facebook.com\/projetoabelha\/\">Facebook: Projeto Abelha<\/a><br><a href=\"https:\/\/www.instagram.com\/projetoabelha\/\">Instagram: @projetoabelha<\/a><\/p>\n<\/div><\/div>\n","protected":false},"excerpt":{"rendered":"<p>F\u00e1bulas\u00a0s\u00e3o pequenas hist\u00f3rias que transmitem ensinamentos sobre a vida, pois abordam li\u00e7\u00f5es morais. A maior parte das f\u00e1bulas exp\u00f5e situa\u00e7\u00f5es corriqueiras, t\u00edpicas do dia-a-dia, mas s\u00e3o vivenciadas por animais. A f\u00e1bula \u201cA Raposa e as Uvas\u201d \u00e9 creditada \u00e0\u00a0Esopo\u00a0(s\u00e9c. VI a.C), contador de hist\u00f3rias que ficou famoso como o primeiro criador de f\u00e1bulas, considerado o&hellip;<\/p>\n","protected":false},"author":1,"featured_media":4564,"parent":4438,"menu_order":6,"comment_status":"closed","ping_status":"closed","template":"","meta":[],"_links":{"self":[{"href":"http:\/\/projetoabelha.com.br\/index.php?rest_route=\/wp\/v2\/pages\/4540"}],"collection":[{"href":"http:\/\/projetoabelha.com.br\/index.php?rest_route=\/wp\/v2\/pages"}],"about":[{"href":"http:\/\/projetoabelha.com.br\/index.php?rest_route=\/wp\/v2\/types\/page"}],"author":[{"embeddable":true,"href":"http:\/\/projetoabelha.com.br\/index.php?rest_route=\/wp\/v2\/users\/1"}],"replies":[{"embeddable":true,"href":"http:\/\/projetoabelha.com.br\/index.php?rest_route=%2Fwp%2Fv2%2Fcomments&post=4540"}],"version-history":[{"count":3,"href":"http:\/\/projetoabelha.com.br\/index.php?rest_route=\/wp\/v2\/pages\/4540\/revisions"}],"predecessor-version":[{"id":4565,"href":"http:\/\/projetoabelha.com.br\/index.php?rest_route=\/wp\/v2\/pages\/4540\/revisions\/4565"}],"up":[{"embeddable":true,"href":"http:\/\/projetoabelha.com.br\/index.php?rest_route=\/wp\/v2\/pages\/4438"}],"wp:featuredmedia":[{"embeddable":true,"href":"http:\/\/projetoabelha.com.br\/index.php?rest_route=\/wp\/v2\/media\/4564"}],"wp:attachment":[{"href":"http:\/\/projetoabelha.com.br\/index.php?rest_route=%2Fwp%2Fv2%2Fmedia&parent=4540"}],"curies":[{"name":"wp","href":"https:\/\/api.w.org\/{rel}","templated":true}]}}