{"id":4577,"date":"2020-04-28T21:30:10","date_gmt":"2020-04-28T21:30:10","guid":{"rendered":"http:\/\/projetoabelha.com.br\/?page_id=4577"},"modified":"2020-04-30T13:57:14","modified_gmt":"2020-04-30T13:57:14","slug":"o-lobo-e-o-cao","status":"publish","type":"page","link":"http:\/\/projetoabelha.com.br\/?page_id=4577","title":{"rendered":"O Lobo e o C\u00e3o"},"content":{"rendered":"\n<ul><li><a href=\"http:\/\/projetoabelha.com.br\/?page_id=4438\">F\u00e1bulas<\/a>&nbsp;s\u00e3o pequenas hist\u00f3rias que transmitem ensinamentos sobre a vida, pois abordam li\u00e7\u00f5es morais. A maior parte das f\u00e1bulas exp\u00f5e situa\u00e7\u00f5es corriqueiras, t\u00edpicas do dia-a-dia, mas s\u00e3o vivenciadas por animais.<\/li><li>A f\u00e1bula \u201cO Lobo e o C\u00e3o\u201d \u00e9 creditada \u00e0&nbsp;<a href=\"http:\/\/projetoabelha.com.br\/?page_id=4447\">Esopo<\/a>&nbsp;(s\u00e9c. VI a.C), contador de hist\u00f3rias que ficou famoso como o primeiro criador de f\u00e1bulas, considerado o maior representante deste estilo liter\u00e1rio.<\/li><\/ul>\n\n\n\n<div class=\"wp-block-image\"><figure class=\"aligncenter size-large is-resized\"><img loading=\"lazy\" src=\"http:\/\/projetoabelha.com.br\/wp-content\/uploads\/2020\/04\/o-lobo-e-o-cao.jpg\" alt=\"\" class=\"wp-image-4578\" width=\"337\" height=\"355\" srcset=\"http:\/\/projetoabelha.com.br\/wp-content\/uploads\/2020\/04\/o-lobo-e-o-cao.jpg 600w, http:\/\/projetoabelha.com.br\/wp-content\/uploads\/2020\/04\/o-lobo-e-o-cao-284x300.jpg 284w\" sizes=\"(max-width: 337px) 100vw, 337px\" \/><\/figure><\/div>\n\n\n\n<p><\/p>\n\n\n\n<h4 class=\"has-luminous-vivid-orange-color has-text-color\">O Lobo e o C\u00e3o<\/h4>\n\n\n\n<p><\/p>\n\n\n\n<p>Em um caminho, encontraram-se um Lobo e um C\u00e3o. O Lobo, vendo a  vitalidade do C\u00e3o, disse:<br>&#8211; Tenho inveja de te ver t\u00e3o gordo, com o pesco\u00e7o grosso e o pelo reluzente. Digo isso porque ando sempre magro e arrepiado. <br>O C\u00e3o respondeu: <br>&#8211; Se fizeres o mesmo que eu, tamb\u00e9m engordar\u00e1s. Estou em uma casa, onde me d\u00e3o de comer e tratam-me bem, enquanto meu trabalho \u00e9 somente latir quando percebo ladr\u00f5es pr\u00f3ximos da casa. Por isso, se queres, podes vir comigo. <br>O Lobo, aceitando, passou a caminhar junto com o C\u00e3o, mas em dado momento perguntou: <br>&#8211; O que \u00e9 isso companheiro, que vejo? Teu pesco\u00e7o est\u00e1 todo esfolado. O C\u00e3o respondeu: <br>&#8211; Para que de dia eu n\u00e3o morda aos que entram na casa, sou preso com uma corda. De noite me soltam e assim fico at\u00e9 pela manh\u00e3, quando tornam a me prender. <br>O Lobo, ouvindo isso, disse: <br>&#8211; Vou dispensar tua fartura pra mim. A troco de n\u00e3o ser cativo, prefiro me empenhar pelo meu sustento e, se necess\u00e1rio, jejuar, desde que esteja livre. Dizendo isso, se foi.<\/p>\n\n\n\n<p><\/p>\n\n\n\n<h4 class=\"has-luminous-vivid-orange-color has-text-color\">Moral da hist\u00f3ria\u2026<\/h4>\n\n\n\n<p><\/p>\n\n\n\n<p>Nossa liberdade n\u00e3o tem pre\u00e7o, pois \u00e9 nosso bem  mais valioso.<\/p>\n\n\n\n<p><\/p>\n\n\n\n<p>Leia&nbsp;<a href=\"http:\/\/projetoabelha.com.br\/?page_id=4438\">aqui<\/a>&nbsp;uma breve defini\u00e7\u00e3o sobre f\u00e1bulas<br>Conhe\u00e7a a biografia resumida de&nbsp;<a href=\"http:\/\/projetoabelha.com.br\/?page_id=4447\">Esopo<\/a><\/p>\n\n\n\n<p><\/p>\n\n\n\n<div class=\"wp-block-media-text alignwide is-stacked-on-mobile\" style=\"grid-template-columns:15% auto\"><figure class=\"wp-block-media-text__media\"><img loading=\"lazy\" width=\"600\" height=\"570\" src=\"http:\/\/projetoabelha.com.br\/wp-content\/uploads\/2020\/04\/abelha_cora\u00e7\u00e3o_amarelo-PA.jpg\" alt=\"\" class=\"wp-image-4544\" srcset=\"http:\/\/projetoabelha.com.br\/wp-content\/uploads\/2020\/04\/abelha_cora\u00e7\u00e3o_amarelo-PA.jpg 600w, http:\/\/projetoabelha.com.br\/wp-content\/uploads\/2020\/04\/abelha_cora\u00e7\u00e3o_amarelo-PA-300x285.jpg 300w\" sizes=\"(max-width: 600px) 100vw, 600px\" \/><\/figure><div class=\"wp-block-media-text__content\">\n<p><a href=\"https:\/\/web.facebook.com\/projetoabelha\/\">Facebook: Projeto Abelha<\/a><br><a href=\"https:\/\/www.instagram.com\/projetoabelha\/\">Instagram: @projetoabelha<\/a><\/p>\n<\/div><\/div>\n","protected":false},"excerpt":{"rendered":"<p>F\u00e1bulas&nbsp;s\u00e3o pequenas hist\u00f3rias que transmitem ensinamentos sobre a vida, pois abordam li\u00e7\u00f5es morais. A maior parte das f\u00e1bulas exp\u00f5e situa\u00e7\u00f5es corriqueiras, t\u00edpicas do dia-a-dia, mas s\u00e3o vivenciadas por animais. A f\u00e1bula \u201cO Lobo e o C\u00e3o\u201d \u00e9 creditada \u00e0&nbsp;Esopo&nbsp;(s\u00e9c. VI a.C), contador de hist\u00f3rias que ficou famoso como o primeiro criador de f\u00e1bulas, considerado o&hellip;<\/p>\n","protected":false},"author":1,"featured_media":4578,"parent":4438,"menu_order":9,"comment_status":"closed","ping_status":"closed","template":"","meta":[],"_links":{"self":[{"href":"http:\/\/projetoabelha.com.br\/index.php?rest_route=\/wp\/v2\/pages\/4577"}],"collection":[{"href":"http:\/\/projetoabelha.com.br\/index.php?rest_route=\/wp\/v2\/pages"}],"about":[{"href":"http:\/\/projetoabelha.com.br\/index.php?rest_route=\/wp\/v2\/types\/page"}],"author":[{"embeddable":true,"href":"http:\/\/projetoabelha.com.br\/index.php?rest_route=\/wp\/v2\/users\/1"}],"replies":[{"embeddable":true,"href":"http:\/\/projetoabelha.com.br\/index.php?rest_route=%2Fwp%2Fv2%2Fcomments&post=4577"}],"version-history":[{"count":2,"href":"http:\/\/projetoabelha.com.br\/index.php?rest_route=\/wp\/v2\/pages\/4577\/revisions"}],"predecessor-version":[{"id":4584,"href":"http:\/\/projetoabelha.com.br\/index.php?rest_route=\/wp\/v2\/pages\/4577\/revisions\/4584"}],"up":[{"embeddable":true,"href":"http:\/\/projetoabelha.com.br\/index.php?rest_route=\/wp\/v2\/pages\/4438"}],"wp:featuredmedia":[{"embeddable":true,"href":"http:\/\/projetoabelha.com.br\/index.php?rest_route=\/wp\/v2\/media\/4578"}],"wp:attachment":[{"href":"http:\/\/projetoabelha.com.br\/index.php?rest_route=%2Fwp%2Fv2%2Fmedia&parent=4577"}],"curies":[{"name":"wp","href":"https:\/\/api.w.org\/{rel}","templated":true}]}}