{"id":4585,"date":"2020-04-30T14:16:00","date_gmt":"2020-04-30T14:16:00","guid":{"rendered":"http:\/\/projetoabelha.com.br\/?page_id=4585"},"modified":"2020-04-30T14:35:12","modified_gmt":"2020-04-30T14:35:12","slug":"o-cervo-o-lobo-e-a-ovelha","status":"publish","type":"page","link":"http:\/\/projetoabelha.com.br\/?page_id=4585","title":{"rendered":"O cervo, o lobo e a ovelha"},"content":{"rendered":"\n<ul><li><a href=\"http:\/\/projetoabelha.com.br\/?page_id=4438\">F\u00e1bulas<\/a>\u00a0s\u00e3o pequenas hist\u00f3rias que transmitem ensinamentos sobre a vida, pois abordam li\u00e7\u00f5es morais. A maior parte das f\u00e1bulas exp\u00f5e situa\u00e7\u00f5es corriqueiras, t\u00edpicas do dia-a-dia, mas s\u00e3o vivenciadas por animais.<\/li><li>A f\u00e1bula \u201cO Cervo, o Lobo e a Ovelha\u201d \u00e9 creditada \u00e0\u00a0<a href=\"http:\/\/projetoabelha.com.br\/?page_id=4447\">Esopo<\/a>\u00a0(s\u00e9c. VI a.C), contador de hist\u00f3rias que ficou famoso como o primeiro criador de f\u00e1bulas, considerado o maior representante deste estilo liter\u00e1rio.<\/li><\/ul>\n\n\n\n<div class=\"wp-block-image\"><figure class=\"aligncenter size-large is-resized\"><img loading=\"lazy\" src=\"http:\/\/projetoabelha.com.br\/wp-content\/uploads\/2020\/04\/Young-Sheep.jpg\" alt=\"\" class=\"wp-image-4586\" width=\"359\" height=\"359\" srcset=\"http:\/\/projetoabelha.com.br\/wp-content\/uploads\/2020\/04\/Young-Sheep.jpg 650w, http:\/\/projetoabelha.com.br\/wp-content\/uploads\/2020\/04\/Young-Sheep-300x300.jpg 300w, http:\/\/projetoabelha.com.br\/wp-content\/uploads\/2020\/04\/Young-Sheep-150x150.jpg 150w\" sizes=\"(max-width: 359px) 100vw, 359px\" \/><\/figure><\/div>\n\n\n\n<p><\/p>\n\n\n\n<h4 class=\"has-luminous-vivid-orange-color has-text-color\">O cervo, o lobo e a ovelha<\/h4>\n\n\n\n<p><\/p>\n\n\n\n<p>Um Cervo, acompanhado de um Lobo, bateu \u00e0 porta da Ovelha cobrando falsamente uma certa quantidade de trigo que inventava haver lhe emprestado. <br>A Ovelha pensou em negar-lhe, denunciando a falsidade, mas ficou com receio devido \u00e0 presen\u00e7a do Lobo.<br>Assim, com dissimula\u00e7\u00e3o, lhe disse: <br>&#8211; Pe\u00e7o-te, por Deus, que esperes alguns dias e ent\u00e3o verificaremos nossas contas e eu te pagarei o quanto te dever. <br>O Cervo foi embora contente. Por\u00e9m, passado um tempo, se encontraram sem que o Lobo estivesse presente. A Ovelha, nessa ocasi\u00e3o, rejeitou a cobran\u00e7a dizendo que n\u00e3o devia trigo algum e que, portanto, nada lhe pagaria.<\/p>\n\n\n\n<p><\/p>\n\n\n\n<h4 class=\"has-luminous-vivid-orange-color has-text-color\">Moral da hist\u00f3ria\u2026<\/h4>\n\n\n\n<p><\/p>\n\n\n\n<p>\u00c9 preciso ser prudente e aguardar o melhor momento para nos defender. Se a ovelha tivesse dito a verdade na frente do lobo, certamente ele a recha\u00e7aria, por acreditar no cervo. Contudo, quando se encontrou sozinha com o cervo, rebateu sua mentira e ele nada pode fazer. <\/p>\n\n\n\n<p>Leia&nbsp;<a href=\"http:\/\/projetoabelha.com.br\/?page_id=4438\">aqui<\/a>&nbsp;uma breve defini\u00e7\u00e3o sobre f\u00e1bulas<br>Conhe\u00e7a a biografia resumida de&nbsp;<a href=\"http:\/\/projetoabelha.com.br\/?page_id=4447\">Esopo<\/a><\/p>\n\n\n\n<div class=\"wp-block-media-text alignwide is-stacked-on-mobile\" style=\"grid-template-columns:15% auto\"><figure class=\"wp-block-media-text__media\"><img loading=\"lazy\" width=\"600\" height=\"570\" src=\"http:\/\/projetoabelha.com.br\/wp-content\/uploads\/2020\/04\/abelha_cora\u00e7\u00e3o_amarelo-PA.jpg\" alt=\"\" class=\"wp-image-4544\" srcset=\"http:\/\/projetoabelha.com.br\/wp-content\/uploads\/2020\/04\/abelha_cora\u00e7\u00e3o_amarelo-PA.jpg 600w, http:\/\/projetoabelha.com.br\/wp-content\/uploads\/2020\/04\/abelha_cora\u00e7\u00e3o_amarelo-PA-300x285.jpg 300w\" sizes=\"(max-width: 600px) 100vw, 600px\" \/><\/figure><div class=\"wp-block-media-text__content\">\n<p><a href=\"https:\/\/web.facebook.com\/projetoabelha\/\">Facebook: Projeto Abelha<\/a><br><a href=\"https:\/\/www.instagram.com\/projetoabelha\/\">Instagram: @projetoabelha<\/a><\/p>\n<\/div><\/div>\n","protected":false},"excerpt":{"rendered":"<p>F\u00e1bulas\u00a0s\u00e3o pequenas hist\u00f3rias que transmitem ensinamentos sobre a vida, pois abordam li\u00e7\u00f5es morais. A maior parte das f\u00e1bulas exp\u00f5e situa\u00e7\u00f5es corriqueiras, t\u00edpicas do dia-a-dia, mas s\u00e3o vivenciadas por animais. A f\u00e1bula \u201cO Cervo, o Lobo e a Ovelha\u201d \u00e9 creditada \u00e0\u00a0Esopo\u00a0(s\u00e9c. VI a.C), contador de hist\u00f3rias que ficou famoso como o primeiro criador de f\u00e1bulas,&hellip;<\/p>\n","protected":false},"author":1,"featured_media":4586,"parent":4438,"menu_order":10,"comment_status":"closed","ping_status":"closed","template":"","meta":[],"_links":{"self":[{"href":"http:\/\/projetoabelha.com.br\/index.php?rest_route=\/wp\/v2\/pages\/4585"}],"collection":[{"href":"http:\/\/projetoabelha.com.br\/index.php?rest_route=\/wp\/v2\/pages"}],"about":[{"href":"http:\/\/projetoabelha.com.br\/index.php?rest_route=\/wp\/v2\/types\/page"}],"author":[{"embeddable":true,"href":"http:\/\/projetoabelha.com.br\/index.php?rest_route=\/wp\/v2\/users\/1"}],"replies":[{"embeddable":true,"href":"http:\/\/projetoabelha.com.br\/index.php?rest_route=%2Fwp%2Fv2%2Fcomments&post=4585"}],"version-history":[{"count":2,"href":"http:\/\/projetoabelha.com.br\/index.php?rest_route=\/wp\/v2\/pages\/4585\/revisions"}],"predecessor-version":[{"id":4596,"href":"http:\/\/projetoabelha.com.br\/index.php?rest_route=\/wp\/v2\/pages\/4585\/revisions\/4596"}],"up":[{"embeddable":true,"href":"http:\/\/projetoabelha.com.br\/index.php?rest_route=\/wp\/v2\/pages\/4438"}],"wp:featuredmedia":[{"embeddable":true,"href":"http:\/\/projetoabelha.com.br\/index.php?rest_route=\/wp\/v2\/media\/4586"}],"wp:attachment":[{"href":"http:\/\/projetoabelha.com.br\/index.php?rest_route=%2Fwp%2Fv2%2Fmedia&parent=4585"}],"curies":[{"name":"wp","href":"https:\/\/api.w.org\/{rel}","templated":true}]}}