{"id":4612,"date":"2020-05-01T01:04:55","date_gmt":"2020-05-01T01:04:55","guid":{"rendered":"http:\/\/projetoabelha.com.br\/?page_id=4612"},"modified":"2020-05-01T01:04:56","modified_gmt":"2020-05-01T01:04:56","slug":"o-leao-a-vaca-a-cabra-e-a-ovelha","status":"publish","type":"page","link":"http:\/\/projetoabelha.com.br\/?page_id=4612","title":{"rendered":"O Le\u00e3o, a Vaca, a Cabra e a Ovelha"},"content":{"rendered":"\n<ul><li><a href=\"http:\/\/projetoabelha.com.br\/?page_id=4438\">F\u00e1bulas<\/a>\u00a0s\u00e3o pequenas hist\u00f3rias que transmitem ensinamentos sobre a vida, pois abordam li\u00e7\u00f5es morais. A maior parte das f\u00e1bulas exp\u00f5e situa\u00e7\u00f5es corriqueiras, t\u00edpicas do dia-a-dia, mas s\u00e3o vivenciadas por animais.<\/li><li>A f\u00e1bula \u201cO Le\u00e3o, a Vaca, a Cabra e a Ovelha\u201d \u00e9 creditada \u00e0\u00a0<a href=\"http:\/\/projetoabelha.com.br\/?page_id=4447\">Esopo<\/a>\u00a0(s\u00e9c. VI a.C), contador de hist\u00f3rias que ficou famoso como o primeiro criador de f\u00e1bulas, considerado o maior representante deste estilo liter\u00e1rio<\/li><\/ul>\n\n\n\n<div class=\"wp-block-image\"><figure class=\"aligncenter size-large is-resized\"><img loading=\"lazy\" src=\"http:\/\/projetoabelha.com.br\/wp-content\/uploads\/2020\/05\/Roaring-lion-Cat-Finnie.jpg\" alt=\"\" class=\"wp-image-4614\" width=\"300\" height=\"300\" srcset=\"http:\/\/projetoabelha.com.br\/wp-content\/uploads\/2020\/05\/Roaring-lion-Cat-Finnie.jpg 300w, http:\/\/projetoabelha.com.br\/wp-content\/uploads\/2020\/05\/Roaring-lion-Cat-Finnie-150x150.jpg 150w\" sizes=\"(max-width: 300px) 100vw, 300px\" \/><\/figure><\/div>\n\n\n\n<h4 class=\"has-luminous-vivid-orange-color has-text-color\">O Le\u00e3o, a Vaca, a Cabra e a Ovelha<\/h4>\n\n\n\n<p><\/p>\n\n\n\n<p>Combinaram entre si, um Le\u00e3o, uma Vaca, uma Cabra e uma Ovelha ca\u00e7arem juntos e repartirem o ganho. Assim, caminharam lado a lado e encontraram um Veado. Correram e fizeram-lhe um cerco e, depois de muito esfor\u00e7o, o derrubaram e o mataram. <br>Um tanto cansados, juntaram-se em torno da presa e a repartiram em quatro partes iguais. Feito isso, o Le\u00e3o tomou uma parte e disse: <br>&#8211; Esta parte \u00e9 minha, conforme o combinado. <br>A seguir, pegou outra parte e disse: <br>&#8211; Esta outra me pertence porque sou o mais valente de todos. <br>Puxou uma terceira parte e disse: <br>&#8211; Esta tamb\u00e9m \u00e9 para mim porque eu sou o rei dos animais e, advirto, quem na quarta parte mexer, considere-se por mim desafiado. <br>Assim, levou todas as partes, ficando os parceiros se achando enganados ao mesmo tempo que frustrados, mas se conformaram porque eram desiguais em for\u00e7as comparados ao Le\u00e3o.<\/p>\n\n\n\n<p><\/p>\n\n\n\n<h4 class=\"has-luminous-vivid-orange-color has-text-color\">Moral da Hist\u00f3ria&#8230;<\/h4>\n\n\n\n<p><\/p>\n\n\n\n<p>Cada um com seu igual, pois quem trava amizade com maior, o trabalho \u00e9 sempre do mais fraco e a honra \u00e9 proveito do mais poderoso.<\/p>\n\n\n\n<p>Leia\u00a0<a href=\"http:\/\/projetoabelha.com.br\/?page_id=4438\">aqui<\/a>\u00a0uma breve defini\u00e7\u00e3o sobre f\u00e1bulas<br>Conhe\u00e7a a biografia resumida de\u00a0<a href=\"http:\/\/projetoabelha.com.br\/?page_id=4447\">Esopo<\/a><\/p>\n\n\n\n<div class=\"wp-block-media-text alignwide is-stacked-on-mobile\" style=\"grid-template-columns:15% auto\"><figure class=\"wp-block-media-text__media\"><img loading=\"lazy\" width=\"600\" height=\"570\" src=\"http:\/\/projetoabelha.com.br\/wp-content\/uploads\/2020\/04\/abelha_cora\u00e7\u00e3o_amarelo-PA.jpg\" alt=\"\" class=\"wp-image-4544\" srcset=\"http:\/\/projetoabelha.com.br\/wp-content\/uploads\/2020\/04\/abelha_cora\u00e7\u00e3o_amarelo-PA.jpg 600w, http:\/\/projetoabelha.com.br\/wp-content\/uploads\/2020\/04\/abelha_cora\u00e7\u00e3o_amarelo-PA-300x285.jpg 300w\" sizes=\"(max-width: 600px) 100vw, 600px\" \/><\/figure><div class=\"wp-block-media-text__content\">\n<p><a href=\"https:\/\/web.facebook.com\/projetoabelha\/\">Facebook: Projeto Abelha<\/a><br><a href=\"https:\/\/www.instagram.com\/projetoabelha\/\">Instagram: @projetoabelha<\/a><\/p>\n<\/div><\/div>\n","protected":false},"excerpt":{"rendered":"<p>F\u00e1bulas\u00a0s\u00e3o pequenas hist\u00f3rias que transmitem ensinamentos sobre a vida, pois abordam li\u00e7\u00f5es morais. A maior parte das f\u00e1bulas exp\u00f5e situa\u00e7\u00f5es corriqueiras, t\u00edpicas do dia-a-dia, mas s\u00e3o vivenciadas por animais. A f\u00e1bula \u201cO Le\u00e3o, a Vaca, a Cabra e a Ovelha\u201d \u00e9 creditada \u00e0\u00a0Esopo\u00a0(s\u00e9c. VI a.C), contador de hist\u00f3rias que ficou famoso como o primeiro criador&hellip;<\/p>\n","protected":false},"author":1,"featured_media":4614,"parent":4438,"menu_order":1,"comment_status":"closed","ping_status":"closed","template":"","meta":[],"_links":{"self":[{"href":"http:\/\/projetoabelha.com.br\/index.php?rest_route=\/wp\/v2\/pages\/4612"}],"collection":[{"href":"http:\/\/projetoabelha.com.br\/index.php?rest_route=\/wp\/v2\/pages"}],"about":[{"href":"http:\/\/projetoabelha.com.br\/index.php?rest_route=\/wp\/v2\/types\/page"}],"author":[{"embeddable":true,"href":"http:\/\/projetoabelha.com.br\/index.php?rest_route=\/wp\/v2\/users\/1"}],"replies":[{"embeddable":true,"href":"http:\/\/projetoabelha.com.br\/index.php?rest_route=%2Fwp%2Fv2%2Fcomments&post=4612"}],"version-history":[{"count":3,"href":"http:\/\/projetoabelha.com.br\/index.php?rest_route=\/wp\/v2\/pages\/4612\/revisions"}],"predecessor-version":[{"id":4616,"href":"http:\/\/projetoabelha.com.br\/index.php?rest_route=\/wp\/v2\/pages\/4612\/revisions\/4616"}],"up":[{"embeddable":true,"href":"http:\/\/projetoabelha.com.br\/index.php?rest_route=\/wp\/v2\/pages\/4438"}],"wp:featuredmedia":[{"embeddable":true,"href":"http:\/\/projetoabelha.com.br\/index.php?rest_route=\/wp\/v2\/media\/4614"}],"wp:attachment":[{"href":"http:\/\/projetoabelha.com.br\/index.php?rest_route=%2Fwp%2Fv2%2Fmedia&parent=4612"}],"curies":[{"name":"wp","href":"https:\/\/api.w.org\/{rel}","templated":true}]}}