{"id":4822,"date":"2020-08-03T20:36:42","date_gmt":"2020-08-03T20:36:42","guid":{"rendered":"http:\/\/projetoabelha.com.br\/?page_id=4822"},"modified":"2021-04-07T23:45:47","modified_gmt":"2021-04-07T23:45:47","slug":"trava-linguas","status":"publish","type":"page","link":"http:\/\/projetoabelha.com.br\/?page_id=4822","title":{"rendered":"Trava-l\u00ednguas"},"content":{"rendered":"\n<ul><li>O trava-l\u00ednguas, assim como as adivinhas, as parlendas, cantigas de roda, e quadrinhas s\u00e3o textos populares e fazem parte da tradi\u00e7\u00e3o oral brasileira, ou seja, foram criados para ser falados. N\u00e3o se sabe quem os inventou, foram passados de gera\u00e7\u00e3o para gera\u00e7\u00e3o, de boca em boca, por isso, s\u00e3o de dom\u00ednio p\u00fablico.<\/li><\/ul>\n\n\n\n<p><\/p>\n\n\n\n<div class=\"wp-block-image\"><figure class=\"aligncenter size-large is-resized\"><img loading=\"lazy\" src=\"http:\/\/projetoabelha.com.br\/wp-content\/uploads\/2020\/08\/Trava-linguas-PA-1024x1024.jpeg\" alt=\"\" class=\"wp-image-4847\" width=\"348\" height=\"348\" srcset=\"http:\/\/projetoabelha.com.br\/wp-content\/uploads\/2020\/08\/Trava-linguas-PA-1024x1024.jpeg 1024w, http:\/\/projetoabelha.com.br\/wp-content\/uploads\/2020\/08\/Trava-linguas-PA-300x300.jpeg 300w, http:\/\/projetoabelha.com.br\/wp-content\/uploads\/2020\/08\/Trava-linguas-PA-150x150.jpeg 150w, http:\/\/projetoabelha.com.br\/wp-content\/uploads\/2020\/08\/Trava-linguas-PA-768x768.jpeg 768w, http:\/\/projetoabelha.com.br\/wp-content\/uploads\/2020\/08\/Trava-linguas-PA.jpeg 1280w\" sizes=\"(max-width: 348px) 100vw, 348px\" \/><\/figure><\/div>\n\n\n\n<p><\/p>\n\n\n\n<p><\/p>\n\n\n\n<div class=\"wp-block-columns\">\n<div class=\"wp-block-column\">\n<h4 class=\"has-luminous-vivid-orange-color has-text-color\">O Rato e a Rosa Rita<\/h4>\n\n\n\n<p>&#8220;O rato roeu a roupa do rei de Roma,<br>O rato roeu a roupa do rei da Russia, <br>O rato roeu a roupa do rodovalho&#8230;<br>O rato a roer ro\u00eda.<br>E a rosa do rita ramalho<br>Do rato a roer se ria.&#8221;<\/p>\n<\/div>\n\n\n\n<div class=\"wp-block-column\">\n<h4 class=\"has-luminous-vivid-orange-color has-text-color\">A pia perto do pinto<\/h4>\n\n\n\n<p>&#8220;O pinto perto da pia.<br>Tanto mais a pia pinga,<br>Mais o pinto pia&#8230;<br>A pia pinga,<br>O pinto pia,<br>Pia pinto.<br>O pinto perto da pia,<br>A pia perto do pinto.&#8221;<br><\/p>\n<\/div>\n<\/div>\n\n\n\n<p><\/p>\n\n\n\n<p><\/p>\n\n\n\n<div class=\"wp-block-columns\">\n<div class=\"wp-block-column\">\n<h4 class=\"has-luminous-vivid-orange-color has-text-color\">Retreta<\/h4>\n\n\n\n<p>&#8220;Quando toca a retreta<br>Na pra\u00e7a repleta<br>Se cala o trombone<br>Se toca a trombeta.&#8221;<\/p>\n<\/div>\n\n\n\n<div class=\"wp-block-column\">\n<h4 class=\"has-luminous-vivid-orange-color has-text-color\">Tatu<\/h4>\n\n\n\n<p>Aloh, o tau tai?<br>Nao, o tstu num tah.<br>Mas a mulher do tatu tando<br>Eh o mesmo que o tatu tah.<\/p>\n<\/div>\n<\/div>\n\n\n\n<p><\/p>\n\n\n\n<p><\/p>\n\n\n\n<div class=\"wp-block-columns\">\n<div class=\"wp-block-column\">\n<h4 class=\"has-luminous-vivid-orange-color has-text-color\">Gato<\/h4>\n\n\n\n<p>&#8220;Gato escondido<br>Com rato de fora<br>Tah mais escondido<br>Que rabo escondido<br>Com gato de fora.&#8221;<\/p>\n<\/div>\n\n\n\n<div class=\"wp-block-column\">\n<h4 class=\"has-luminous-vivid-orange-color has-text-color\">Tempo<\/h4>\n\n\n\n<p>&#8220;O tempo perguntou para o tempo<br>Quanto tempo o tempo tem.<br>O tempo respondeu pro tempo<br>Que o tempo tem tanto tempo<br>Quanto o tempo o tempo tem.&#8221;<\/p>\n<\/div>\n<\/div>\n\n\n\n<p><\/p>\n\n\n\n<p><\/p>\n\n\n\n<div class=\"wp-block-columns\">\n<div class=\"wp-block-column\">\n<h4 class=\"has-luminous-vivid-orange-color has-text-color\">Pardal pardo<\/h4>\n\n\n\n<p>&#8220;Pardal pardo, por que palras?<br>Palro sempre e sempre palrarei,<br>Porque sou o pardal pardo,<br>O palrador d&#8217;el&#8217;rei.&#8221;<\/p>\n<\/div>\n\n\n\n<div class=\"wp-block-column\">\n<h4 class=\"has-luminous-vivid-orange-color has-text-color\">O sapo no saco<\/h4>\n\n\n\n<p>&#8220;Olha o sapo dentro do saco,<br>O saco com o sapo dentro,<br>O sapo batendo papo<br>E o sapo soltando vento.&#8221;<\/p>\n<\/div>\n<\/div>\n\n\n\n<p><\/p>\n\n\n\n<p><\/p>\n\n\n\n<div class=\"wp-block-columns\">\n<div class=\"wp-block-column\">\n<h4 class=\"has-luminous-vivid-orange-color has-text-color\">Tigres tristes<\/h4>\n\n\n\n<p>&#8220;Tr\u00eas pratos<br>de trigo<br>Para tr\u00eas tigres<br>tristes.&#8221;<\/p>\n<\/div>\n\n\n\n<div class=\"wp-block-column\">\n<h4 class=\"has-luminous-vivid-orange-color has-text-color\">Pedro<\/h4>\n\n\n\n<p>&#8220;Se o Pedro ee preto<br>O peito do Pedro ee preto<br>E o pito do pe do Pedro<br>ee preto.&#8221;<\/p>\n<\/div>\n<\/div>\n\n\n\n<p><\/p>\n\n\n\n<p><\/p>\n\n\n\n<div class=\"wp-block-columns\">\n<div class=\"wp-block-column\">\n<h4 class=\"has-luminous-vivid-orange-color has-text-color\">Pintor Portugu\u00eas<\/h4>\n\n\n\n<p>&#8220;Paulo Pereira Pinto Peixoto,<br>Pobre pintor portugu\u00eas,<br>Pinta perfeitamente<br>Portas, paredes e pias<br>Por parco pre\u00e7o, patr\u00e3o.&#8221;<br><\/p>\n<\/div>\n\n\n\n<div class=\"wp-block-column\">\n<h4 class=\"has-luminous-vivid-orange-color has-text-color\">Ninho de Mafagafos<\/h4>\n\n\n\n<p>&#8220;Num ninho de mafagafos<br>Ha cinco mafagafinhos.<br>Quem os desmafagafizar,<br>Bom desamafagafizador seraa.&#8221;<\/p>\n<\/div>\n<\/div>\n\n\n\n<p><\/p>\n\n\n\n<p><\/p>\n\n\n\n<div class=\"wp-block-columns\">\n<div class=\"wp-block-column\">\n<h4 class=\"has-luminous-vivid-orange-color has-text-color\">Ze e <\/h4>\n\n\n\n<p>&#8220;Ze e<br>Catiribe<br>Seja matute<br>De firifife.&#8221;<\/p>\n<\/div>\n\n\n\n<div class=\"wp-block-column\">\n<h4 class=\"has-luminous-vivid-orange-color has-text-color\">Sabia<\/h4>\n\n\n\n<p>&#8220;Voc\u00ea sabia<br>Que o s\u00e1bio sabia<br>Sabia assobiar?&#8221;<\/p>\n<\/div>\n<\/div>\n\n\n\n<p><\/p>\n\n\n\n<p><\/p>\n\n\n\n<div class=\"wp-block-columns\">\n<div class=\"wp-block-column\">\n<h4 class=\"has-luminous-vivid-orange-color has-text-color\">Pato paco<\/h4>\n\n\n\n<p>&#8220;Pato paco<br>Ou paco pato<br>Pacato<br>Pataco atacaa<br>Pagou o pato,<br>Pobre pato paco<br>Ou paco pato?&#8221;<br><\/p>\n<\/div>\n\n\n\n<div class=\"wp-block-column\">\n<h4 class=\"has-luminous-vivid-orange-color has-text-color\">O velho<\/h4>\n\n\n\n<p>&#8220;Por aquela serra acima<br>Vai um velho seco e peco.<br>&#8211; Oh, seu velho seco e peco!<br>Este cepo seco ee seu?&#8221;<\/p>\n<\/div>\n<\/div>\n\n\n\n<p><\/p>\n\n\n\n<p><\/p>\n\n\n\n<p><\/p>\n\n\n\n<div class=\"wp-block-columns\">\n<div class=\"wp-block-column\">\n<p>&#8220;A baba boa bebeu<br>O leite do bebe<br>Farofa feita<br>Com muita farinha fofa<br>Faz uma fofoca feia.&#8221;<\/p>\n<\/div>\n\n\n\n<div class=\"wp-block-column\">\n<p>&#8220;A rosa perguntou aa rosa<br>Qual era a rosa mais rosa.<br>A rosa respondeu aa rosa<br>Que a rosa mais rosa<br>Era a rosa cor-de-rosa.&#8221;<\/p>\n<\/div>\n<\/div>\n\n\n\n<p><\/p>\n\n\n\n<p><\/p>\n\n\n\n<div class=\"wp-block-columns\">\n<div class=\"wp-block-column\">\n<p>&#8220;Alice disse que eu disse<br>Que ela disse<br>Que o que eu disse<br>Era um pocco de tolice.<br>Mas eu disse que n\u00e3o disse<br>O que ela disse<br>Que eu disse que ela disse<br>E quem fez o disse disse<br>Foi a Dona Berenice.&#8221;<br><\/p>\n<\/div>\n\n\n\n<div class=\"wp-block-column\">\n<p>&#8220;O doce perguntou pro doce<br>Qual ee o doce mais doce<br>Que o doce de batata-doce.<br>O doce repondeu pro doce<br>Que o doce mais doce<br>Que o doce de batata-doce<br>Ee o doce de doce de<br>Batata-doce.&#8221;<\/p>\n<\/div>\n<\/div>\n\n\n\n<p><\/p>\n\n\n\n<p><\/p>\n\n\n\n<div class=\"wp-block-columns\">\n<div class=\"wp-block-column\">\n<p>&#8220;O bispo de Constantinopla<br>Quer se desconstantinopolizar<br>Quem conseguir<br>Desconstantinopolizar<br>O bispo de Constantinopla<br>Bom desconstantinopolizador seraa.&#8221;<br><\/p>\n<\/div>\n\n\n\n<div class=\"wp-block-column\">\n<p>&#8220;Uma folha verdelonga<br>Quem desverdolengar<br>Bom desverdolengador seraa.<br>Eu, como desverdolenguei<br>Bom desverdolengador serei.&#8221;<\/p>\n<\/div>\n<\/div>\n\n\n\n<p><\/p>\n\n\n\n<p><\/p>\n\n\n\n<div class=\"wp-block-columns\">\n<div class=\"wp-block-column\">\n<p>&#8220;Galinha que cisca muito<br>Borra tudo e quebra o caco,<br>Pois agora voc\u00ea diga certo,<br>Sem fazer buraco:<br>Aranha arranhando o jarro<br>E o sapo socando o saco.<br>Aa sombra da amoreira<br>Dora namora.<br>No ramo da goiabeira<br>A cigarra mora.<br>No alto da torre<br>Sonha Carolina.<br>Debaixo da parreira<br>Brinca Marina.&#8221;<br><\/p>\n<\/div>\n\n\n\n<div class=\"wp-block-column\">\n<p>&#8220;Disseram que na minha rua<br>Tem paralelep\u00edpedo feito<br>De paralelogramos.<br>Seis paralelogramos<br>Tem um paralelep\u00edpedo.<br>Mil paralelep\u00edpedos<br>Tem uma paralelep\u00edpedovia.<br>Uma paralelep\u00edpedovia<br>Tem mil paralelogramos.<br>Ent\u00e3o uma paralelep\u00edpedovia<br>Ee uma paralelogramolandia?<\/p>\n<\/div>\n<\/div>\n","protected":false},"excerpt":{"rendered":"<p>O trava-l\u00ednguas, assim como as adivinhas, as parlendas, cantigas de roda, e quadrinhas s\u00e3o textos populares e fazem parte da tradi\u00e7\u00e3o oral brasileira, ou seja, foram criados para ser falados. N\u00e3o se sabe quem os inventou, foram passados de gera\u00e7\u00e3o para gera\u00e7\u00e3o, de boca em boca, por isso, s\u00e3o de dom\u00ednio p\u00fablico. O Rato e&hellip;<\/p>\n","protected":false},"author":1,"featured_media":4847,"parent":0,"menu_order":0,"comment_status":"closed","ping_status":"closed","template":"","meta":[],"_links":{"self":[{"href":"http:\/\/projetoabelha.com.br\/index.php?rest_route=\/wp\/v2\/pages\/4822"}],"collection":[{"href":"http:\/\/projetoabelha.com.br\/index.php?rest_route=\/wp\/v2\/pages"}],"about":[{"href":"http:\/\/projetoabelha.com.br\/index.php?rest_route=\/wp\/v2\/types\/page"}],"author":[{"embeddable":true,"href":"http:\/\/projetoabelha.com.br\/index.php?rest_route=\/wp\/v2\/users\/1"}],"replies":[{"embeddable":true,"href":"http:\/\/projetoabelha.com.br\/index.php?rest_route=%2Fwp%2Fv2%2Fcomments&post=4822"}],"version-history":[{"count":11,"href":"http:\/\/projetoabelha.com.br\/index.php?rest_route=\/wp\/v2\/pages\/4822\/revisions"}],"predecessor-version":[{"id":5555,"href":"http:\/\/projetoabelha.com.br\/index.php?rest_route=\/wp\/v2\/pages\/4822\/revisions\/5555"}],"wp:featuredmedia":[{"embeddable":true,"href":"http:\/\/projetoabelha.com.br\/index.php?rest_route=\/wp\/v2\/media\/4847"}],"wp:attachment":[{"href":"http:\/\/projetoabelha.com.br\/index.php?rest_route=%2Fwp%2Fv2%2Fmedia&parent=4822"}],"curies":[{"name":"wp","href":"https:\/\/api.w.org\/{rel}","templated":true}]}}